{"id":715,"date":"2021-09-22T15:03:57","date_gmt":"2021-09-22T15:03:57","guid":{"rendered":"https:\/\/www.hotel-louis2.com\/bienvenue-a-lhotel-louis-ii\/"},"modified":"2023-06-15T14:03:52","modified_gmt":"2023-06-15T14:03:52","slug":"bienvenue-a-lhotel-louis-ii","status":"publish","type":"page","link":"https:\/\/www.hotel-louis2.com\/de\/bienvenue-a-lhotel-louis-ii\/","title":{"rendered":"H\u00f4tel Louis II Paris"},"content":{"rendered":"<p style=\"text-align: justify;\"><span data-sheets-value=\"{&quot;1&quot;:2,&quot;2&quot;:&quot;Das Hotel Louis II hei\u00dft Sie im Herzen des historischen Viertels Saint-Germain-des-Pr\u00e9s im 6. Bezirk von Paris willkommen. Das Hotel Louis II wird Sie durch seine au\u00dfergew\u00f6hnliche Lage in einem kleinen Dorf mitten im Zentrum von Paris verzaubern, wo Kultur und Geschichte verschmelzen. In dem zeitlosen Viertel Saint-Germain-des-Pr\u00e9s am linken Seineufer mit K\u00fcnstlern, Intellektuellen, sch\u00f6nen Gesch\u00e4ften und historischen Denkm\u00e4lern werden Ihnen nie die Ideen f\u00fcr Besichtigungen ausgehen ...&quot;}\" data-sheets-userformat=\"{&quot;2&quot;:4496,&quot;7&quot;:{&quot;1&quot;:[{&quot;1&quot;:2,&quot;2&quot;:0,&quot;5&quot;:{&quot;1&quot;:2,&quot;2&quot;:16777215}},{&quot;1&quot;:0,&quot;2&quot;:0,&quot;3&quot;:3},{&quot;1&quot;:1,&quot;2&quot;:0,&quot;4&quot;:1}]},&quot;10&quot;:2,&quot;11&quot;:4,&quot;15&quot;:&quot;Arial&quot;}\">Das Hotel Louis II hei\u00dft Sie im Herzen des <strong>historischen Viertels Saint-Germain-des-Pr\u00e9s<\/strong> im 6. Bezirk von Paris willkommen. Das Hotel Louis II wird Sie durch seine au\u00dfergew\u00f6hnliche Lage in <strong>einem kleinen Dorf<\/strong> mitten im Zentrum von Paris verzaubern, wo Kultur und Geschichte verschmelzen. In dem zeitlosen Viertel Saint-Germain-des-Pr\u00e9s am linken Seineufer mit K\u00fcnstlern, Intellektuellen, sch\u00f6nen Gesch\u00e4ften und historischen Denkm\u00e4lern werden Ihnen nie die Ideen f\u00fcr Besichtigungen ausgehen &#8230;<\/span><\/p>\n<p><span data-sheets-value=\"{&quot;1&quot;:2,&quot;2&quot;:&quot;Das frisch renovierte Hotel Louis II ist ein echtes Kleinod, in dem jeder Besucher individuell behandelt wird. Unsere Mitarbeiter verw\u00f6hnen Sie gerne, damit Ihr Aufenthalt in Paris zu einem unvergesslichen Erlebnis wird.&quot;}\" data-sheets-userformat=\"{&quot;2&quot;:4496,&quot;7&quot;:{&quot;1&quot;:[{&quot;1&quot;:2,&quot;2&quot;:0,&quot;5&quot;:{&quot;1&quot;:2,&quot;2&quot;:16777215}},{&quot;1&quot;:0,&quot;2&quot;:0,&quot;3&quot;:3},{&quot;1&quot;:1,&quot;2&quot;:0,&quot;4&quot;:1}]},&quot;10&quot;:2,&quot;11&quot;:4,&quot;15&quot;:&quot;Arial&quot;}\"><strong>Das frisch renovierte<\/strong> Hotel Louis II ist ein<strong> echtes Kleinod<\/strong>, in dem jeder Besucher individuell behandelt wird. Unsere Mitarbeiter verw\u00f6hnen Sie gerne, damit Ihr Aufenthalt in Paris zu einem <strong>unvergesslichen<\/strong> Erlebnis wird.<\/span><\/p>\n","protected":false},"excerpt":{"rendered":"<p>Das Hotel Louis II hei\u00dft Sie im Herzen des historischen Viertels Saint-Germain-des-Pr\u00e9s im 6. Bezirk von Paris willkommen. Das Hotel Louis II wird Sie durch seine au\u00dfergew\u00f6hnliche Lage in einem kleinen Dorf mitten im Zentrum von Paris verzaubern, wo Kultur und Geschichte verschmelzen. In dem zeitlosen Viertel Saint-Germain-des-Pr\u00e9s am linken Seineufer mit K\u00fcnstlern, Intellektuellen, sch\u00f6nen [&hellip;]<\/p>\n","protected":false},"author":60,"featured_media":0,"parent":0,"menu_order":0,"comment_status":"closed","ping_status":"closed","template":"","meta":{"footnotes":""},"class_list":["post-715","page","type-page","status-publish","hentry"],"yoast_head":"<!-- This site is optimized with the Yoast SEO plugin v26.9 - https:\/\/yoast.com\/product\/yoast-seo-wordpress\/ -->\n<title>H\u00f4tel Louis II | Paris 6e | H\u00f4tel de Charme Saint Germain des Pr\u00e8s<\/title>\n<meta name=\"description\" content=\"S\u00e9journez dans au Louis II ****, h\u00f4tel de charme au c\u0153ur de Saint Germain des Pr\u00e9s. Exp\u00e9rience inoubliable garantie. R\u00e9servez d\u00e8s maintenant !\" \/>\n<meta name=\"robots\" content=\"index, follow, max-snippet:-1, max-image-preview:large, max-video-preview:-1\" \/>\n<link rel=\"canonical\" href=\"https:\/\/www.hotel-louis2.com\/de\/bienvenue-a-lhotel-louis-ii\/\" \/>\n<meta property=\"og:locale\" content=\"de_DE\" \/>\n<meta property=\"og:type\" content=\"article\" \/>\n<meta property=\"og:title\" content=\"H\u00f4tel Louis II | Paris 6e | H\u00f4tel de Charme Saint Germain des Pr\u00e8s\" \/>\n<meta property=\"og:description\" content=\"S\u00e9journez dans au Louis II ****, h\u00f4tel de charme au c\u0153ur de Saint Germain des Pr\u00e9s. Exp\u00e9rience inoubliable garantie. R\u00e9servez d\u00e8s maintenant !\" \/>\n<meta property=\"og:url\" content=\"https:\/\/www.hotel-louis2.com\/de\/bienvenue-a-lhotel-louis-ii\/\" \/>\n<meta property=\"og:site_name\" content=\"H\u00f4tel Louis 2\" \/>\n<meta property=\"article:modified_time\" content=\"2023-06-15T14:03:52+00:00\" \/>\n<meta name=\"twitter:card\" content=\"summary_large_image\" \/>\n<meta name=\"twitter:label1\" content=\"Gesch\u00e4tzte Lesezeit\" \/>\n\t<meta name=\"twitter:data1\" content=\"1 Minute\" \/>\n<script type=\"application\/ld+json\" class=\"yoast-schema-graph\">{\"@context\":\"https:\/\/schema.org\",\"@graph\":[{\"@type\":\"WebPage\",\"@id\":\"https:\/\/www.hotel-louis2.com\/de\/bienvenue-a-lhotel-louis-ii\/\",\"url\":\"https:\/\/www.hotel-louis2.com\/de\/bienvenue-a-lhotel-louis-ii\/\",\"name\":\"H\u00f4tel Louis II | Paris 6e | H\u00f4tel de Charme Saint Germain des Pr\u00e8s\",\"isPartOf\":{\"@id\":\"https:\/\/www.hotel-louis2.com\/de\/#website\"},\"datePublished\":\"2021-09-22T15:03:57+00:00\",\"dateModified\":\"2023-06-15T14:03:52+00:00\",\"description\":\"S\u00e9journez dans au Louis II ****, h\u00f4tel de charme au c\u0153ur de Saint Germain des Pr\u00e9s. Exp\u00e9rience inoubliable garantie. R\u00e9servez d\u00e8s maintenant !\",\"breadcrumb\":{\"@id\":\"https:\/\/www.hotel-louis2.com\/de\/bienvenue-a-lhotel-louis-ii\/#breadcrumb\"},\"inLanguage\":\"de-DE\",\"potentialAction\":[{\"@type\":\"ReadAction\",\"target\":[\"https:\/\/www.hotel-louis2.com\/de\/bienvenue-a-lhotel-louis-ii\/\"]}]},{\"@type\":\"BreadcrumbList\",\"@id\":\"https:\/\/www.hotel-louis2.com\/de\/bienvenue-a-lhotel-louis-ii\/#breadcrumb\",\"itemListElement\":[{\"@type\":\"ListItem\",\"position\":1,\"name\":\"Home\",\"item\":\"https:\/\/www.hotel-louis2.com\/de\/hotel-louis-ii-paris\/\"},{\"@type\":\"ListItem\",\"position\":2,\"name\":\"H\u00f4tel Louis II Paris\"}]},{\"@type\":\"WebSite\",\"@id\":\"https:\/\/www.hotel-louis2.com\/de\/#website\",\"url\":\"https:\/\/www.hotel-louis2.com\/de\/\",\"name\":\"H\u00f4tel Louis 2\",\"description\":\"Just another ms.decms.eu site\",\"potentialAction\":[{\"@type\":\"SearchAction\",\"target\":{\"@type\":\"EntryPoint\",\"urlTemplate\":\"https:\/\/www.hotel-louis2.com\/de\/?s={search_term_string}\"},\"query-input\":{\"@type\":\"PropertyValueSpecification\",\"valueRequired\":true,\"valueName\":\"search_term_string\"}}],\"inLanguage\":\"de-DE\"}]}<\/script>\n<!-- \/ Yoast SEO plugin. -->","yoast_head_json":{"title":"H\u00f4tel Louis II | Paris 6e | H\u00f4tel de Charme Saint Germain des Pr\u00e8s","description":"S\u00e9journez dans au Louis II ****, h\u00f4tel de charme au c\u0153ur de Saint Germain des Pr\u00e9s. Exp\u00e9rience inoubliable garantie. R\u00e9servez d\u00e8s maintenant !","robots":{"index":"index","follow":"follow","max-snippet":"max-snippet:-1","max-image-preview":"max-image-preview:large","max-video-preview":"max-video-preview:-1"},"canonical":"https:\/\/www.hotel-louis2.com\/de\/bienvenue-a-lhotel-louis-ii\/","og_locale":"de_DE","og_type":"article","og_title":"H\u00f4tel Louis II | Paris 6e | H\u00f4tel de Charme Saint Germain des Pr\u00e8s","og_description":"S\u00e9journez dans au Louis II ****, h\u00f4tel de charme au c\u0153ur de Saint Germain des Pr\u00e9s. Exp\u00e9rience inoubliable garantie. R\u00e9servez d\u00e8s maintenant !","og_url":"https:\/\/www.hotel-louis2.com\/de\/bienvenue-a-lhotel-louis-ii\/","og_site_name":"H\u00f4tel Louis 2","article_modified_time":"2023-06-15T14:03:52+00:00","twitter_card":"summary_large_image","twitter_misc":{"Gesch\u00e4tzte Lesezeit":"1 Minute"},"schema":{"@context":"https:\/\/schema.org","@graph":[{"@type":"WebPage","@id":"https:\/\/www.hotel-louis2.com\/de\/bienvenue-a-lhotel-louis-ii\/","url":"https:\/\/www.hotel-louis2.com\/de\/bienvenue-a-lhotel-louis-ii\/","name":"H\u00f4tel Louis II | Paris 6e | H\u00f4tel de Charme Saint Germain des Pr\u00e8s","isPartOf":{"@id":"https:\/\/www.hotel-louis2.com\/de\/#website"},"datePublished":"2021-09-22T15:03:57+00:00","dateModified":"2023-06-15T14:03:52+00:00","description":"S\u00e9journez dans au Louis II ****, h\u00f4tel de charme au c\u0153ur de Saint Germain des Pr\u00e9s. Exp\u00e9rience inoubliable garantie. R\u00e9servez d\u00e8s maintenant !","breadcrumb":{"@id":"https:\/\/www.hotel-louis2.com\/de\/bienvenue-a-lhotel-louis-ii\/#breadcrumb"},"inLanguage":"de-DE","potentialAction":[{"@type":"ReadAction","target":["https:\/\/www.hotel-louis2.com\/de\/bienvenue-a-lhotel-louis-ii\/"]}]},{"@type":"BreadcrumbList","@id":"https:\/\/www.hotel-louis2.com\/de\/bienvenue-a-lhotel-louis-ii\/#breadcrumb","itemListElement":[{"@type":"ListItem","position":1,"name":"Home","item":"https:\/\/www.hotel-louis2.com\/de\/hotel-louis-ii-paris\/"},{"@type":"ListItem","position":2,"name":"H\u00f4tel Louis II Paris"}]},{"@type":"WebSite","@id":"https:\/\/www.hotel-louis2.com\/de\/#website","url":"https:\/\/www.hotel-louis2.com\/de\/","name":"H\u00f4tel Louis 2","description":"Just another ms.decms.eu site","potentialAction":[{"@type":"SearchAction","target":{"@type":"EntryPoint","urlTemplate":"https:\/\/www.hotel-louis2.com\/de\/?s={search_term_string}"},"query-input":{"@type":"PropertyValueSpecification","valueRequired":true,"valueName":"search_term_string"}}],"inLanguage":"de-DE"}]}},"acf":[],"_links":{"self":[{"href":"https:\/\/www.hotel-louis2.com\/de\/wp-json\/wp\/v2\/pages\/715","targetHints":{"allow":["GET"]}}],"collection":[{"href":"https:\/\/www.hotel-louis2.com\/de\/wp-json\/wp\/v2\/pages"}],"about":[{"href":"https:\/\/www.hotel-louis2.com\/de\/wp-json\/wp\/v2\/types\/page"}],"author":[{"embeddable":true,"href":"https:\/\/www.hotel-louis2.com\/de\/wp-json\/wp\/v2\/users\/60"}],"replies":[{"embeddable":true,"href":"https:\/\/www.hotel-louis2.com\/de\/wp-json\/wp\/v2\/comments?post=715"}],"version-history":[{"count":0,"href":"https:\/\/www.hotel-louis2.com\/de\/wp-json\/wp\/v2\/pages\/715\/revisions"}],"wp:attachment":[{"href":"https:\/\/www.hotel-louis2.com\/de\/wp-json\/wp\/v2\/media?parent=715"}],"curies":[{"name":"wp","href":"https:\/\/api.w.org\/{rel}","templated":true}]}}