{"id":722,"date":"2021-12-07T21:20:04","date_gmt":"2021-12-07T21:20:04","guid":{"rendered":"https:\/\/www.hotel-louis2.com\/zimmer-suiten\/chambre-classique-ninon-au-louis-ii\/"},"modified":"2023-06-16T09:40:52","modified_gmt":"2023-06-16T09:40:52","slug":"classic-ninon","status":"publish","type":"page","link":"https:\/\/www.hotel-louis2.com\/de\/zimmer-suiten\/classic-ninon\/","title":{"rendered":"Classic Ninon"},"content":{"rendered":"<p style=\"text-align: justify;\"><span data-sheets-value=\"{&quot;1&quot;:2,&quot;2&quot;:&quot;Im Classique-Zimmer Ninon finden Sie diese fr\u00fchlingshafte Frische in einem sanften Kokon voller beruhigender Farben. Ein echtes kleines gem\u00fctliches Nest, das an die Provence denken l\u00e4sst.&quot;}\" data-sheets-userformat=\"{&quot;2&quot;:12688,&quot;7&quot;:{&quot;1&quot;:[{&quot;1&quot;:2,&quot;2&quot;:0,&quot;5&quot;:{&quot;1&quot;:2,&quot;2&quot;:16777215}},{&quot;1&quot;:0,&quot;2&quot;:0,&quot;3&quot;:3},{&quot;1&quot;:1,&quot;2&quot;:0,&quot;4&quot;:1}]},&quot;10&quot;:2,&quot;11&quot;:4,&quot;15&quot;:&quot;Arial&quot;,&quot;16&quot;:11}\">Im Classique-Zimmer Ninon finden Sie diese fr\u00fchlingshafte Frische in einem sanften Kokon voller beruhigender Farben. Ein echtes kleines gem\u00fctliches Nest, das an die Provence denken l\u00e4sst.<\/span><\/p>\n","protected":false},"excerpt":{"rendered":"<p>Im Classique-Zimmer Ninon finden Sie diese fr\u00fchlingshafte Frische in einem sanften Kokon voller beruhigender Farben. Ein echtes kleines gem\u00fctliches Nest, das an die Provence denken l\u00e4sst.<\/p>\n","protected":false},"author":5,"featured_media":0,"parent":717,"menu_order":2,"comment_status":"closed","ping_status":"closed","template":"template-single-room.php","meta":{"footnotes":""},"class_list":["post-722","page","type-page","status-publish","hentry"],"yoast_head":"<!-- This site is optimized with the Yoast SEO plugin v26.9 - https:\/\/yoast.com\/product\/yoast-seo-wordpress\/ -->\n<title>H\u00f4tel Louis II | 4 \u00c9toiles Paris - Quartier Latin | La Classique de Ninon<\/title>\n<meta name=\"description\" content=\"Entrez dans l&#039;univers charmeur et floral de Ninon. Un v\u00e9ritable rep\u00e8re pour ceux qui recherche un nid douillet qui transpire le plaisir.\" \/>\n<meta name=\"robots\" content=\"noindex, follow\" \/>\n<meta property=\"og:locale\" content=\"de_DE\" \/>\n<meta property=\"og:type\" content=\"article\" \/>\n<meta property=\"og:title\" content=\"H\u00f4tel Louis II | 4 \u00c9toiles Paris - Quartier Latin | La Classique de Ninon\" \/>\n<meta property=\"og:description\" content=\"Entrez dans l&#039;univers charmeur et floral de Ninon. Un v\u00e9ritable rep\u00e8re pour ceux qui recherche un nid douillet qui transpire le plaisir.\" \/>\n<meta property=\"og:url\" content=\"https:\/\/www.hotel-louis2.com\/de\/zimmer-suiten\/classic-ninon\/\" \/>\n<meta property=\"og:site_name\" content=\"H\u00f4tel Louis 2\" \/>\n<meta property=\"article:modified_time\" content=\"2023-06-16T09:40:52+00:00\" \/>\n<meta name=\"twitter:card\" content=\"summary_large_image\" \/>\n<meta name=\"twitter:label1\" content=\"Gesch\u00e4tzte Lesezeit\" \/>\n\t<meta name=\"twitter:data1\" content=\"1 Minute\" \/>\n<script type=\"application\/ld+json\" class=\"yoast-schema-graph\">{\"@context\":\"https:\/\/schema.org\",\"@graph\":[{\"@type\":\"WebPage\",\"@id\":\"https:\/\/www.hotel-louis2.com\/de\/zimmer-suiten\/classic-ninon\/\",\"url\":\"https:\/\/www.hotel-louis2.com\/de\/zimmer-suiten\/classic-ninon\/\",\"name\":\"H\u00f4tel Louis II | 4 \u00c9toiles Paris - Quartier Latin | La Classique de Ninon\",\"isPartOf\":{\"@id\":\"https:\/\/www.hotel-louis2.com\/de\/#website\"},\"datePublished\":\"2021-12-07T21:20:04+00:00\",\"dateModified\":\"2023-06-16T09:40:52+00:00\",\"description\":\"Entrez dans l'univers charmeur et floral de Ninon. Un v\u00e9ritable rep\u00e8re pour ceux qui recherche un nid douillet qui transpire le plaisir.\",\"breadcrumb\":{\"@id\":\"https:\/\/www.hotel-louis2.com\/de\/zimmer-suiten\/classic-ninon\/#breadcrumb\"},\"inLanguage\":\"de-DE\",\"potentialAction\":[{\"@type\":\"ReadAction\",\"target\":[\"https:\/\/www.hotel-louis2.com\/de\/zimmer-suiten\/classic-ninon\/\"]}]},{\"@type\":\"BreadcrumbList\",\"@id\":\"https:\/\/www.hotel-louis2.com\/de\/zimmer-suiten\/classic-ninon\/#breadcrumb\",\"itemListElement\":[{\"@type\":\"ListItem\",\"position\":1,\"name\":\"Home\",\"item\":\"https:\/\/www.hotel-louis2.com\/de\/hotel-louis-ii-paris\/\"},{\"@type\":\"ListItem\",\"position\":2,\"name\":\"Schlafen\",\"item\":\"https:\/\/www.hotel-louis2.com\/de\/zimmer-suiten\/\"},{\"@type\":\"ListItem\",\"position\":3,\"name\":\"Classic Ninon\"}]},{\"@type\":\"WebSite\",\"@id\":\"https:\/\/www.hotel-louis2.com\/de\/#website\",\"url\":\"https:\/\/www.hotel-louis2.com\/de\/\",\"name\":\"H\u00f4tel Louis 2\",\"description\":\"Just another ms.decms.eu site\",\"potentialAction\":[{\"@type\":\"SearchAction\",\"target\":{\"@type\":\"EntryPoint\",\"urlTemplate\":\"https:\/\/www.hotel-louis2.com\/de\/?s={search_term_string}\"},\"query-input\":{\"@type\":\"PropertyValueSpecification\",\"valueRequired\":true,\"valueName\":\"search_term_string\"}}],\"inLanguage\":\"de-DE\"}]}<\/script>\n<!-- \/ Yoast SEO plugin. -->","yoast_head_json":{"title":"H\u00f4tel Louis II | 4 \u00c9toiles Paris - Quartier Latin | La Classique de Ninon","description":"Entrez dans l'univers charmeur et floral de Ninon. Un v\u00e9ritable rep\u00e8re pour ceux qui recherche un nid douillet qui transpire le plaisir.","robots":{"index":"noindex","follow":"follow"},"og_locale":"de_DE","og_type":"article","og_title":"H\u00f4tel Louis II | 4 \u00c9toiles Paris - Quartier Latin | La Classique de Ninon","og_description":"Entrez dans l'univers charmeur et floral de Ninon. Un v\u00e9ritable rep\u00e8re pour ceux qui recherche un nid douillet qui transpire le plaisir.","og_url":"https:\/\/www.hotel-louis2.com\/de\/zimmer-suiten\/classic-ninon\/","og_site_name":"H\u00f4tel Louis 2","article_modified_time":"2023-06-16T09:40:52+00:00","twitter_card":"summary_large_image","twitter_misc":{"Gesch\u00e4tzte Lesezeit":"1 Minute"},"schema":{"@context":"https:\/\/schema.org","@graph":[{"@type":"WebPage","@id":"https:\/\/www.hotel-louis2.com\/de\/zimmer-suiten\/classic-ninon\/","url":"https:\/\/www.hotel-louis2.com\/de\/zimmer-suiten\/classic-ninon\/","name":"H\u00f4tel Louis II | 4 \u00c9toiles Paris - Quartier Latin | La Classique de Ninon","isPartOf":{"@id":"https:\/\/www.hotel-louis2.com\/de\/#website"},"datePublished":"2021-12-07T21:20:04+00:00","dateModified":"2023-06-16T09:40:52+00:00","description":"Entrez dans l'univers charmeur et floral de Ninon. Un v\u00e9ritable rep\u00e8re pour ceux qui recherche un nid douillet qui transpire le plaisir.","breadcrumb":{"@id":"https:\/\/www.hotel-louis2.com\/de\/zimmer-suiten\/classic-ninon\/#breadcrumb"},"inLanguage":"de-DE","potentialAction":[{"@type":"ReadAction","target":["https:\/\/www.hotel-louis2.com\/de\/zimmer-suiten\/classic-ninon\/"]}]},{"@type":"BreadcrumbList","@id":"https:\/\/www.hotel-louis2.com\/de\/zimmer-suiten\/classic-ninon\/#breadcrumb","itemListElement":[{"@type":"ListItem","position":1,"name":"Home","item":"https:\/\/www.hotel-louis2.com\/de\/hotel-louis-ii-paris\/"},{"@type":"ListItem","position":2,"name":"Schlafen","item":"https:\/\/www.hotel-louis2.com\/de\/zimmer-suiten\/"},{"@type":"ListItem","position":3,"name":"Classic Ninon"}]},{"@type":"WebSite","@id":"https:\/\/www.hotel-louis2.com\/de\/#website","url":"https:\/\/www.hotel-louis2.com\/de\/","name":"H\u00f4tel Louis 2","description":"Just another ms.decms.eu site","potentialAction":[{"@type":"SearchAction","target":{"@type":"EntryPoint","urlTemplate":"https:\/\/www.hotel-louis2.com\/de\/?s={search_term_string}"},"query-input":{"@type":"PropertyValueSpecification","valueRequired":true,"valueName":"search_term_string"}}],"inLanguage":"de-DE"}]}},"acf":[],"_links":{"self":[{"href":"https:\/\/www.hotel-louis2.com\/de\/wp-json\/wp\/v2\/pages\/722","targetHints":{"allow":["GET"]}}],"collection":[{"href":"https:\/\/www.hotel-louis2.com\/de\/wp-json\/wp\/v2\/pages"}],"about":[{"href":"https:\/\/www.hotel-louis2.com\/de\/wp-json\/wp\/v2\/types\/page"}],"author":[{"embeddable":true,"href":"https:\/\/www.hotel-louis2.com\/de\/wp-json\/wp\/v2\/users\/5"}],"replies":[{"embeddable":true,"href":"https:\/\/www.hotel-louis2.com\/de\/wp-json\/wp\/v2\/comments?post=722"}],"version-history":[{"count":0,"href":"https:\/\/www.hotel-louis2.com\/de\/wp-json\/wp\/v2\/pages\/722\/revisions"}],"up":[{"embeddable":true,"href":"https:\/\/www.hotel-louis2.com\/de\/wp-json\/wp\/v2\/pages\/717"}],"wp:attachment":[{"href":"https:\/\/www.hotel-louis2.com\/de\/wp-json\/wp\/v2\/media?parent=722"}],"curies":[{"name":"wp","href":"https:\/\/api.w.org\/{rel}","templated":true}]}}