{"id":728,"date":"2021-09-22T16:08:27","date_gmt":"2021-09-22T16:08:27","guid":{"rendered":"https:\/\/www.hotel-louis2.com\/zimmer-suiten\/chambre-deluxe-josephine-au-louis-ii\/"},"modified":"2023-06-16T10:00:18","modified_gmt":"2023-06-16T10:00:18","slug":"deluxe-josephine","status":"publish","type":"page","link":"https:\/\/www.hotel-louis2.com\/de\/zimmer-suiten\/deluxe-josephine\/","title":{"rendered":"Deluxe Jos\u00e9phine"},"content":{"rendered":"<p style=\"text-align: justify;\"><span data-sheets-value=\"{&quot;1&quot;:2,&quot;2&quot;:&quot;Josephine, oder die frechste der Bande. Betreten Sie ihr ger\u00e4umiges und helles Deluxe-Zimmer mit zwei gro\u00dfen Fenstern. Die bordeauxroten Balken und Jouy-T\u00fccher werden w\u00e4hrend Ihres Aufenthaltes Ihre Neugier auf sich ziehen.&quot;}\" data-sheets-userformat=\"{&quot;2&quot;:12688,&quot;7&quot;:{&quot;1&quot;:[{&quot;1&quot;:2,&quot;2&quot;:0,&quot;5&quot;:{&quot;1&quot;:2,&quot;2&quot;:16777215}},{&quot;1&quot;:0,&quot;2&quot;:0,&quot;3&quot;:3},{&quot;1&quot;:1,&quot;2&quot;:0,&quot;4&quot;:1}]},&quot;10&quot;:2,&quot;11&quot;:4,&quot;15&quot;:&quot;Arial&quot;,&quot;16&quot;:11}\">Josephine, oder die frechste der Bande. Betreten Sie ihr ger\u00e4umiges und helles Deluxe-Zimmer mit zwei gro\u00dfen Fenstern. Die bordeauxroten Balken und Jouy-T\u00fccher werden w\u00e4hrend Ihres Aufenthaltes Ihre Neugier auf sich ziehen.<\/span><\/p>\n","protected":false},"excerpt":{"rendered":"<p>Josephine, oder die frechste der Bande. Betreten Sie ihr ger\u00e4umiges und helles Deluxe-Zimmer mit zwei gro\u00dfen Fenstern. Die bordeauxroten Balken und Jouy-T\u00fccher werden w\u00e4hrend Ihres Aufenthaltes Ihre Neugier auf sich ziehen.<\/p>\n","protected":false},"author":5,"featured_media":0,"parent":717,"menu_order":4,"comment_status":"closed","ping_status":"closed","template":"template-single-room.php","meta":{"footnotes":""},"class_list":["post-728","page","type-page","status-publish","hentry"],"yoast_head":"<!-- This site is optimized with the Yoast SEO plugin v26.9 - https:\/\/yoast.com\/product\/yoast-seo-wordpress\/ -->\n<title>H\u00f4tel Louis II | 4-Sterne-Hotel Paris - Quartier Latin | Deluxe Jos\u00e9phine<\/title>\n<meta name=\"description\" content=\"Jos\u00e9phine, eine gro\u00dfe Kurtisane mit einem sehr scharfen Verstand, entdecken Sie ihre umh\u00fcllende Welt, die zu jeder Stunde von einem Lichtbad profitiert.\" \/>\n<meta name=\"robots\" content=\"noindex, follow\" \/>\n<meta property=\"og:locale\" content=\"de_DE\" \/>\n<meta property=\"og:type\" content=\"article\" \/>\n<meta property=\"og:title\" content=\"H\u00f4tel Louis II | 4-Sterne-Hotel Paris - Quartier Latin | Deluxe Jos\u00e9phine\" \/>\n<meta property=\"og:description\" content=\"Jos\u00e9phine, eine gro\u00dfe Kurtisane mit einem sehr scharfen Verstand, entdecken Sie ihre umh\u00fcllende Welt, die zu jeder Stunde von einem Lichtbad profitiert.\" \/>\n<meta property=\"og:url\" content=\"https:\/\/www.hotel-louis2.com\/de\/zimmer-suiten\/deluxe-josephine\/\" \/>\n<meta property=\"og:site_name\" content=\"H\u00f4tel Louis 2\" \/>\n<meta property=\"article:modified_time\" content=\"2023-06-16T10:00:18+00:00\" \/>\n<meta name=\"twitter:card\" content=\"summary_large_image\" \/>\n<meta name=\"twitter:label1\" content=\"Gesch\u00e4tzte Lesezeit\" \/>\n\t<meta name=\"twitter:data1\" content=\"1 Minute\" \/>\n<script type=\"application\/ld+json\" class=\"yoast-schema-graph\">{\"@context\":\"https:\/\/schema.org\",\"@graph\":[{\"@type\":\"WebPage\",\"@id\":\"https:\/\/www.hotel-louis2.com\/de\/zimmer-suiten\/deluxe-josephine\/\",\"url\":\"https:\/\/www.hotel-louis2.com\/de\/zimmer-suiten\/deluxe-josephine\/\",\"name\":\"H\u00f4tel Louis II | 4-Sterne-Hotel Paris - Quartier Latin | Deluxe Jos\u00e9phine\",\"isPartOf\":{\"@id\":\"https:\/\/www.hotel-louis2.com\/de\/#website\"},\"datePublished\":\"2021-09-22T16:08:27+00:00\",\"dateModified\":\"2023-06-16T10:00:18+00:00\",\"description\":\"Jos\u00e9phine, eine gro\u00dfe Kurtisane mit einem sehr scharfen Verstand, entdecken Sie ihre umh\u00fcllende Welt, die zu jeder Stunde von einem Lichtbad profitiert.\",\"breadcrumb\":{\"@id\":\"https:\/\/www.hotel-louis2.com\/de\/zimmer-suiten\/deluxe-josephine\/#breadcrumb\"},\"inLanguage\":\"de-DE\",\"potentialAction\":[{\"@type\":\"ReadAction\",\"target\":[\"https:\/\/www.hotel-louis2.com\/de\/zimmer-suiten\/deluxe-josephine\/\"]}]},{\"@type\":\"BreadcrumbList\",\"@id\":\"https:\/\/www.hotel-louis2.com\/de\/zimmer-suiten\/deluxe-josephine\/#breadcrumb\",\"itemListElement\":[{\"@type\":\"ListItem\",\"position\":1,\"name\":\"Home\",\"item\":\"https:\/\/www.hotel-louis2.com\/de\/hotel-louis-ii-paris\/\"},{\"@type\":\"ListItem\",\"position\":2,\"name\":\"Schlafen\",\"item\":\"https:\/\/www.hotel-louis2.com\/de\/zimmer-suiten\/\"},{\"@type\":\"ListItem\",\"position\":3,\"name\":\"Deluxe Jos\u00e9phine\"}]},{\"@type\":\"WebSite\",\"@id\":\"https:\/\/www.hotel-louis2.com\/de\/#website\",\"url\":\"https:\/\/www.hotel-louis2.com\/de\/\",\"name\":\"H\u00f4tel Louis 2\",\"description\":\"Just another ms.decms.eu site\",\"potentialAction\":[{\"@type\":\"SearchAction\",\"target\":{\"@type\":\"EntryPoint\",\"urlTemplate\":\"https:\/\/www.hotel-louis2.com\/de\/?s={search_term_string}\"},\"query-input\":{\"@type\":\"PropertyValueSpecification\",\"valueRequired\":true,\"valueName\":\"search_term_string\"}}],\"inLanguage\":\"de-DE\"}]}<\/script>\n<!-- \/ Yoast SEO plugin. -->","yoast_head_json":{"title":"H\u00f4tel Louis II | 4-Sterne-Hotel Paris - Quartier Latin | Deluxe Jos\u00e9phine","description":"Jos\u00e9phine, eine gro\u00dfe Kurtisane mit einem sehr scharfen Verstand, entdecken Sie ihre umh\u00fcllende Welt, die zu jeder Stunde von einem Lichtbad profitiert.","robots":{"index":"noindex","follow":"follow"},"og_locale":"de_DE","og_type":"article","og_title":"H\u00f4tel Louis II | 4-Sterne-Hotel Paris - Quartier Latin | Deluxe Jos\u00e9phine","og_description":"Jos\u00e9phine, eine gro\u00dfe Kurtisane mit einem sehr scharfen Verstand, entdecken Sie ihre umh\u00fcllende Welt, die zu jeder Stunde von einem Lichtbad profitiert.","og_url":"https:\/\/www.hotel-louis2.com\/de\/zimmer-suiten\/deluxe-josephine\/","og_site_name":"H\u00f4tel Louis 2","article_modified_time":"2023-06-16T10:00:18+00:00","twitter_card":"summary_large_image","twitter_misc":{"Gesch\u00e4tzte Lesezeit":"1 Minute"},"schema":{"@context":"https:\/\/schema.org","@graph":[{"@type":"WebPage","@id":"https:\/\/www.hotel-louis2.com\/de\/zimmer-suiten\/deluxe-josephine\/","url":"https:\/\/www.hotel-louis2.com\/de\/zimmer-suiten\/deluxe-josephine\/","name":"H\u00f4tel Louis II | 4-Sterne-Hotel Paris - Quartier Latin | Deluxe Jos\u00e9phine","isPartOf":{"@id":"https:\/\/www.hotel-louis2.com\/de\/#website"},"datePublished":"2021-09-22T16:08:27+00:00","dateModified":"2023-06-16T10:00:18+00:00","description":"Jos\u00e9phine, eine gro\u00dfe Kurtisane mit einem sehr scharfen Verstand, entdecken Sie ihre umh\u00fcllende Welt, die zu jeder Stunde von einem Lichtbad profitiert.","breadcrumb":{"@id":"https:\/\/www.hotel-louis2.com\/de\/zimmer-suiten\/deluxe-josephine\/#breadcrumb"},"inLanguage":"de-DE","potentialAction":[{"@type":"ReadAction","target":["https:\/\/www.hotel-louis2.com\/de\/zimmer-suiten\/deluxe-josephine\/"]}]},{"@type":"BreadcrumbList","@id":"https:\/\/www.hotel-louis2.com\/de\/zimmer-suiten\/deluxe-josephine\/#breadcrumb","itemListElement":[{"@type":"ListItem","position":1,"name":"Home","item":"https:\/\/www.hotel-louis2.com\/de\/hotel-louis-ii-paris\/"},{"@type":"ListItem","position":2,"name":"Schlafen","item":"https:\/\/www.hotel-louis2.com\/de\/zimmer-suiten\/"},{"@type":"ListItem","position":3,"name":"Deluxe Jos\u00e9phine"}]},{"@type":"WebSite","@id":"https:\/\/www.hotel-louis2.com\/de\/#website","url":"https:\/\/www.hotel-louis2.com\/de\/","name":"H\u00f4tel Louis 2","description":"Just another ms.decms.eu site","potentialAction":[{"@type":"SearchAction","target":{"@type":"EntryPoint","urlTemplate":"https:\/\/www.hotel-louis2.com\/de\/?s={search_term_string}"},"query-input":{"@type":"PropertyValueSpecification","valueRequired":true,"valueName":"search_term_string"}}],"inLanguage":"de-DE"}]}},"acf":[],"_links":{"self":[{"href":"https:\/\/www.hotel-louis2.com\/de\/wp-json\/wp\/v2\/pages\/728","targetHints":{"allow":["GET"]}}],"collection":[{"href":"https:\/\/www.hotel-louis2.com\/de\/wp-json\/wp\/v2\/pages"}],"about":[{"href":"https:\/\/www.hotel-louis2.com\/de\/wp-json\/wp\/v2\/types\/page"}],"author":[{"embeddable":true,"href":"https:\/\/www.hotel-louis2.com\/de\/wp-json\/wp\/v2\/users\/5"}],"replies":[{"embeddable":true,"href":"https:\/\/www.hotel-louis2.com\/de\/wp-json\/wp\/v2\/comments?post=728"}],"version-history":[{"count":0,"href":"https:\/\/www.hotel-louis2.com\/de\/wp-json\/wp\/v2\/pages\/728\/revisions"}],"up":[{"embeddable":true,"href":"https:\/\/www.hotel-louis2.com\/de\/wp-json\/wp\/v2\/pages\/717"}],"wp:attachment":[{"href":"https:\/\/www.hotel-louis2.com\/de\/wp-json\/wp\/v2\/media?parent=728"}],"curies":[{"name":"wp","href":"https:\/\/api.w.org\/{rel}","templated":true}]}}