{"id":736,"date":"2021-09-22T15:49:07","date_gmt":"2021-09-22T15:49:07","guid":{"rendered":"https:\/\/www.hotel-louis2.com\/deguster-au-louis-ii\/"},"modified":"2023-06-16T10:30:56","modified_gmt":"2023-06-16T10:30:56","slug":"speisen","status":"publish","type":"page","link":"https:\/\/www.hotel-louis2.com\/de\/speisen\/","title":{"rendered":"Speisen"},"content":{"rendered":"<p>Wir bieten Ihnen ein <strong>Fr\u00fchst\u00fccksbuffet<\/strong> in einem Ambiente \u201ewie zu Hause\u201c an. Wurst, K\u00e4se, Eier und Geb\u00e4ck, und dazu ausgesucht hochwertiges Brot. Dieses Angebot ist auch in einer <strong>gesunden<\/strong> und <strong>glutenfreien<\/strong> Version mit Getreide, Trockenfr\u00fcchten, Pfannkuchen und weiteren jahreszeitabh\u00e4ngigen Speisen erh\u00e4ltlich.<\/p>\n<p>In unserem Salon Antichambre erwarten Sie zu <strong>jeder Tageszeit<\/strong> Getr\u00e4nke und s\u00fc\u00dfe Snacks, aber auch am Abend k\u00f6nnen Sie Freunde, Kollegen oder Familie zu einem Aperitif einladen, um sich zu entspannen. Was gibt es Sch\u00f6neres, um sich nach einem anstrengenden Tag zu entspannen, als Champagner oder einen von uns ausgew\u00e4hlten Wein mit k\u00f6stlichen Tapas zu genie\u00dfen. Haben Sie einen besonderen Wunsch? Sprechen Sie Ihre Gastgeber an, damit sie Ihre W\u00fcnsche erf\u00fcllen k\u00f6nnen.<\/p>\n<h4 style=\"text-align: center;\"><span style=\"color: #bc9e62;\"><strong><span data-sheets-value=\"{&quot;1&quot;:2,&quot;2&quot;:&quot;Entdecken Sie alle unsere Angebote unten:&quot;}\" data-sheets-userformat=\"{&quot;2&quot;:12432,&quot;7&quot;:{&quot;1&quot;:[{&quot;1&quot;:2,&quot;2&quot;:0,&quot;5&quot;:{&quot;1&quot;:2,&quot;2&quot;:16777215}},{&quot;1&quot;:0,&quot;2&quot;:0,&quot;3&quot;:3},{&quot;1&quot;:1,&quot;2&quot;:0,&quot;4&quot;:1}]},&quot;10&quot;:2,&quot;15&quot;:&quot;Arial&quot;,&quot;16&quot;:11}\">Entdecken Sie alle unsere Angebote unten :<\/span><\/strong><\/span><\/h4>\n","protected":false},"excerpt":{"rendered":"<p>Wir bieten Ihnen ein Fr\u00fchst\u00fccksbuffet in einem Ambiente \u201ewie zu Hause\u201c an. Wurst, K\u00e4se, Eier und Geb\u00e4ck, und dazu ausgesucht hochwertiges Brot. Dieses Angebot ist auch in einer gesunden und glutenfreien Version mit Getreide, Trockenfr\u00fcchten, Pfannkuchen und weiteren jahreszeitabh\u00e4ngigen Speisen erh\u00e4ltlich. In unserem Salon Antichambre erwarten Sie zu jeder Tageszeit Getr\u00e4nke und s\u00fc\u00dfe Snacks, aber [&hellip;]<\/p>\n","protected":false},"author":5,"featured_media":0,"parent":0,"menu_order":0,"comment_status":"closed","ping_status":"closed","template":"template-restaurants.php","meta":{"footnotes":""},"class_list":["post-736","page","type-page","status-publish","hentry"],"yoast_head":"<!-- This site is optimized with the Yoast SEO plugin v26.9 - https:\/\/yoast.com\/product\/yoast-seo-wordpress\/ -->\n<title>Louis II | H\u00f4tel 4-Sterne-Hotel Paris - Luxembourg | Unsere gastronomieangebot<\/title>\n<meta name=\"description\" content=\"Aktivieren Sie Ihre f\u00fcnf Sinne und laden Sie zu einer kulinarischen Auszeit im Hotel Louis II ein. Ob Fr\u00fchst\u00fcck, Tapas oder Snacks, es wird f\u00fcr jeden etwas dabei sein.\" \/>\n<meta name=\"robots\" content=\"index, follow, max-snippet:-1, max-image-preview:large, max-video-preview:-1\" \/>\n<link rel=\"canonical\" href=\"https:\/\/www.hotel-louis2.com\/de\/speisen\/\" \/>\n<meta property=\"og:locale\" content=\"de_DE\" \/>\n<meta property=\"og:type\" content=\"article\" \/>\n<meta property=\"og:title\" content=\"Louis II | H\u00f4tel 4-Sterne-Hotel Paris - Luxembourg | Unsere gastronomieangebot\" \/>\n<meta property=\"og:description\" content=\"Aktivieren Sie Ihre f\u00fcnf Sinne und laden Sie zu einer kulinarischen Auszeit im Hotel Louis II ein. Ob Fr\u00fchst\u00fcck, Tapas oder Snacks, es wird f\u00fcr jeden etwas dabei sein.\" \/>\n<meta property=\"og:url\" content=\"https:\/\/www.hotel-louis2.com\/de\/speisen\/\" \/>\n<meta property=\"og:site_name\" content=\"H\u00f4tel Louis 2\" \/>\n<meta property=\"article:modified_time\" content=\"2023-06-16T10:30:56+00:00\" \/>\n<meta name=\"twitter:card\" content=\"summary_large_image\" \/>\n<meta name=\"twitter:label1\" content=\"Gesch\u00e4tzte Lesezeit\" \/>\n\t<meta name=\"twitter:data1\" content=\"1 Minute\" \/>\n<script type=\"application\/ld+json\" class=\"yoast-schema-graph\">{\"@context\":\"https:\/\/schema.org\",\"@graph\":[{\"@type\":\"WebPage\",\"@id\":\"https:\/\/www.hotel-louis2.com\/de\/speisen\/\",\"url\":\"https:\/\/www.hotel-louis2.com\/de\/speisen\/\",\"name\":\"Louis II | H\u00f4tel 4-Sterne-Hotel Paris - Luxembourg | Unsere gastronomieangebot\",\"isPartOf\":{\"@id\":\"https:\/\/www.hotel-louis2.com\/de\/#website\"},\"datePublished\":\"2021-09-22T15:49:07+00:00\",\"dateModified\":\"2023-06-16T10:30:56+00:00\",\"description\":\"Aktivieren Sie Ihre f\u00fcnf Sinne und laden Sie zu einer kulinarischen Auszeit im Hotel Louis II ein. Ob Fr\u00fchst\u00fcck, Tapas oder Snacks, es wird f\u00fcr jeden etwas dabei sein.\",\"breadcrumb\":{\"@id\":\"https:\/\/www.hotel-louis2.com\/de\/speisen\/#breadcrumb\"},\"inLanguage\":\"de-DE\",\"potentialAction\":[{\"@type\":\"ReadAction\",\"target\":[\"https:\/\/www.hotel-louis2.com\/de\/speisen\/\"]}]},{\"@type\":\"BreadcrumbList\",\"@id\":\"https:\/\/www.hotel-louis2.com\/de\/speisen\/#breadcrumb\",\"itemListElement\":[{\"@type\":\"ListItem\",\"position\":1,\"name\":\"Home\",\"item\":\"https:\/\/www.hotel-louis2.com\/de\/hotel-louis-ii-paris\/\"},{\"@type\":\"ListItem\",\"position\":2,\"name\":\"Speisen\"}]},{\"@type\":\"WebSite\",\"@id\":\"https:\/\/www.hotel-louis2.com\/de\/#website\",\"url\":\"https:\/\/www.hotel-louis2.com\/de\/\",\"name\":\"H\u00f4tel Louis 2\",\"description\":\"Just another ms.decms.eu site\",\"potentialAction\":[{\"@type\":\"SearchAction\",\"target\":{\"@type\":\"EntryPoint\",\"urlTemplate\":\"https:\/\/www.hotel-louis2.com\/de\/?s={search_term_string}\"},\"query-input\":{\"@type\":\"PropertyValueSpecification\",\"valueRequired\":true,\"valueName\":\"search_term_string\"}}],\"inLanguage\":\"de-DE\"}]}<\/script>\n<!-- \/ Yoast SEO plugin. -->","yoast_head_json":{"title":"Louis II | H\u00f4tel 4-Sterne-Hotel Paris - Luxembourg | Unsere gastronomieangebot","description":"Aktivieren Sie Ihre f\u00fcnf Sinne und laden Sie zu einer kulinarischen Auszeit im Hotel Louis II ein. Ob Fr\u00fchst\u00fcck, Tapas oder Snacks, es wird f\u00fcr jeden etwas dabei sein.","robots":{"index":"index","follow":"follow","max-snippet":"max-snippet:-1","max-image-preview":"max-image-preview:large","max-video-preview":"max-video-preview:-1"},"canonical":"https:\/\/www.hotel-louis2.com\/de\/speisen\/","og_locale":"de_DE","og_type":"article","og_title":"Louis II | H\u00f4tel 4-Sterne-Hotel Paris - Luxembourg | Unsere gastronomieangebot","og_description":"Aktivieren Sie Ihre f\u00fcnf Sinne und laden Sie zu einer kulinarischen Auszeit im Hotel Louis II ein. Ob Fr\u00fchst\u00fcck, Tapas oder Snacks, es wird f\u00fcr jeden etwas dabei sein.","og_url":"https:\/\/www.hotel-louis2.com\/de\/speisen\/","og_site_name":"H\u00f4tel Louis 2","article_modified_time":"2023-06-16T10:30:56+00:00","twitter_card":"summary_large_image","twitter_misc":{"Gesch\u00e4tzte Lesezeit":"1 Minute"},"schema":{"@context":"https:\/\/schema.org","@graph":[{"@type":"WebPage","@id":"https:\/\/www.hotel-louis2.com\/de\/speisen\/","url":"https:\/\/www.hotel-louis2.com\/de\/speisen\/","name":"Louis II | H\u00f4tel 4-Sterne-Hotel Paris - Luxembourg | Unsere gastronomieangebot","isPartOf":{"@id":"https:\/\/www.hotel-louis2.com\/de\/#website"},"datePublished":"2021-09-22T15:49:07+00:00","dateModified":"2023-06-16T10:30:56+00:00","description":"Aktivieren Sie Ihre f\u00fcnf Sinne und laden Sie zu einer kulinarischen Auszeit im Hotel Louis II ein. Ob Fr\u00fchst\u00fcck, Tapas oder Snacks, es wird f\u00fcr jeden etwas dabei sein.","breadcrumb":{"@id":"https:\/\/www.hotel-louis2.com\/de\/speisen\/#breadcrumb"},"inLanguage":"de-DE","potentialAction":[{"@type":"ReadAction","target":["https:\/\/www.hotel-louis2.com\/de\/speisen\/"]}]},{"@type":"BreadcrumbList","@id":"https:\/\/www.hotel-louis2.com\/de\/speisen\/#breadcrumb","itemListElement":[{"@type":"ListItem","position":1,"name":"Home","item":"https:\/\/www.hotel-louis2.com\/de\/hotel-louis-ii-paris\/"},{"@type":"ListItem","position":2,"name":"Speisen"}]},{"@type":"WebSite","@id":"https:\/\/www.hotel-louis2.com\/de\/#website","url":"https:\/\/www.hotel-louis2.com\/de\/","name":"H\u00f4tel Louis 2","description":"Just another ms.decms.eu site","potentialAction":[{"@type":"SearchAction","target":{"@type":"EntryPoint","urlTemplate":"https:\/\/www.hotel-louis2.com\/de\/?s={search_term_string}"},"query-input":{"@type":"PropertyValueSpecification","valueRequired":true,"valueName":"search_term_string"}}],"inLanguage":"de-DE"}]}},"acf":[],"_links":{"self":[{"href":"https:\/\/www.hotel-louis2.com\/de\/wp-json\/wp\/v2\/pages\/736","targetHints":{"allow":["GET"]}}],"collection":[{"href":"https:\/\/www.hotel-louis2.com\/de\/wp-json\/wp\/v2\/pages"}],"about":[{"href":"https:\/\/www.hotel-louis2.com\/de\/wp-json\/wp\/v2\/types\/page"}],"author":[{"embeddable":true,"href":"https:\/\/www.hotel-louis2.com\/de\/wp-json\/wp\/v2\/users\/5"}],"replies":[{"embeddable":true,"href":"https:\/\/www.hotel-louis2.com\/de\/wp-json\/wp\/v2\/comments?post=736"}],"version-history":[{"count":0,"href":"https:\/\/www.hotel-louis2.com\/de\/wp-json\/wp\/v2\/pages\/736\/revisions"}],"wp:attachment":[{"href":"https:\/\/www.hotel-louis2.com\/de\/wp-json\/wp\/v2\/media?parent=736"}],"curies":[{"name":"wp","href":"https:\/\/api.w.org\/{rel}","templated":true}]}}