{"id":738,"date":"2022-04-05T14:39:24","date_gmt":"2022-04-05T14:39:24","guid":{"rendered":"https:\/\/www.hotel-louis2.com\/speisen\/le-petit-dejeuner\/"},"modified":"2026-04-29T14:52:17","modified_gmt":"2026-04-29T14:52:17","slug":"das-fruehstueck","status":"publish","type":"page","link":"https:\/\/www.hotel-louis2.com\/de\/speisen\/das-fruehstueck\/","title":{"rendered":"Das Fr\u00fchst\u00fcck"},"content":{"rendered":"<h3>Fr\u00fchst\u00fcck im Salon,<\/h3>\n<p class=\"the_subtitle\"><em>jeder sch\u00f6ne Tag beginnt mit einem k\u00f6stlichen Fr\u00fchst\u00fcck am Morgen.<\/em><\/p>\n<p>Das Fr\u00fchst\u00fccksbuffet im Hotel Louis2 bietet eine gro\u00dfe Auswahl an frischen und hochwertigen Produkten, sowohl herzhaften als auch s\u00fc\u00dfen, f\u00fcr einen geselligen Moment: eine Auswahl an Hei\u00dfgetr\u00e4nken, frischen Fruchts\u00e4ften, Brot und Geb\u00e4ck, Eiern und Speck, einer Auswahl an K\u00e4se und Wurstwaren, Milchprodukten, frischem Obstsalat und Graved Lachs.<br \/>\nUnsere Produkte werden sorgf\u00e4ltig ausgew\u00e4hlt, und wir bieten zudem hausgemachtes Geb\u00e4ck und hausgemachte Pflaumen in Sirup an.<\/p>\n<p><span data-sheets-value=\"{&quot;1&quot;:2,&quot;2&quot;:&quot;Fr\u00fchst\u00fcckszeit: Das Fr\u00fchst\u00fccksbuffet ist jeden Morgen von 7 bis 10.30 Uhr ge\u00f6ffnet.&quot;}\" data-sheets-userformat=\"{&quot;2&quot;:4240,&quot;7&quot;:{&quot;1&quot;:[{&quot;1&quot;:2,&quot;2&quot;:0,&quot;5&quot;:{&quot;1&quot;:2,&quot;2&quot;:16777215}},{&quot;1&quot;:0,&quot;2&quot;:0,&quot;3&quot;:3},{&quot;1&quot;:1,&quot;2&quot;:0,&quot;4&quot;:1}]},&quot;10&quot;:2,&quot;15&quot;:&quot;Arial&quot;}\">Fr\u00fchst\u00fcckszeit: Das Fr\u00fchst\u00fccksbuffet ist jeden Morgen von 7 bis 10.30 Uhr ge\u00f6ffnet.<\/span><\/p>\n<p>Preis:<\/p>\n<ul>\n<li>Das Fr\u00fchst\u00fcck kostet bei einer Direktbuchung<strong> 18 \u20ac<\/strong> pro Person zus\u00e4tzlich.<\/li>\n<li><strong>16 \u20ac<\/strong> pro Person, wenn es im Angebot \u201eTagespreis \u2013 inklusive Fr\u00fchst\u00fcck\u201c enthalten ist.<\/li>\n<li><strong>20 \u20ac<\/strong> pro Person, wenn es direkt vor Ort gebucht wird.<\/li>\n<\/ul>\n","protected":false},"excerpt":{"rendered":"<p>Fr\u00fchst\u00fcck im Salon, jeder sch\u00f6ne Tag beginnt mit einem k\u00f6stlichen Fr\u00fchst\u00fcck am Morgen. Das Fr\u00fchst\u00fccksbuffet im Hotel Louis2 bietet eine gro\u00dfe Auswahl an frischen und hochwertigen Produkten, sowohl herzhaften als auch s\u00fc\u00dfen, f\u00fcr einen geselligen Moment: eine Auswahl an Hei\u00dfgetr\u00e4nken, frischen Fruchts\u00e4ften, Brot und Geb\u00e4ck, Eiern und Speck, einer Auswahl an K\u00e4se und Wurstwaren, Milchprodukten, [&hellip;]<\/p>\n","protected":false},"author":5,"featured_media":0,"parent":736,"menu_order":0,"comment_status":"closed","ping_status":"closed","template":"template-single-restaurant.php","meta":{"footnotes":""},"class_list":["post-738","page","type-page","status-publish","hentry"],"yoast_head":"<!-- This site is optimized with the Yoast SEO plugin v26.9 - https:\/\/yoast.com\/product\/yoast-seo-wordpress\/ -->\n<title>Louis II | 4-Sterne-Hotel Paris - Luxembourg | Unser Fr\u00fchst\u00fccksangebot<\/title>\n<meta name=\"description\" content=\"Beginnen Sie Ihren Tag auf die beste Art und Weise mit unserem Fr\u00fchst\u00fccksbuffet oder einem Fr\u00fchst\u00fcck, das Ihnen im Zimmer serviert wird. So k\u00f6nnen Sie Ihren Gaumen beim Aufwachen verw\u00f6hnen.\" \/>\n<meta name=\"robots\" content=\"index, follow, max-snippet:-1, max-image-preview:large, max-video-preview:-1\" \/>\n<link rel=\"canonical\" href=\"https:\/\/www.hotel-louis2.com\/de\/speisen\/das-fruehstueck\/\" \/>\n<meta property=\"og:locale\" content=\"de_DE\" \/>\n<meta property=\"og:type\" content=\"article\" \/>\n<meta property=\"og:title\" content=\"Louis II | 4-Sterne-Hotel Paris - Luxembourg | Unser Fr\u00fchst\u00fccksangebot\" \/>\n<meta property=\"og:description\" content=\"Beginnen Sie Ihren Tag auf die beste Art und Weise mit unserem Fr\u00fchst\u00fccksbuffet oder einem Fr\u00fchst\u00fcck, das Ihnen im Zimmer serviert wird. So k\u00f6nnen Sie Ihren Gaumen beim Aufwachen verw\u00f6hnen.\" \/>\n<meta property=\"og:url\" content=\"https:\/\/www.hotel-louis2.com\/de\/speisen\/das-fruehstueck\/\" \/>\n<meta property=\"og:site_name\" content=\"H\u00f4tel Louis 2\" \/>\n<meta property=\"article:modified_time\" content=\"2026-04-29T14:52:17+00:00\" \/>\n<meta name=\"twitter:card\" content=\"summary_large_image\" \/>\n<meta name=\"twitter:label1\" content=\"Gesch\u00e4tzte Lesezeit\" \/>\n\t<meta name=\"twitter:data1\" content=\"1 Minute\" \/>\n<script type=\"application\/ld+json\" class=\"yoast-schema-graph\">{\"@context\":\"https:\/\/schema.org\",\"@graph\":[{\"@type\":\"WebPage\",\"@id\":\"https:\/\/www.hotel-louis2.com\/de\/speisen\/das-fruehstueck\/\",\"url\":\"https:\/\/www.hotel-louis2.com\/de\/speisen\/das-fruehstueck\/\",\"name\":\"Louis II | 4-Sterne-Hotel Paris - Luxembourg | Unser Fr\u00fchst\u00fccksangebot\",\"isPartOf\":{\"@id\":\"https:\/\/www.hotel-louis2.com\/de\/#website\"},\"datePublished\":\"2022-04-05T14:39:24+00:00\",\"dateModified\":\"2026-04-29T14:52:17+00:00\",\"description\":\"Beginnen Sie Ihren Tag auf die beste Art und Weise mit unserem Fr\u00fchst\u00fccksbuffet oder einem Fr\u00fchst\u00fcck, das Ihnen im Zimmer serviert wird. So k\u00f6nnen Sie Ihren Gaumen beim Aufwachen verw\u00f6hnen.\",\"breadcrumb\":{\"@id\":\"https:\/\/www.hotel-louis2.com\/de\/speisen\/das-fruehstueck\/#breadcrumb\"},\"inLanguage\":\"de-DE\",\"potentialAction\":[{\"@type\":\"ReadAction\",\"target\":[\"https:\/\/www.hotel-louis2.com\/de\/speisen\/das-fruehstueck\/\"]}]},{\"@type\":\"BreadcrumbList\",\"@id\":\"https:\/\/www.hotel-louis2.com\/de\/speisen\/das-fruehstueck\/#breadcrumb\",\"itemListElement\":[{\"@type\":\"ListItem\",\"position\":1,\"name\":\"Home\",\"item\":\"https:\/\/www.hotel-louis2.com\/de\/hotel-louis-ii-paris\/\"},{\"@type\":\"ListItem\",\"position\":2,\"name\":\"Speisen\",\"item\":\"https:\/\/www.hotel-louis2.com\/de\/speisen\/\"},{\"@type\":\"ListItem\",\"position\":3,\"name\":\"Das Fr\u00fchst\u00fcck\"}]},{\"@type\":\"WebSite\",\"@id\":\"https:\/\/www.hotel-louis2.com\/de\/#website\",\"url\":\"https:\/\/www.hotel-louis2.com\/de\/\",\"name\":\"H\u00f4tel Louis 2\",\"description\":\"Just another ms.decms.eu site\",\"potentialAction\":[{\"@type\":\"SearchAction\",\"target\":{\"@type\":\"EntryPoint\",\"urlTemplate\":\"https:\/\/www.hotel-louis2.com\/de\/?s={search_term_string}\"},\"query-input\":{\"@type\":\"PropertyValueSpecification\",\"valueRequired\":true,\"valueName\":\"search_term_string\"}}],\"inLanguage\":\"de-DE\"}]}<\/script>\n<!-- \/ Yoast SEO plugin. -->","yoast_head_json":{"title":"Louis II | 4-Sterne-Hotel Paris - Luxembourg | Unser Fr\u00fchst\u00fccksangebot","description":"Beginnen Sie Ihren Tag auf die beste Art und Weise mit unserem Fr\u00fchst\u00fccksbuffet oder einem Fr\u00fchst\u00fcck, das Ihnen im Zimmer serviert wird. So k\u00f6nnen Sie Ihren Gaumen beim Aufwachen verw\u00f6hnen.","robots":{"index":"index","follow":"follow","max-snippet":"max-snippet:-1","max-image-preview":"max-image-preview:large","max-video-preview":"max-video-preview:-1"},"canonical":"https:\/\/www.hotel-louis2.com\/de\/speisen\/das-fruehstueck\/","og_locale":"de_DE","og_type":"article","og_title":"Louis II | 4-Sterne-Hotel Paris - Luxembourg | Unser Fr\u00fchst\u00fccksangebot","og_description":"Beginnen Sie Ihren Tag auf die beste Art und Weise mit unserem Fr\u00fchst\u00fccksbuffet oder einem Fr\u00fchst\u00fcck, das Ihnen im Zimmer serviert wird. So k\u00f6nnen Sie Ihren Gaumen beim Aufwachen verw\u00f6hnen.","og_url":"https:\/\/www.hotel-louis2.com\/de\/speisen\/das-fruehstueck\/","og_site_name":"H\u00f4tel Louis 2","article_modified_time":"2026-04-29T14:52:17+00:00","twitter_card":"summary_large_image","twitter_misc":{"Gesch\u00e4tzte Lesezeit":"1 Minute"},"schema":{"@context":"https:\/\/schema.org","@graph":[{"@type":"WebPage","@id":"https:\/\/www.hotel-louis2.com\/de\/speisen\/das-fruehstueck\/","url":"https:\/\/www.hotel-louis2.com\/de\/speisen\/das-fruehstueck\/","name":"Louis II | 4-Sterne-Hotel Paris - Luxembourg | Unser Fr\u00fchst\u00fccksangebot","isPartOf":{"@id":"https:\/\/www.hotel-louis2.com\/de\/#website"},"datePublished":"2022-04-05T14:39:24+00:00","dateModified":"2026-04-29T14:52:17+00:00","description":"Beginnen Sie Ihren Tag auf die beste Art und Weise mit unserem Fr\u00fchst\u00fccksbuffet oder einem Fr\u00fchst\u00fcck, das Ihnen im Zimmer serviert wird. So k\u00f6nnen Sie Ihren Gaumen beim Aufwachen verw\u00f6hnen.","breadcrumb":{"@id":"https:\/\/www.hotel-louis2.com\/de\/speisen\/das-fruehstueck\/#breadcrumb"},"inLanguage":"de-DE","potentialAction":[{"@type":"ReadAction","target":["https:\/\/www.hotel-louis2.com\/de\/speisen\/das-fruehstueck\/"]}]},{"@type":"BreadcrumbList","@id":"https:\/\/www.hotel-louis2.com\/de\/speisen\/das-fruehstueck\/#breadcrumb","itemListElement":[{"@type":"ListItem","position":1,"name":"Home","item":"https:\/\/www.hotel-louis2.com\/de\/hotel-louis-ii-paris\/"},{"@type":"ListItem","position":2,"name":"Speisen","item":"https:\/\/www.hotel-louis2.com\/de\/speisen\/"},{"@type":"ListItem","position":3,"name":"Das Fr\u00fchst\u00fcck"}]},{"@type":"WebSite","@id":"https:\/\/www.hotel-louis2.com\/de\/#website","url":"https:\/\/www.hotel-louis2.com\/de\/","name":"H\u00f4tel Louis 2","description":"Just another ms.decms.eu site","potentialAction":[{"@type":"SearchAction","target":{"@type":"EntryPoint","urlTemplate":"https:\/\/www.hotel-louis2.com\/de\/?s={search_term_string}"},"query-input":{"@type":"PropertyValueSpecification","valueRequired":true,"valueName":"search_term_string"}}],"inLanguage":"de-DE"}]}},"acf":[],"_links":{"self":[{"href":"https:\/\/www.hotel-louis2.com\/de\/wp-json\/wp\/v2\/pages\/738","targetHints":{"allow":["GET"]}}],"collection":[{"href":"https:\/\/www.hotel-louis2.com\/de\/wp-json\/wp\/v2\/pages"}],"about":[{"href":"https:\/\/www.hotel-louis2.com\/de\/wp-json\/wp\/v2\/types\/page"}],"author":[{"embeddable":true,"href":"https:\/\/www.hotel-louis2.com\/de\/wp-json\/wp\/v2\/users\/5"}],"replies":[{"embeddable":true,"href":"https:\/\/www.hotel-louis2.com\/de\/wp-json\/wp\/v2\/comments?post=738"}],"version-history":[{"count":0,"href":"https:\/\/www.hotel-louis2.com\/de\/wp-json\/wp\/v2\/pages\/738\/revisions"}],"up":[{"embeddable":true,"href":"https:\/\/www.hotel-louis2.com\/de\/wp-json\/wp\/v2\/pages\/736"}],"wp:attachment":[{"href":"https:\/\/www.hotel-louis2.com\/de\/wp-json\/wp\/v2\/media?parent=738"}],"curies":[{"name":"wp","href":"https:\/\/api.w.org\/{rel}","templated":true}]}}