{"id":740,"date":"2022-04-05T14:43:01","date_gmt":"2022-04-05T14:43:01","guid":{"rendered":"https:\/\/www.hotel-louis2.com\/speisen\/lantichambre-du-louis-ii\/"},"modified":"2023-06-16T12:06:32","modified_gmt":"2023-06-16T12:06:32","slug":"das-antichambre","status":"publish","type":"page","link":"https:\/\/www.hotel-louis2.com\/de\/speisen\/das-antichambre\/","title":{"rendered":"Das Antichambre"},"content":{"rendered":"<p style=\"text-align: justify;\"><span data-sheets-value=\"{&quot;1&quot;:2,&quot;2&quot;:&quot;F\u00fcr einen Moment reiner Entspannung nach einem langen Tag, an dem Sie durch unsere Hauptstadt flaniert sind, setzen Sie sich in das Antichambre und genie\u00dfen Sie mit Freunden einen Drink in einer gem\u00fctlichen und intimen Atmosph\u00e4re.&quot;}\" data-sheets-userformat=\"{&quot;2&quot;:4240,&quot;7&quot;:{&quot;1&quot;:[{&quot;1&quot;:2,&quot;2&quot;:0,&quot;5&quot;:{&quot;1&quot;:2,&quot;2&quot;:16777215}},{&quot;1&quot;:0,&quot;2&quot;:0,&quot;3&quot;:3},{&quot;1&quot;:1,&quot;2&quot;:0,&quot;4&quot;:1}]},&quot;10&quot;:2,&quot;15&quot;:&quot;Arial&quot;}\">F\u00fcr einen Moment reiner Entspannung nach einem langen Tag, an dem Sie durch unsere Hauptstadt flaniert sind, setzen Sie sich in das Antichambre und genie\u00dfen Sie mit Freunden einen Drink in einer gem\u00fctlichen und intimen Atmosph\u00e4re.<\/span><\/p>\n<p style=\"text-align: justify;\"><span data-sheets-value=\"{&quot;1&quot;:2,&quot;2&quot;:&quot;Mit seinen 6 gro\u00dfen Fenstern und den riesigen Spiegeln ist das Antichambre der ideale Ort, um das Treiben in Paris zu beobachten. F\u00fcr ein Fr\u00fchst\u00fcck, eine kulinarische Pause oder einen Drink k\u00f6nnen wir Ihnen zu jeder Tageszeit etwas Passendes anbieten. Nach Einbruch der Dunkelheit gibt es an der Bar eine gro\u00dfe Auswahl an Weinen und Champagner, aber auch andere kalte Getr\u00e4nke, um jeden Geschmack zu treffen.&quot;}\" data-sheets-userformat=\"{&quot;2&quot;:4240,&quot;7&quot;:{&quot;1&quot;:[{&quot;1&quot;:2,&quot;2&quot;:0,&quot;5&quot;:{&quot;1&quot;:2,&quot;2&quot;:16777215}},{&quot;1&quot;:0,&quot;2&quot;:0,&quot;3&quot;:3},{&quot;1&quot;:1,&quot;2&quot;:0,&quot;4&quot;:1}]},&quot;10&quot;:2,&quot;15&quot;:&quot;Arial&quot;}\">Mit seinen 6 gro\u00dfen Fenstern und den riesigen Spiegeln ist das Antichambre der ideale Ort, um das Treiben in Paris zu beobachten. F\u00fcr ein Fr\u00fchst\u00fcck, eine kulinarische Pause oder einen Drink k\u00f6nnen wir Ihnen zu jeder Tageszeit etwas Passendes anbieten. Nach Einbruch der Dunkelheit gibt es an der Bar eine gro\u00dfe Auswahl an Weinen und Champagner, aber auch andere kalte Getr\u00e4nke, um jeden Geschmack zu treffen.<\/span><\/p>\n<p><span data-sheets-value=\"{&quot;1&quot;:2,&quot;2&quot;:&quot;F\u00fcr den kleinen Hunger zwischendurch? Entdecken Sie unser Tea-Time-Angebot t\u00e4glich von 14 bis 17 Uhr.&quot;}\" data-sheets-userformat=\"{&quot;2&quot;:4240,&quot;7&quot;:{&quot;1&quot;:[{&quot;1&quot;:2,&quot;2&quot;:0,&quot;5&quot;:{&quot;1&quot;:2,&quot;2&quot;:16777215}},{&quot;1&quot;:0,&quot;2&quot;:0,&quot;3&quot;:3},{&quot;1&quot;:1,&quot;2&quot;:0,&quot;4&quot;:1}]},&quot;10&quot;:2,&quot;15&quot;:&quot;Arial&quot;}\">F\u00fcr den kleinen Hunger zwischendurch? Entdecken Sie unser Tea-Time-Angebot t\u00e4glich von 14 bis 17 Uhr.<\/span><\/p>\n<p><span data-sheets-value=\"{&quot;1&quot;:2,&quot;2&quot;:&quot;\u2022  Hei\u00dfe Getr\u00e4nke (Auswahl an Dammann-Fr\u00e8res-Tee oder Kaffee)&quot;}\" data-sheets-userformat=\"{&quot;2&quot;:4240,&quot;7&quot;:{&quot;1&quot;:[{&quot;1&quot;:2,&quot;2&quot;:0,&quot;5&quot;:{&quot;1&quot;:2,&quot;2&quot;:16777215}},{&quot;1&quot;:0,&quot;2&quot;:0,&quot;3&quot;:3},{&quot;1&quot;:1,&quot;2&quot;:0,&quot;4&quot;:1}]},&quot;10&quot;:2,&quot;15&quot;:&quot;Arial&quot;}\">\u2022 Hei\u00dfe Getr\u00e4nke (Auswahl an Dammann-Fr\u00e8res-Tee oder Kaffee)<\/span><\/p>\n<p><span data-sheets-value=\"{&quot;1&quot;:2,&quot;2&quot;:&quot;\u2022 Hausgemachte Kuchen und Geb\u00e4ck&quot;}\" data-sheets-userformat=\"{&quot;2&quot;:4240,&quot;7&quot;:{&quot;1&quot;:[{&quot;1&quot;:2,&quot;2&quot;:0,&quot;5&quot;:{&quot;1&quot;:2,&quot;2&quot;:16777215}},{&quot;1&quot;:0,&quot;2&quot;:0,&quot;3&quot;:3},{&quot;1&quot;:1,&quot;2&quot;:0,&quot;4&quot;:1}]},&quot;10&quot;:2,&quot;15&quot;:&quot;Arial&quot;}\">\u2022 Hausgemachte Kuchen und Geb\u00e4ck<\/span><\/p>\n","protected":false},"excerpt":{"rendered":"<p>F\u00fcr einen Moment reiner Entspannung nach einem langen Tag, an dem Sie durch unsere Hauptstadt flaniert sind, setzen Sie sich in das Antichambre und genie\u00dfen Sie mit Freunden einen Drink in einer gem\u00fctlichen und intimen Atmosph\u00e4re. Mit seinen 6 gro\u00dfen Fenstern und den riesigen Spiegeln ist das Antichambre der ideale Ort, um das Treiben in [&hellip;]<\/p>\n","protected":false},"author":5,"featured_media":0,"parent":736,"menu_order":0,"comment_status":"closed","ping_status":"closed","template":"template-single-restaurant.php","meta":{"footnotes":""},"class_list":["post-740","page","type-page","status-publish","hentry"],"yoast_head":"<!-- This site is optimized with the Yoast SEO plugin v26.9 - https:\/\/yoast.com\/product\/yoast-seo-wordpress\/ -->\n<title>Louis II | 4-Sterne-Hotel Paris - Luxembourg | unser Angebot all-day dining<\/title>\n<meta name=\"description\" content=\"Wenn Sie von der Arbeit kommen oder nach einem langen Tag, empf\u00e4ngt Sie der Salon des Louis II in einer warmen und intimen Atmosph\u00e4re...\" \/>\n<meta name=\"robots\" content=\"index, follow, max-snippet:-1, max-image-preview:large, max-video-preview:-1\" \/>\n<link rel=\"canonical\" href=\"https:\/\/www.hotel-louis2.com\/de\/speisen\/das-antichambre\/\" \/>\n<meta property=\"og:locale\" content=\"de_DE\" \/>\n<meta property=\"og:type\" content=\"article\" \/>\n<meta property=\"og:title\" content=\"Louis II | 4-Sterne-Hotel Paris - Luxembourg | unser Angebot all-day dining\" \/>\n<meta property=\"og:description\" content=\"Wenn Sie von der Arbeit kommen oder nach einem langen Tag, empf\u00e4ngt Sie der Salon des Louis II in einer warmen und intimen Atmosph\u00e4re...\" \/>\n<meta property=\"og:url\" content=\"https:\/\/www.hotel-louis2.com\/de\/speisen\/das-antichambre\/\" \/>\n<meta property=\"og:site_name\" content=\"H\u00f4tel Louis 2\" \/>\n<meta property=\"article:modified_time\" content=\"2023-06-16T12:06:32+00:00\" \/>\n<meta name=\"twitter:card\" content=\"summary_large_image\" \/>\n<meta name=\"twitter:label1\" content=\"Gesch\u00e4tzte Lesezeit\" \/>\n\t<meta name=\"twitter:data1\" content=\"1 Minute\" \/>\n<script type=\"application\/ld+json\" class=\"yoast-schema-graph\">{\"@context\":\"https:\/\/schema.org\",\"@graph\":[{\"@type\":\"WebPage\",\"@id\":\"https:\/\/www.hotel-louis2.com\/de\/speisen\/das-antichambre\/\",\"url\":\"https:\/\/www.hotel-louis2.com\/de\/speisen\/das-antichambre\/\",\"name\":\"Louis II | 4-Sterne-Hotel Paris - Luxembourg | unser Angebot all-day dining\",\"isPartOf\":{\"@id\":\"https:\/\/www.hotel-louis2.com\/de\/#website\"},\"datePublished\":\"2022-04-05T14:43:01+00:00\",\"dateModified\":\"2023-06-16T12:06:32+00:00\",\"description\":\"Wenn Sie von der Arbeit kommen oder nach einem langen Tag, empf\u00e4ngt Sie der Salon des Louis II in einer warmen und intimen Atmosph\u00e4re...\",\"breadcrumb\":{\"@id\":\"https:\/\/www.hotel-louis2.com\/de\/speisen\/das-antichambre\/#breadcrumb\"},\"inLanguage\":\"de-DE\",\"potentialAction\":[{\"@type\":\"ReadAction\",\"target\":[\"https:\/\/www.hotel-louis2.com\/de\/speisen\/das-antichambre\/\"]}]},{\"@type\":\"BreadcrumbList\",\"@id\":\"https:\/\/www.hotel-louis2.com\/de\/speisen\/das-antichambre\/#breadcrumb\",\"itemListElement\":[{\"@type\":\"ListItem\",\"position\":1,\"name\":\"Home\",\"item\":\"https:\/\/www.hotel-louis2.com\/de\/hotel-louis-ii-paris\/\"},{\"@type\":\"ListItem\",\"position\":2,\"name\":\"Speisen\",\"item\":\"https:\/\/www.hotel-louis2.com\/de\/speisen\/\"},{\"@type\":\"ListItem\",\"position\":3,\"name\":\"Das Antichambre\"}]},{\"@type\":\"WebSite\",\"@id\":\"https:\/\/www.hotel-louis2.com\/de\/#website\",\"url\":\"https:\/\/www.hotel-louis2.com\/de\/\",\"name\":\"H\u00f4tel Louis 2\",\"description\":\"Just another ms.decms.eu site\",\"potentialAction\":[{\"@type\":\"SearchAction\",\"target\":{\"@type\":\"EntryPoint\",\"urlTemplate\":\"https:\/\/www.hotel-louis2.com\/de\/?s={search_term_string}\"},\"query-input\":{\"@type\":\"PropertyValueSpecification\",\"valueRequired\":true,\"valueName\":\"search_term_string\"}}],\"inLanguage\":\"de-DE\"}]}<\/script>\n<!-- \/ Yoast SEO plugin. -->","yoast_head_json":{"title":"Louis II | 4-Sterne-Hotel Paris - Luxembourg | unser Angebot all-day dining","description":"Wenn Sie von der Arbeit kommen oder nach einem langen Tag, empf\u00e4ngt Sie der Salon des Louis II in einer warmen und intimen Atmosph\u00e4re...","robots":{"index":"index","follow":"follow","max-snippet":"max-snippet:-1","max-image-preview":"max-image-preview:large","max-video-preview":"max-video-preview:-1"},"canonical":"https:\/\/www.hotel-louis2.com\/de\/speisen\/das-antichambre\/","og_locale":"de_DE","og_type":"article","og_title":"Louis II | 4-Sterne-Hotel Paris - Luxembourg | unser Angebot all-day dining","og_description":"Wenn Sie von der Arbeit kommen oder nach einem langen Tag, empf\u00e4ngt Sie der Salon des Louis II in einer warmen und intimen Atmosph\u00e4re...","og_url":"https:\/\/www.hotel-louis2.com\/de\/speisen\/das-antichambre\/","og_site_name":"H\u00f4tel Louis 2","article_modified_time":"2023-06-16T12:06:32+00:00","twitter_card":"summary_large_image","twitter_misc":{"Gesch\u00e4tzte Lesezeit":"1 Minute"},"schema":{"@context":"https:\/\/schema.org","@graph":[{"@type":"WebPage","@id":"https:\/\/www.hotel-louis2.com\/de\/speisen\/das-antichambre\/","url":"https:\/\/www.hotel-louis2.com\/de\/speisen\/das-antichambre\/","name":"Louis II | 4-Sterne-Hotel Paris - Luxembourg | unser Angebot all-day dining","isPartOf":{"@id":"https:\/\/www.hotel-louis2.com\/de\/#website"},"datePublished":"2022-04-05T14:43:01+00:00","dateModified":"2023-06-16T12:06:32+00:00","description":"Wenn Sie von der Arbeit kommen oder nach einem langen Tag, empf\u00e4ngt Sie der Salon des Louis II in einer warmen und intimen Atmosph\u00e4re...","breadcrumb":{"@id":"https:\/\/www.hotel-louis2.com\/de\/speisen\/das-antichambre\/#breadcrumb"},"inLanguage":"de-DE","potentialAction":[{"@type":"ReadAction","target":["https:\/\/www.hotel-louis2.com\/de\/speisen\/das-antichambre\/"]}]},{"@type":"BreadcrumbList","@id":"https:\/\/www.hotel-louis2.com\/de\/speisen\/das-antichambre\/#breadcrumb","itemListElement":[{"@type":"ListItem","position":1,"name":"Home","item":"https:\/\/www.hotel-louis2.com\/de\/hotel-louis-ii-paris\/"},{"@type":"ListItem","position":2,"name":"Speisen","item":"https:\/\/www.hotel-louis2.com\/de\/speisen\/"},{"@type":"ListItem","position":3,"name":"Das Antichambre"}]},{"@type":"WebSite","@id":"https:\/\/www.hotel-louis2.com\/de\/#website","url":"https:\/\/www.hotel-louis2.com\/de\/","name":"H\u00f4tel Louis 2","description":"Just another ms.decms.eu site","potentialAction":[{"@type":"SearchAction","target":{"@type":"EntryPoint","urlTemplate":"https:\/\/www.hotel-louis2.com\/de\/?s={search_term_string}"},"query-input":{"@type":"PropertyValueSpecification","valueRequired":true,"valueName":"search_term_string"}}],"inLanguage":"de-DE"}]}},"acf":[],"_links":{"self":[{"href":"https:\/\/www.hotel-louis2.com\/de\/wp-json\/wp\/v2\/pages\/740","targetHints":{"allow":["GET"]}}],"collection":[{"href":"https:\/\/www.hotel-louis2.com\/de\/wp-json\/wp\/v2\/pages"}],"about":[{"href":"https:\/\/www.hotel-louis2.com\/de\/wp-json\/wp\/v2\/types\/page"}],"author":[{"embeddable":true,"href":"https:\/\/www.hotel-louis2.com\/de\/wp-json\/wp\/v2\/users\/5"}],"replies":[{"embeddable":true,"href":"https:\/\/www.hotel-louis2.com\/de\/wp-json\/wp\/v2\/comments?post=740"}],"version-history":[{"count":0,"href":"https:\/\/www.hotel-louis2.com\/de\/wp-json\/wp\/v2\/pages\/740\/revisions"}],"up":[{"embeddable":true,"href":"https:\/\/www.hotel-louis2.com\/de\/wp-json\/wp\/v2\/pages\/736"}],"wp:attachment":[{"href":"https:\/\/www.hotel-louis2.com\/de\/wp-json\/wp\/v2\/media?parent=740"}],"curies":[{"name":"wp","href":"https:\/\/api.w.org\/{rel}","templated":true}]}}