{"id":742,"date":"2022-04-05T13:50:18","date_gmt":"2022-04-05T13:50:18","guid":{"rendered":"https:\/\/www.hotel-louis2.com\/profiter-des-services-au-louis-ii\/"},"modified":"2023-06-16T12:12:03","modified_gmt":"2023-06-16T12:12:03","slug":"geniessen","status":"publish","type":"page","link":"https:\/\/www.hotel-louis2.com\/de\/geniessen\/","title":{"rendered":"Genie\u00dfen"},"content":{"rendered":"<p><span data-sheets-value=\"{&quot;1&quot;:2,&quot;2&quot;:&quot;Ein Aufenthalt im Louis II? Die Gelegenheit, zu genie\u00dfen und sich selbst zu verw\u00f6hnen. Suchen Sie sich eine unserer Dienstleistungen \u00e0 la carte aus, und wir k\u00fcmmern uns um den Rest!&quot;}\" data-sheets-userformat=\"{&quot;2&quot;:4496,&quot;7&quot;:{&quot;1&quot;:[{&quot;1&quot;:2,&quot;2&quot;:0,&quot;5&quot;:{&quot;1&quot;:2,&quot;2&quot;:16777215}},{&quot;1&quot;:0,&quot;2&quot;:0,&quot;3&quot;:3},{&quot;1&quot;:1,&quot;2&quot;:0,&quot;4&quot;:1}]},&quot;10&quot;:2,&quot;11&quot;:4,&quot;15&quot;:&quot;Arial&quot;}\">Ein Aufenthalt im Louis II? Die Gelegenheit, zu genie\u00dfen und sich selbst zu verw\u00f6hnen. Suchen Sie sich eine unserer Dienstleistungen \u00e0 la carte aus, und wir k\u00fcmmern uns um den Rest!<\/span><\/p>\n","protected":false},"excerpt":{"rendered":"<p>Ein Aufenthalt im Louis II? Die Gelegenheit, zu genie\u00dfen und sich selbst zu verw\u00f6hnen. Suchen Sie sich eine unserer Dienstleistungen \u00e0 la carte aus, und wir k\u00fcmmern uns um den Rest!<\/p>\n","protected":false},"author":5,"featured_media":0,"parent":0,"menu_order":0,"comment_status":"closed","ping_status":"closed","template":"template-services.php","meta":{"footnotes":""},"class_list":["post-742","page","type-page","status-publish","hentry"],"yoast_head":"<!-- This site is optimized with the Yoast SEO plugin v26.9 - https:\/\/yoast.com\/product\/yoast-seo-wordpress\/ -->\n<title>Louis II | 4-Sterne-Hotel Paris - Luxembourg | Verw\u00f6hnen Sie sich<\/title>\n<meta name=\"description\" content=\"Ein Aufenthalt im Louis II? Dann ist es Zeit, zu genie\u00dfen und sich etwas Gutes zu tun. W\u00e4hlen Sie einen unserer \u00c0-la-carte-Dienste und genie\u00dfen Sie Ihren Aufenthalt\" \/>\n<meta name=\"robots\" content=\"index, follow, max-snippet:-1, max-image-preview:large, max-video-preview:-1\" \/>\n<link rel=\"canonical\" href=\"https:\/\/www.hotel-louis2.com\/de\/geniessen\/\" \/>\n<meta property=\"og:locale\" content=\"de_DE\" \/>\n<meta property=\"og:type\" content=\"article\" \/>\n<meta property=\"og:title\" content=\"Louis II | 4-Sterne-Hotel Paris - Luxembourg | Verw\u00f6hnen Sie sich\" \/>\n<meta property=\"og:description\" content=\"Ein Aufenthalt im Louis II? Dann ist es Zeit, zu genie\u00dfen und sich etwas Gutes zu tun. W\u00e4hlen Sie einen unserer \u00c0-la-carte-Dienste und genie\u00dfen Sie Ihren Aufenthalt\" \/>\n<meta property=\"og:url\" content=\"https:\/\/www.hotel-louis2.com\/de\/geniessen\/\" \/>\n<meta property=\"og:site_name\" content=\"H\u00f4tel Louis 2\" \/>\n<meta property=\"article:modified_time\" content=\"2023-06-16T12:12:03+00:00\" \/>\n<meta name=\"twitter:card\" content=\"summary_large_image\" \/>\n<meta name=\"twitter:label1\" content=\"Gesch\u00e4tzte Lesezeit\" \/>\n\t<meta name=\"twitter:data1\" content=\"1 Minute\" \/>\n<script type=\"application\/ld+json\" class=\"yoast-schema-graph\">{\"@context\":\"https:\/\/schema.org\",\"@graph\":[{\"@type\":\"WebPage\",\"@id\":\"https:\/\/www.hotel-louis2.com\/de\/geniessen\/\",\"url\":\"https:\/\/www.hotel-louis2.com\/de\/geniessen\/\",\"name\":\"Louis II | 4-Sterne-Hotel Paris - Luxembourg | Verw\u00f6hnen Sie sich\",\"isPartOf\":{\"@id\":\"https:\/\/www.hotel-louis2.com\/de\/#website\"},\"datePublished\":\"2022-04-05T13:50:18+00:00\",\"dateModified\":\"2023-06-16T12:12:03+00:00\",\"description\":\"Ein Aufenthalt im Louis II? Dann ist es Zeit, zu genie\u00dfen und sich etwas Gutes zu tun. W\u00e4hlen Sie einen unserer \u00c0-la-carte-Dienste und genie\u00dfen Sie Ihren Aufenthalt\",\"breadcrumb\":{\"@id\":\"https:\/\/www.hotel-louis2.com\/de\/geniessen\/#breadcrumb\"},\"inLanguage\":\"de-DE\",\"potentialAction\":[{\"@type\":\"ReadAction\",\"target\":[\"https:\/\/www.hotel-louis2.com\/de\/geniessen\/\"]}]},{\"@type\":\"BreadcrumbList\",\"@id\":\"https:\/\/www.hotel-louis2.com\/de\/geniessen\/#breadcrumb\",\"itemListElement\":[{\"@type\":\"ListItem\",\"position\":1,\"name\":\"Home\",\"item\":\"https:\/\/www.hotel-louis2.com\/de\/hotel-louis-ii-paris\/\"},{\"@type\":\"ListItem\",\"position\":2,\"name\":\"Genie\u00dfen\"}]},{\"@type\":\"WebSite\",\"@id\":\"https:\/\/www.hotel-louis2.com\/de\/#website\",\"url\":\"https:\/\/www.hotel-louis2.com\/de\/\",\"name\":\"H\u00f4tel Louis 2\",\"description\":\"Just another ms.decms.eu site\",\"potentialAction\":[{\"@type\":\"SearchAction\",\"target\":{\"@type\":\"EntryPoint\",\"urlTemplate\":\"https:\/\/www.hotel-louis2.com\/de\/?s={search_term_string}\"},\"query-input\":{\"@type\":\"PropertyValueSpecification\",\"valueRequired\":true,\"valueName\":\"search_term_string\"}}],\"inLanguage\":\"de-DE\"}]}<\/script>\n<!-- \/ Yoast SEO plugin. -->","yoast_head_json":{"title":"Louis II | 4-Sterne-Hotel Paris - Luxembourg | Verw\u00f6hnen Sie sich","description":"Ein Aufenthalt im Louis II? Dann ist es Zeit, zu genie\u00dfen und sich etwas Gutes zu tun. W\u00e4hlen Sie einen unserer \u00c0-la-carte-Dienste und genie\u00dfen Sie Ihren Aufenthalt","robots":{"index":"index","follow":"follow","max-snippet":"max-snippet:-1","max-image-preview":"max-image-preview:large","max-video-preview":"max-video-preview:-1"},"canonical":"https:\/\/www.hotel-louis2.com\/de\/geniessen\/","og_locale":"de_DE","og_type":"article","og_title":"Louis II | 4-Sterne-Hotel Paris - Luxembourg | Verw\u00f6hnen Sie sich","og_description":"Ein Aufenthalt im Louis II? Dann ist es Zeit, zu genie\u00dfen und sich etwas Gutes zu tun. W\u00e4hlen Sie einen unserer \u00c0-la-carte-Dienste und genie\u00dfen Sie Ihren Aufenthalt","og_url":"https:\/\/www.hotel-louis2.com\/de\/geniessen\/","og_site_name":"H\u00f4tel Louis 2","article_modified_time":"2023-06-16T12:12:03+00:00","twitter_card":"summary_large_image","twitter_misc":{"Gesch\u00e4tzte Lesezeit":"1 Minute"},"schema":{"@context":"https:\/\/schema.org","@graph":[{"@type":"WebPage","@id":"https:\/\/www.hotel-louis2.com\/de\/geniessen\/","url":"https:\/\/www.hotel-louis2.com\/de\/geniessen\/","name":"Louis II | 4-Sterne-Hotel Paris - Luxembourg | Verw\u00f6hnen Sie sich","isPartOf":{"@id":"https:\/\/www.hotel-louis2.com\/de\/#website"},"datePublished":"2022-04-05T13:50:18+00:00","dateModified":"2023-06-16T12:12:03+00:00","description":"Ein Aufenthalt im Louis II? Dann ist es Zeit, zu genie\u00dfen und sich etwas Gutes zu tun. W\u00e4hlen Sie einen unserer \u00c0-la-carte-Dienste und genie\u00dfen Sie Ihren Aufenthalt","breadcrumb":{"@id":"https:\/\/www.hotel-louis2.com\/de\/geniessen\/#breadcrumb"},"inLanguage":"de-DE","potentialAction":[{"@type":"ReadAction","target":["https:\/\/www.hotel-louis2.com\/de\/geniessen\/"]}]},{"@type":"BreadcrumbList","@id":"https:\/\/www.hotel-louis2.com\/de\/geniessen\/#breadcrumb","itemListElement":[{"@type":"ListItem","position":1,"name":"Home","item":"https:\/\/www.hotel-louis2.com\/de\/hotel-louis-ii-paris\/"},{"@type":"ListItem","position":2,"name":"Genie\u00dfen"}]},{"@type":"WebSite","@id":"https:\/\/www.hotel-louis2.com\/de\/#website","url":"https:\/\/www.hotel-louis2.com\/de\/","name":"H\u00f4tel Louis 2","description":"Just another ms.decms.eu site","potentialAction":[{"@type":"SearchAction","target":{"@type":"EntryPoint","urlTemplate":"https:\/\/www.hotel-louis2.com\/de\/?s={search_term_string}"},"query-input":{"@type":"PropertyValueSpecification","valueRequired":true,"valueName":"search_term_string"}}],"inLanguage":"de-DE"}]}},"acf":[],"_links":{"self":[{"href":"https:\/\/www.hotel-louis2.com\/de\/wp-json\/wp\/v2\/pages\/742","targetHints":{"allow":["GET"]}}],"collection":[{"href":"https:\/\/www.hotel-louis2.com\/de\/wp-json\/wp\/v2\/pages"}],"about":[{"href":"https:\/\/www.hotel-louis2.com\/de\/wp-json\/wp\/v2\/types\/page"}],"author":[{"embeddable":true,"href":"https:\/\/www.hotel-louis2.com\/de\/wp-json\/wp\/v2\/users\/5"}],"replies":[{"embeddable":true,"href":"https:\/\/www.hotel-louis2.com\/de\/wp-json\/wp\/v2\/comments?post=742"}],"version-history":[{"count":0,"href":"https:\/\/www.hotel-louis2.com\/de\/wp-json\/wp\/v2\/pages\/742\/revisions"}],"wp:attachment":[{"href":"https:\/\/www.hotel-louis2.com\/de\/wp-json\/wp\/v2\/media?parent=742"}],"curies":[{"name":"wp","href":"https:\/\/api.w.org\/{rel}","templated":true}]}}