{"id":746,"date":"2021-09-22T15:16:17","date_gmt":"2021-09-22T15:16:17","guid":{"rendered":"https:\/\/www.hotel-louis2.com\/contact\/"},"modified":"2023-06-16T12:41:31","modified_gmt":"2023-06-16T12:41:31","slug":"kontaktieren-sie-uns","status":"publish","type":"page","link":"https:\/\/www.hotel-louis2.com\/de\/kontaktieren-sie-uns\/","title":{"rendered":"Kontaktieren Sie Uns"},"content":{"rendered":"<p><span data-sheets-value=\"{&quot;1&quot;:2,&quot;2&quot;:&quot;Das Hotel Louis II liegt inmitten des 6. Bezirks der franz\u00f6sischen Hauptstadt und ist mit der Metro, der RER oder dem Bus leicht zu erreichen. Unsere Mitarbeiter stehen Ihnen jederzeit zur Verf\u00fcgung, um Ihnen vor, w\u00e4hrend und nach Ihrem Aufenthalt in Paris bei allen Anliegen behilflich zu sein.&quot;}\" data-sheets-userformat=\"{&quot;2&quot;:4496,&quot;7&quot;:{&quot;1&quot;:[{&quot;1&quot;:2,&quot;2&quot;:0,&quot;5&quot;:{&quot;1&quot;:2,&quot;2&quot;:16777215}},{&quot;1&quot;:0,&quot;2&quot;:0,&quot;3&quot;:3},{&quot;1&quot;:1,&quot;2&quot;:0,&quot;4&quot;:1}]},&quot;10&quot;:2,&quot;11&quot;:4,&quot;15&quot;:&quot;Arial&quot;}\">Das Hotel Louis II liegt inmitten des 6. Bezirks der franz\u00f6sischen Hauptstadt und ist mit der Metro, der RER oder dem Bus leicht zu erreichen. Unsere Mitarbeiter stehen Ihnen jederzeit zur Verf\u00fcgung, um Ihnen vor, w\u00e4hrend und nach Ihrem Aufenthalt in Paris bei allen Anliegen behilflich zu sein.<\/span><\/p>\n\n                <div class='gf_browser_gecko gform_wrapper' id='gform_wrapper_5' ><form method='post' enctype='multipart\/form-data'  id='gform_5'  action='\/de\/wp-json\/wp\/v2\/pages\/746'>\n                        <div class='gform_body'><ul id='gform_fields_5' class='gform_fields top_label form_sublabel_below description_below'><li id='field_5_1'  class='gfield gfield_contains_required field_sublabel_below field_description_below gfield_visibility_visible' ><label class='gfield_label' for='input_5_1' >Name, Vorname<span class='gfield_required'>*<\/span><\/label><div class='ginput_container ginput_container_text'><input name='input_1' id='input_5_1' type='text' value='' class='medium'     aria-required=\"true\" aria-invalid=\"false\" \/><\/div><\/li><li id='field_5_2'  class='gfield gfield_contains_required field_sublabel_below field_description_below gfield_visibility_visible' ><label class='gfield_label' for='input_5_2' >E-Mail-Adresse<span class='gfield_required'>*<\/span><\/label><div class='ginput_container ginput_container_email'>\n                            <input name='input_2' id='input_5_2' type='text' value='' class='medium'    aria-required=\"true\" aria-invalid=\"false\" \/>\n                        <\/div><\/li><li id='field_5_9'  class='gfield field_sublabel_below field_description_below gfield_visibility_visible' ><label class='gfield_label' for='input_5_9' >Telefon<\/label><div class='ginput_container ginput_container_text'><input name='input_9' id='input_5_9' type='text' value='' class='medium'      aria-invalid=\"false\" \/><\/div><\/li><li id='field_5_4'  class='gfield gfield_contains_required field_sublabel_below field_description_below gfield_visibility_visible' ><label class='gfield_label' for='input_5_4' >Betreff<span class='gfield_required'>*<\/span><\/label><div class='ginput_container ginput_container_text'><input name='input_4' id='input_5_4' type='text' value='' class='medium'     aria-required=\"true\" aria-invalid=\"false\" \/><\/div><\/li><li id='field_5_5'  class='gfield gfield_contains_required field_sublabel_below field_description_below gfield_visibility_visible' ><label class='gfield_label' for='input_5_5' >Ihre Nachricht :<span class='gfield_required'>*<\/span><\/label><div class='ginput_container ginput_container_textarea'><textarea name='input_5' id='input_5_5' class='textarea medium'     aria-required=\"true\" aria-invalid=\"false\"   rows='10' cols='50'><\/textarea><\/div><\/li><li id='field_5_6'  class='gfield gfield_contains_required field_sublabel_below field_description_below gfield_visibility_visible' ><label class='gfield_label'  >Rechtliche Erkl\u00e4rung<span class='gfield_required'>*<\/span><\/label><div class='ginput_container ginput_container_checkbox'><ul class='gfield_checkbox' id='input_5_6'><li class='gchoice_5_6_1'>\n\t\t\t\t\t\t\t\t<input name='input_6.1' type='checkbox'  value='Mit der \u00dcbermittlung dieses Formulars stimme ich zu, dass die von mir gemachten Angaben im Rahmen der Gesch\u00e4ftsbeziehung, die sich daraus ergeben kann, verwendet werden k\u00f6nnen.'  id='choice_5_6_1'   \/>\n\t\t\t\t\t\t\t\t<label for='choice_5_6_1' id='label_5_6_1'>Mit der \u00dcbermittlung dieses Formulars stimme ich zu, dass die von mir gemachten Angaben im Rahmen der Gesch\u00e4ftsbeziehung, die sich daraus ergeben kann, verwendet werden k\u00f6nnen.<\/label>\n\t\t\t\t\t\t\t<\/li><\/ul><\/div><\/li><li id='field_5_8'  class='gfield gfield_html gfield_html_formatted gfield_no_follows_desc field_sublabel_below field_description_below gfield_visibility_visible' ><\/li><li id='field_5_7'  class='gfield field_sublabel_below field_description_below gfield_visibility_visible' ><label class='gfield_label' for='input_5_7' >CAPTCHA<\/label><div id='input_5_7' class='ginput_container ginput_recaptcha' data-sitekey='6LeE-xUgAAAAACZKCNAVpCoOKQ2kUSRQQkczYLzT'  data-theme='light' data-tabindex='-1' data-size='invisible' data-badge='bottomright'><\/div><\/li><li id='field_5_10'  class='gfield gform_validation_container field_sublabel_below field_description_below gfield_visibility_visible' ><label class='gfield_label' for='input_5_10' >Comments<\/label><div class='ginput_container'><input name='input_10' id='input_5_10' type='text' value='' \/><\/div><div class='gfield_description' id='gfield_description_5_10'>Dieses Feld dient zur Validierung und sollte nicht ver\u00e4ndert werden.<\/div><\/li>\n                            <\/ul><\/div>\n        <div class='gform_footer top_label'> <input type='submit' id='gform_submit_button_5' class='gform_button button' value='Senden'  onclick='if(window[\"gf_submitting_5\"]){return false;}  window[\"gf_submitting_5\"]=true;  ' onkeypress='if( event.keyCode == 13 ){ if(window[\"gf_submitting_5\"]){return false;} window[\"gf_submitting_5\"]=true;  jQuery(\"#gform_5\").trigger(\"submit\",[true]); }' \/> \n            <input type='hidden' class='gform_hidden' name='is_submit_5' value='1' \/>\n            <input type='hidden' class='gform_hidden' name='gform_submit' value='5' \/>\n            \n            <input type='hidden' class='gform_hidden' name='gform_unique_id' value='' \/>\n            <input type='hidden' class='gform_hidden' name='state_5' value='WyJbXSIsIjMzYmYyMWNkYTJhNzA4YTM1YzdlNzFmY2RiNzcyYTQwIl0=' \/>\n            <input type='hidden' class='gform_hidden' name='gform_target_page_number_5' id='gform_target_page_number_5' value='0' \/>\n            <input type='hidden' class='gform_hidden' name='gform_source_page_number_5' id='gform_source_page_number_5' value='1' \/>\n            <input type='hidden' name='gform_field_values' value='' \/>\n            \n        <\/div>\n                        <\/form>\n                        <\/div><script type='text\/javascript'> jQuery(document).bind('gform_post_render', function(event, formId, currentPage){if(formId == 5) {} } );jQuery(document).bind('gform_post_conditional_logic', function(event, formId, fields, isInit){} );<\/script><script type='text\/javascript'> jQuery(document).ready(function(){jQuery(document).trigger('gform_post_render', [5, 1]) } ); <\/script>\n","protected":false},"excerpt":{"rendered":"<p>Das Hotel Louis II liegt inmitten des 6. Bezirks der franz\u00f6sischen Hauptstadt und ist mit der Metro, der RER oder dem Bus leicht zu erreichen. Unsere Mitarbeiter stehen Ihnen jederzeit zur Verf\u00fcgung, um Ihnen vor, w\u00e4hrend und nach Ihrem Aufenthalt in Paris bei allen Anliegen behilflich zu sein.<\/p>\n","protected":false},"author":5,"featured_media":0,"parent":0,"menu_order":0,"comment_status":"closed","ping_status":"closed","template":"template-contacts.php","meta":{"footnotes":""},"class_list":["post-746","page","type-page","status-publish","hentry"],"yoast_head":"<!-- This site is optimized with the Yoast SEO plugin v26.9 - https:\/\/yoast.com\/product\/yoast-seo-wordpress\/ -->\n<title>H\u00f4tel Louis II | 4-Sterne-Hotel Paris - Quartier Latin | Kontaktieren Sie Uns<\/title>\n<meta name=\"description\" content=\"Das Hotel Louis II liegt im Herzen des 6. Arrondissements von Paris und ist leicht zu erreichen. Haben Sie eine Frage? Z\u00f6gern Sie nicht, uns zu kontaktieren.\" \/>\n<meta name=\"robots\" content=\"index, follow, max-snippet:-1, max-image-preview:large, max-video-preview:-1\" \/>\n<link rel=\"canonical\" href=\"https:\/\/www.hotel-louis2.com\/de\/kontaktieren-sie-uns\/\" \/>\n<meta property=\"og:locale\" content=\"de_DE\" \/>\n<meta property=\"og:type\" content=\"article\" \/>\n<meta property=\"og:title\" content=\"H\u00f4tel Louis II | 4-Sterne-Hotel Paris - Quartier Latin | Kontaktieren Sie Uns\" \/>\n<meta property=\"og:description\" content=\"Das Hotel Louis II liegt im Herzen des 6. Arrondissements von Paris und ist leicht zu erreichen. Haben Sie eine Frage? Z\u00f6gern Sie nicht, uns zu kontaktieren.\" \/>\n<meta property=\"og:url\" content=\"https:\/\/www.hotel-louis2.com\/de\/kontaktieren-sie-uns\/\" \/>\n<meta property=\"og:site_name\" content=\"H\u00f4tel Louis 2\" \/>\n<meta property=\"article:modified_time\" content=\"2023-06-16T12:41:31+00:00\" \/>\n<meta name=\"twitter:card\" content=\"summary_large_image\" \/>\n<meta name=\"twitter:label1\" content=\"Gesch\u00e4tzte Lesezeit\" \/>\n\t<meta name=\"twitter:data1\" content=\"1 Minute\" \/>\n<script type=\"application\/ld+json\" class=\"yoast-schema-graph\">{\"@context\":\"https:\/\/schema.org\",\"@graph\":[{\"@type\":\"WebPage\",\"@id\":\"https:\/\/www.hotel-louis2.com\/de\/kontaktieren-sie-uns\/\",\"url\":\"https:\/\/www.hotel-louis2.com\/de\/kontaktieren-sie-uns\/\",\"name\":\"H\u00f4tel Louis II | 4-Sterne-Hotel Paris - Quartier Latin | Kontaktieren Sie Uns\",\"isPartOf\":{\"@id\":\"https:\/\/www.hotel-louis2.com\/de\/#website\"},\"datePublished\":\"2021-09-22T15:16:17+00:00\",\"dateModified\":\"2023-06-16T12:41:31+00:00\",\"description\":\"Das Hotel Louis II liegt im Herzen des 6. Arrondissements von Paris und ist leicht zu erreichen. Haben Sie eine Frage? Z\u00f6gern Sie nicht, uns zu kontaktieren.\",\"breadcrumb\":{\"@id\":\"https:\/\/www.hotel-louis2.com\/de\/kontaktieren-sie-uns\/#breadcrumb\"},\"inLanguage\":\"de-DE\",\"potentialAction\":[{\"@type\":\"ReadAction\",\"target\":[\"https:\/\/www.hotel-louis2.com\/de\/kontaktieren-sie-uns\/\"]}]},{\"@type\":\"BreadcrumbList\",\"@id\":\"https:\/\/www.hotel-louis2.com\/de\/kontaktieren-sie-uns\/#breadcrumb\",\"itemListElement\":[{\"@type\":\"ListItem\",\"position\":1,\"name\":\"Home\",\"item\":\"https:\/\/www.hotel-louis2.com\/de\/hotel-louis-ii-paris\/\"},{\"@type\":\"ListItem\",\"position\":2,\"name\":\"Kontaktieren Sie Uns\"}]},{\"@type\":\"WebSite\",\"@id\":\"https:\/\/www.hotel-louis2.com\/de\/#website\",\"url\":\"https:\/\/www.hotel-louis2.com\/de\/\",\"name\":\"H\u00f4tel Louis 2\",\"description\":\"Just another ms.decms.eu site\",\"potentialAction\":[{\"@type\":\"SearchAction\",\"target\":{\"@type\":\"EntryPoint\",\"urlTemplate\":\"https:\/\/www.hotel-louis2.com\/de\/?s={search_term_string}\"},\"query-input\":{\"@type\":\"PropertyValueSpecification\",\"valueRequired\":true,\"valueName\":\"search_term_string\"}}],\"inLanguage\":\"de-DE\"}]}<\/script>\n<!-- \/ Yoast SEO plugin. -->","yoast_head_json":{"title":"H\u00f4tel Louis II | 4-Sterne-Hotel Paris - Quartier Latin | Kontaktieren Sie Uns","description":"Das Hotel Louis II liegt im Herzen des 6. Arrondissements von Paris und ist leicht zu erreichen. Haben Sie eine Frage? Z\u00f6gern Sie nicht, uns zu kontaktieren.","robots":{"index":"index","follow":"follow","max-snippet":"max-snippet:-1","max-image-preview":"max-image-preview:large","max-video-preview":"max-video-preview:-1"},"canonical":"https:\/\/www.hotel-louis2.com\/de\/kontaktieren-sie-uns\/","og_locale":"de_DE","og_type":"article","og_title":"H\u00f4tel Louis II | 4-Sterne-Hotel Paris - Quartier Latin | Kontaktieren Sie Uns","og_description":"Das Hotel Louis II liegt im Herzen des 6. Arrondissements von Paris und ist leicht zu erreichen. Haben Sie eine Frage? Z\u00f6gern Sie nicht, uns zu kontaktieren.","og_url":"https:\/\/www.hotel-louis2.com\/de\/kontaktieren-sie-uns\/","og_site_name":"H\u00f4tel Louis 2","article_modified_time":"2023-06-16T12:41:31+00:00","twitter_card":"summary_large_image","twitter_misc":{"Gesch\u00e4tzte Lesezeit":"1 Minute"},"schema":{"@context":"https:\/\/schema.org","@graph":[{"@type":"WebPage","@id":"https:\/\/www.hotel-louis2.com\/de\/kontaktieren-sie-uns\/","url":"https:\/\/www.hotel-louis2.com\/de\/kontaktieren-sie-uns\/","name":"H\u00f4tel Louis II | 4-Sterne-Hotel Paris - Quartier Latin | Kontaktieren Sie Uns","isPartOf":{"@id":"https:\/\/www.hotel-louis2.com\/de\/#website"},"datePublished":"2021-09-22T15:16:17+00:00","dateModified":"2023-06-16T12:41:31+00:00","description":"Das Hotel Louis II liegt im Herzen des 6. Arrondissements von Paris und ist leicht zu erreichen. Haben Sie eine Frage? Z\u00f6gern Sie nicht, uns zu kontaktieren.","breadcrumb":{"@id":"https:\/\/www.hotel-louis2.com\/de\/kontaktieren-sie-uns\/#breadcrumb"},"inLanguage":"de-DE","potentialAction":[{"@type":"ReadAction","target":["https:\/\/www.hotel-louis2.com\/de\/kontaktieren-sie-uns\/"]}]},{"@type":"BreadcrumbList","@id":"https:\/\/www.hotel-louis2.com\/de\/kontaktieren-sie-uns\/#breadcrumb","itemListElement":[{"@type":"ListItem","position":1,"name":"Home","item":"https:\/\/www.hotel-louis2.com\/de\/hotel-louis-ii-paris\/"},{"@type":"ListItem","position":2,"name":"Kontaktieren Sie Uns"}]},{"@type":"WebSite","@id":"https:\/\/www.hotel-louis2.com\/de\/#website","url":"https:\/\/www.hotel-louis2.com\/de\/","name":"H\u00f4tel Louis 2","description":"Just another ms.decms.eu site","potentialAction":[{"@type":"SearchAction","target":{"@type":"EntryPoint","urlTemplate":"https:\/\/www.hotel-louis2.com\/de\/?s={search_term_string}"},"query-input":{"@type":"PropertyValueSpecification","valueRequired":true,"valueName":"search_term_string"}}],"inLanguage":"de-DE"}]}},"acf":[],"_links":{"self":[{"href":"https:\/\/www.hotel-louis2.com\/de\/wp-json\/wp\/v2\/pages\/746","targetHints":{"allow":["GET"]}}],"collection":[{"href":"https:\/\/www.hotel-louis2.com\/de\/wp-json\/wp\/v2\/pages"}],"about":[{"href":"https:\/\/www.hotel-louis2.com\/de\/wp-json\/wp\/v2\/types\/page"}],"author":[{"embeddable":true,"href":"https:\/\/www.hotel-louis2.com\/de\/wp-json\/wp\/v2\/users\/5"}],"replies":[{"embeddable":true,"href":"https:\/\/www.hotel-louis2.com\/de\/wp-json\/wp\/v2\/comments?post=746"}],"version-history":[{"count":0,"href":"https:\/\/www.hotel-louis2.com\/de\/wp-json\/wp\/v2\/pages\/746\/revisions"}],"wp:attachment":[{"href":"https:\/\/www.hotel-louis2.com\/de\/wp-json\/wp\/v2\/media?parent=746"}],"curies":[{"name":"wp","href":"https:\/\/api.w.org\/{rel}","templated":true}]}}