{"id":749,"date":"2021-09-22T15:49:39","date_gmt":"2021-09-22T15:49:39","guid":{"rendered":"https:\/\/www.hotel-louis2.com\/le-quartier-du-louis-ii\/"},"modified":"2023-06-16T14:45:39","modified_gmt":"2023-06-16T14:45:39","slug":"besichtigungen","status":"publish","type":"page","link":"https:\/\/www.hotel-louis2.com\/de\/besichtigungen\/","title":{"rendered":"Besichtigungen"},"content":{"rendered":"<p><span data-sheets-value=\"{&quot;1&quot;:2,&quot;2&quot;:&quot;Das Louis II ist ein charmantes Hotel nur wenige Schritte vom Jardin du Luxembourg, der Od\u00e9on-Kreuzung, der Kirche Saint-Sulpice und dem Senat entfernt.&quot;}\" data-sheets-userformat=\"{&quot;2&quot;:4496,&quot;7&quot;:{&quot;1&quot;:[{&quot;1&quot;:2,&quot;2&quot;:0,&quot;5&quot;:{&quot;1&quot;:2,&quot;2&quot;:16777215}},{&quot;1&quot;:0,&quot;2&quot;:0,&quot;3&quot;:3},{&quot;1&quot;:1,&quot;2&quot;:0,&quot;4&quot;:1}]},&quot;10&quot;:2,&quot;11&quot;:4,&quot;15&quot;:&quot;Arial&quot;}\">Das Louis II ist ein charmantes Hotel nur wenige Schritte vom Jardin du Luxembourg, der Od\u00e9on-Kreuzung, der Kirche Saint-Sulpice und dem Senat entfernt.<\/span><\/p>\n<p><span data-sheets-value=\"{&quot;1&quot;:2,&quot;2&quot;:&quot;Dieses schicke und trendige Viertel im Herzen des 6. Arrondissements ist das Herz der franz\u00f6sischen Kultur. In dieser Hochburg des Pariser Geisteslebens, der kleinen Buchhandlungen und Antiquariate, der Caf\u00e9s und Kunstgalerien leben Sie wie die gro\u00dfen Pers\u00f6nlichkeiten des vorigen Jahrhunderts.&quot;}\" data-sheets-userformat=\"{&quot;2&quot;:4496,&quot;7&quot;:{&quot;1&quot;:[{&quot;1&quot;:2,&quot;2&quot;:0,&quot;5&quot;:{&quot;1&quot;:2,&quot;2&quot;:16777215}},{&quot;1&quot;:0,&quot;2&quot;:0,&quot;3&quot;:3},{&quot;1&quot;:1,&quot;2&quot;:0,&quot;4&quot;:1}]},&quot;10&quot;:2,&quot;11&quot;:4,&quot;15&quot;:&quot;Arial&quot;}\">Dieses <strong>schicke und trendige<\/strong> Viertel im Herzen des 6. Arrondissements ist das Herz der franz\u00f6sischen Kultur. In dieser Hochburg des Pariser Geisteslebens, der kleinen Buchhandlungen und Antiquariate, der Caf\u00e9s und Kunstgalerien leben Sie wie die gro\u00dfen Pers\u00f6nlichkeiten des vorigen Jahrhunderts.<\/span><\/p>\n<p><span data-sheets-value=\"{&quot;1&quot;:2,&quot;2&quot;:&quot;Wenn Sie durch dieses historische und quirlige Viertel flanieren, k\u00f6nnen Sie:&quot;}\" data-sheets-userformat=\"{&quot;2&quot;:4496,&quot;7&quot;:{&quot;1&quot;:[{&quot;1&quot;:2,&quot;2&quot;:0,&quot;5&quot;:{&quot;1&quot;:2,&quot;2&quot;:16777215}},{&quot;1&quot;:0,&quot;2&quot;:0,&quot;3&quot;:3},{&quot;1&quot;:1,&quot;2&quot;:0,&quot;4&quot;:1}]},&quot;10&quot;:2,&quot;11&quot;:4,&quot;15&quot;:&quot;Arial&quot;}\">Wenn Sie durch dieses historische und quirlige Viertel flanieren, k\u00f6nnen Sie:<\/span><\/p>\n<p><span data-sheets-value=\"{&quot;1&quot;:2,&quot;2&quot;:&quot;\u2022 in den anliegenden gelegenen Stra\u00dfen und Gassen, in Les Halles Saint-Germain und Le Bon March\u00e9 shoppen.&quot;}\" data-sheets-userformat=\"{&quot;2&quot;:4496,&quot;7&quot;:{&quot;1&quot;:[{&quot;1&quot;:2,&quot;2&quot;:0,&quot;5&quot;:{&quot;1&quot;:2,&quot;2&quot;:16777215}},{&quot;1&quot;:0,&quot;2&quot;:0,&quot;3&quot;:3},{&quot;1&quot;:1,&quot;2&quot;:0,&quot;4&quot;:1}]},&quot;10&quot;:2,&quot;11&quot;:4,&quot;15&quot;:&quot;Arial&quot;}\">\u2022 in den anliegenden gelegenen Stra\u00dfen und Gassen, in Les Halles Saint-Germain und Le Bon March\u00e9 shoppen.<\/span><\/p>\n<p><span data-sheets-value=\"{&quot;1&quot;:2,&quot;2&quot;:&quot;\u2022 sich auf die Terrasse des Caf\u00e9 des Deux Magots oder Caf\u00e9 de Flore setzen.&quot;}\" data-sheets-userformat=\"{&quot;2&quot;:4496,&quot;7&quot;:{&quot;1&quot;:[{&quot;1&quot;:2,&quot;2&quot;:0,&quot;5&quot;:{&quot;1&quot;:2,&quot;2&quot;:16777215}},{&quot;1&quot;:0,&quot;2&quot;:0,&quot;3&quot;:3},{&quot;1&quot;:1,&quot;2&quot;:0,&quot;4&quot;:1}]},&quot;10&quot;:2,&quot;11&quot;:4,&quot;15&quot;:&quot;Arial&quot;}\">\u2022 sich auf die Terrasse des Caf\u00e9 des Deux Magots oder Caf\u00e9 de Flore setzen.<\/span><\/p>\n<p><span data-sheets-value=\"{&quot;1&quot;:2,&quot;2&quot;:&quot;\u2022 durch die Museen bummeln, G\u00e4rten und Denkm\u00e4ler besuchen.&quot;}\" data-sheets-userformat=\"{&quot;2&quot;:4496,&quot;7&quot;:{&quot;1&quot;:[{&quot;1&quot;:2,&quot;2&quot;:0,&quot;5&quot;:{&quot;1&quot;:2,&quot;2&quot;:16777215}},{&quot;1&quot;:0,&quot;2&quot;:0,&quot;3&quot;:3},{&quot;1&quot;:1,&quot;2&quot;:0,&quot;4&quot;:1}]},&quot;10&quot;:2,&quot;11&quot;:4,&quot;15&quot;:&quot;Arial&quot;}\">\u2022 durch die Museen bummeln, G\u00e4rten und Denkm\u00e4ler besuchen.<\/span><\/p>\n","protected":false},"excerpt":{"rendered":"<p>Das Louis II ist ein charmantes Hotel nur wenige Schritte vom Jardin du Luxembourg, der Od\u00e9on-Kreuzung, der Kirche Saint-Sulpice und dem Senat entfernt. Dieses schicke und trendige Viertel im Herzen des 6. Arrondissements ist das Herz der franz\u00f6sischen Kultur. In dieser Hochburg des Pariser Geisteslebens, der kleinen Buchhandlungen und Antiquariate, der Caf\u00e9s und Kunstgalerien leben [&hellip;]<\/p>\n","protected":false},"author":5,"featured_media":0,"parent":0,"menu_order":0,"comment_status":"closed","ping_status":"closed","template":"template-surroundings.php","meta":{"footnotes":""},"class_list":["post-749","page","type-page","status-publish","hentry"],"yoast_head":"<!-- This site is optimized with the Yoast SEO plugin v26.9 - https:\/\/yoast.com\/product\/yoast-seo-wordpress\/ -->\n<title>Louis II | Hotel 4-Sterne-Hotel Paris - Luxembourg | Eine tempokulturelle Reise<\/title>\n<meta name=\"description\" content=\"Das Quartier Saint Germain des Pr\u00e9s ist voller geheimer Adressen f\u00fcr Kulturliebhaber. Finden Sie unsere Fetisch-Adressen hier...\" \/>\n<meta name=\"robots\" content=\"index, follow, max-snippet:-1, max-image-preview:large, max-video-preview:-1\" \/>\n<link rel=\"canonical\" href=\"https:\/\/www.hotel-louis2.com\/de\/besichtigungen\/\" \/>\n<meta property=\"og:locale\" content=\"de_DE\" \/>\n<meta property=\"og:type\" content=\"article\" \/>\n<meta property=\"og:title\" content=\"Louis II | Hotel 4-Sterne-Hotel Paris - Luxembourg | Eine tempokulturelle Reise\" \/>\n<meta property=\"og:description\" content=\"Das Quartier Saint Germain des Pr\u00e9s ist voller geheimer Adressen f\u00fcr Kulturliebhaber. Finden Sie unsere Fetisch-Adressen hier...\" \/>\n<meta property=\"og:url\" content=\"https:\/\/www.hotel-louis2.com\/de\/besichtigungen\/\" \/>\n<meta property=\"og:site_name\" content=\"H\u00f4tel Louis 2\" \/>\n<meta property=\"article:modified_time\" content=\"2023-06-16T14:45:39+00:00\" \/>\n<meta name=\"twitter:card\" content=\"summary_large_image\" \/>\n<meta name=\"twitter:label1\" content=\"Gesch\u00e4tzte Lesezeit\" \/>\n\t<meta name=\"twitter:data1\" content=\"1 Minute\" \/>\n<script type=\"application\/ld+json\" class=\"yoast-schema-graph\">{\"@context\":\"https:\/\/schema.org\",\"@graph\":[{\"@type\":\"WebPage\",\"@id\":\"https:\/\/www.hotel-louis2.com\/de\/besichtigungen\/\",\"url\":\"https:\/\/www.hotel-louis2.com\/de\/besichtigungen\/\",\"name\":\"Louis II | Hotel 4-Sterne-Hotel Paris - Luxembourg | Eine tempokulturelle Reise\",\"isPartOf\":{\"@id\":\"https:\/\/www.hotel-louis2.com\/de\/#website\"},\"datePublished\":\"2021-09-22T15:49:39+00:00\",\"dateModified\":\"2023-06-16T14:45:39+00:00\",\"description\":\"Das Quartier Saint Germain des Pr\u00e9s ist voller geheimer Adressen f\u00fcr Kulturliebhaber. Finden Sie unsere Fetisch-Adressen hier...\",\"breadcrumb\":{\"@id\":\"https:\/\/www.hotel-louis2.com\/de\/besichtigungen\/#breadcrumb\"},\"inLanguage\":\"de-DE\",\"potentialAction\":[{\"@type\":\"ReadAction\",\"target\":[\"https:\/\/www.hotel-louis2.com\/de\/besichtigungen\/\"]}]},{\"@type\":\"BreadcrumbList\",\"@id\":\"https:\/\/www.hotel-louis2.com\/de\/besichtigungen\/#breadcrumb\",\"itemListElement\":[{\"@type\":\"ListItem\",\"position\":1,\"name\":\"Home\",\"item\":\"https:\/\/www.hotel-louis2.com\/de\/hotel-louis-ii-paris\/\"},{\"@type\":\"ListItem\",\"position\":2,\"name\":\"Besichtigungen\"}]},{\"@type\":\"WebSite\",\"@id\":\"https:\/\/www.hotel-louis2.com\/de\/#website\",\"url\":\"https:\/\/www.hotel-louis2.com\/de\/\",\"name\":\"H\u00f4tel Louis 2\",\"description\":\"Just another ms.decms.eu site\",\"potentialAction\":[{\"@type\":\"SearchAction\",\"target\":{\"@type\":\"EntryPoint\",\"urlTemplate\":\"https:\/\/www.hotel-louis2.com\/de\/?s={search_term_string}\"},\"query-input\":{\"@type\":\"PropertyValueSpecification\",\"valueRequired\":true,\"valueName\":\"search_term_string\"}}],\"inLanguage\":\"de-DE\"}]}<\/script>\n<!-- \/ Yoast SEO plugin. -->","yoast_head_json":{"title":"Louis II | Hotel 4-Sterne-Hotel Paris - Luxembourg | Eine tempokulturelle Reise","description":"Das Quartier Saint Germain des Pr\u00e9s ist voller geheimer Adressen f\u00fcr Kulturliebhaber. Finden Sie unsere Fetisch-Adressen hier...","robots":{"index":"index","follow":"follow","max-snippet":"max-snippet:-1","max-image-preview":"max-image-preview:large","max-video-preview":"max-video-preview:-1"},"canonical":"https:\/\/www.hotel-louis2.com\/de\/besichtigungen\/","og_locale":"de_DE","og_type":"article","og_title":"Louis II | Hotel 4-Sterne-Hotel Paris - Luxembourg | Eine tempokulturelle Reise","og_description":"Das Quartier Saint Germain des Pr\u00e9s ist voller geheimer Adressen f\u00fcr Kulturliebhaber. Finden Sie unsere Fetisch-Adressen hier...","og_url":"https:\/\/www.hotel-louis2.com\/de\/besichtigungen\/","og_site_name":"H\u00f4tel Louis 2","article_modified_time":"2023-06-16T14:45:39+00:00","twitter_card":"summary_large_image","twitter_misc":{"Gesch\u00e4tzte Lesezeit":"1 Minute"},"schema":{"@context":"https:\/\/schema.org","@graph":[{"@type":"WebPage","@id":"https:\/\/www.hotel-louis2.com\/de\/besichtigungen\/","url":"https:\/\/www.hotel-louis2.com\/de\/besichtigungen\/","name":"Louis II | Hotel 4-Sterne-Hotel Paris - Luxembourg | Eine tempokulturelle Reise","isPartOf":{"@id":"https:\/\/www.hotel-louis2.com\/de\/#website"},"datePublished":"2021-09-22T15:49:39+00:00","dateModified":"2023-06-16T14:45:39+00:00","description":"Das Quartier Saint Germain des Pr\u00e9s ist voller geheimer Adressen f\u00fcr Kulturliebhaber. Finden Sie unsere Fetisch-Adressen hier...","breadcrumb":{"@id":"https:\/\/www.hotel-louis2.com\/de\/besichtigungen\/#breadcrumb"},"inLanguage":"de-DE","potentialAction":[{"@type":"ReadAction","target":["https:\/\/www.hotel-louis2.com\/de\/besichtigungen\/"]}]},{"@type":"BreadcrumbList","@id":"https:\/\/www.hotel-louis2.com\/de\/besichtigungen\/#breadcrumb","itemListElement":[{"@type":"ListItem","position":1,"name":"Home","item":"https:\/\/www.hotel-louis2.com\/de\/hotel-louis-ii-paris\/"},{"@type":"ListItem","position":2,"name":"Besichtigungen"}]},{"@type":"WebSite","@id":"https:\/\/www.hotel-louis2.com\/de\/#website","url":"https:\/\/www.hotel-louis2.com\/de\/","name":"H\u00f4tel Louis 2","description":"Just another ms.decms.eu site","potentialAction":[{"@type":"SearchAction","target":{"@type":"EntryPoint","urlTemplate":"https:\/\/www.hotel-louis2.com\/de\/?s={search_term_string}"},"query-input":{"@type":"PropertyValueSpecification","valueRequired":true,"valueName":"search_term_string"}}],"inLanguage":"de-DE"}]}},"acf":[],"_links":{"self":[{"href":"https:\/\/www.hotel-louis2.com\/de\/wp-json\/wp\/v2\/pages\/749","targetHints":{"allow":["GET"]}}],"collection":[{"href":"https:\/\/www.hotel-louis2.com\/de\/wp-json\/wp\/v2\/pages"}],"about":[{"href":"https:\/\/www.hotel-louis2.com\/de\/wp-json\/wp\/v2\/types\/page"}],"author":[{"embeddable":true,"href":"https:\/\/www.hotel-louis2.com\/de\/wp-json\/wp\/v2\/users\/5"}],"replies":[{"embeddable":true,"href":"https:\/\/www.hotel-louis2.com\/de\/wp-json\/wp\/v2\/comments?post=749"}],"version-history":[{"count":0,"href":"https:\/\/www.hotel-louis2.com\/de\/wp-json\/wp\/v2\/pages\/749\/revisions"}],"wp:attachment":[{"href":"https:\/\/www.hotel-louis2.com\/de\/wp-json\/wp\/v2\/media?parent=749"}],"curies":[{"name":"wp","href":"https:\/\/api.w.org\/{rel}","templated":true}]}}