{"id":755,"date":"2021-09-22T15:49:22","date_gmt":"2021-09-22T15:49:22","guid":{"rendered":"https:\/\/www.hotel-louis2.com\/la-signature-louis-ii\/"},"modified":"2023-06-16T15:12:47","modified_gmt":"2023-06-16T15:12:47","slug":"unsere-handschrift","status":"publish","type":"page","link":"https:\/\/www.hotel-louis2.com\/de\/unsere-handschrift\/","title":{"rendered":"Unsere Handschrift"},"content":{"rendered":"<p><span data-sheets-value=\"{&quot;1&quot;:2,&quot;2&quot;:&quot;Das Hotel Louis II liegt in einem der Viertel mit dem typischen franz\u00f6sischen Chic im Herzen des 6. Bezirks in der Rue Saint-Sulpice inmitten eines Viertels, das von K\u00fcnstlern geliebt wird und schon von den Gr\u00f6\u00dften besungen wurde: Sartre, Picasso, Simone de Beauvoir... Saint-Germain-des-Pr\u00e9s ist voller kleiner gastronomischer Perlen, aber auch Shoppingfans kommen hier auf ihre Kosten. Unser Team verr\u00e4t Ihnen gerne seine Geheimtipps, um Ihnen einen unvergesslichen Aufenthalt zu bereiten! Das Louis II ist mehr als ein Hotel: Es ist ein wahres kleines Schmuckk\u00e4stchen, in dem Sie in einer gem\u00fctlichen und intimen Atmosph\u00e4re kleine Auszeiten bei einem Drink oder ein paar Tapas nehmen k\u00f6nnen.&quot;}\" data-sheets-userformat=\"{&quot;2&quot;:4496,&quot;7&quot;:{&quot;1&quot;:[{&quot;1&quot;:2,&quot;2&quot;:0,&quot;5&quot;:{&quot;1&quot;:2,&quot;2&quot;:16777215}},{&quot;1&quot;:0,&quot;2&quot;:0,&quot;3&quot;:3},{&quot;1&quot;:1,&quot;2&quot;:0,&quot;4&quot;:1}]},&quot;10&quot;:2,&quot;11&quot;:4,&quot;15&quot;:&quot;Arial&quot;}\">Das <strong>Hotel Louis II<\/strong> liegt in einem der Viertel mit dem <strong>typischen franz\u00f6sischen<\/strong> <strong>Chic<\/strong> im Herzen des 6. Bezirks in der Rue Saint-Sulpice inmitten eines Viertels, das von K\u00fcnstlern geliebt wird und schon von den Gr\u00f6\u00dften besungen wurde: Sartre, Picasso, Simone de Beauvoir&#8230; Saint-Germain-des-Pr\u00e9s ist voller kleiner gastronomischer Perlen, aber auch Shoppingfans kommen hier auf ihre Kosten. Unser Team verr\u00e4t Ihnen gerne seine Geheimtipps, um Ihnen einen<strong> unvergesslichen Aufenthalt<\/strong> zu bereiten! Das Louis II ist mehr als ein Hotel: Es ist ein wahres <strong>kleines Schmuckk\u00e4stchen<\/strong>, in dem Sie in einer gem\u00fctlichen und intimen Atmosph\u00e4re kleine Auszeiten bei einem Drink oder ein paar Tapas nehmen k\u00f6nnen.<\/span><\/p>\n<p><span data-sheets-value=\"{&quot;1&quot;:2,&quot;2&quot;:&quot;Treten Sie durch die T\u00fcr der Rue Saint-Sulpice Nr. 2 und tauchen Sie in fast ein Jahrhundert Geschichte ein. Eine Geschichte, die heute gemeinsam mit Ihnen fortgeschrieben wird, in der es im Rhythmus des Jahrhunderts zu Neuerungen kommt, und die bis in die kleinsten Details hinein immer reicher ausgestaltet wird.&quot;}\" data-sheets-userformat=\"{&quot;2&quot;:4496,&quot;7&quot;:{&quot;1&quot;:[{&quot;1&quot;:2,&quot;2&quot;:0,&quot;5&quot;:{&quot;1&quot;:2,&quot;2&quot;:16777215}},{&quot;1&quot;:0,&quot;2&quot;:0,&quot;3&quot;:3},{&quot;1&quot;:1,&quot;2&quot;:0,&quot;4&quot;:1}]},&quot;10&quot;:2,&quot;11&quot;:4,&quot;15&quot;:&quot;Arial&quot;}\">Treten Sie durch die T\u00fcr der Rue Saint-Sulpice Nr. 2 und tauchen Sie in fast ein Jahrhundert Geschichte ein. Eine<strong> Geschichte<\/strong>, die heute gemeinsam mit Ihnen fortgeschrieben wird, in der es im Rhythmus des Jahrhunderts zu Neuerungen kommt, und die bis in die <strong>kleinsten Details<\/strong> hinein immer reicher ausgestaltet wird.<\/span><\/p>\n","protected":false},"excerpt":{"rendered":"<p>Das Hotel Louis II liegt in einem der Viertel mit dem typischen franz\u00f6sischen Chic im Herzen des 6. Bezirks in der Rue Saint-Sulpice inmitten eines Viertels, das von K\u00fcnstlern geliebt wird und schon von den Gr\u00f6\u00dften besungen wurde: Sartre, Picasso, Simone de Beauvoir&#8230; Saint-Germain-des-Pr\u00e9s ist voller kleiner gastronomischer Perlen, aber auch Shoppingfans kommen hier auf [&hellip;]<\/p>\n","protected":false},"author":5,"featured_media":0,"parent":0,"menu_order":0,"comment_status":"closed","ping_status":"closed","template":"","meta":{"footnotes":""},"class_list":["post-755","page","type-page","status-publish","hentry"],"yoast_head":"<!-- This site is optimized with the Yoast SEO plugin v26.9 - https:\/\/yoast.com\/product\/yoast-seo-wordpress\/ -->\n<title>H\u00f4tel Louis II | 4-Sterne-Hotel Paris - Luxembourg | Unsere geschichte Handschrift<\/title>\n<meta name=\"description\" content=\"Louis II : ein wahres kleines Schmuckk\u00e4stchen im Herzen des intellektuellen Viertels Saint Germains des Pr\u00e9s. Lassen Sie sich von den gr\u00f6\u00dften Denkern inspirieren...\" \/>\n<meta name=\"robots\" content=\"index, follow, max-snippet:-1, max-image-preview:large, max-video-preview:-1\" \/>\n<link rel=\"canonical\" href=\"https:\/\/www.hotel-louis2.com\/de\/unsere-handschrift\/\" \/>\n<meta property=\"og:locale\" content=\"de_DE\" \/>\n<meta property=\"og:type\" content=\"article\" \/>\n<meta property=\"og:title\" content=\"H\u00f4tel Louis II | 4-Sterne-Hotel Paris - Luxembourg | Unsere geschichte Handschrift\" \/>\n<meta property=\"og:description\" content=\"Louis II : ein wahres kleines Schmuckk\u00e4stchen im Herzen des intellektuellen Viertels Saint Germains des Pr\u00e9s. Lassen Sie sich von den gr\u00f6\u00dften Denkern inspirieren...\" \/>\n<meta property=\"og:url\" content=\"https:\/\/www.hotel-louis2.com\/de\/unsere-handschrift\/\" \/>\n<meta property=\"og:site_name\" content=\"H\u00f4tel Louis 2\" \/>\n<meta property=\"article:modified_time\" content=\"2023-06-16T15:12:47+00:00\" \/>\n<meta name=\"twitter:card\" content=\"summary_large_image\" \/>\n<meta name=\"twitter:label1\" content=\"Gesch\u00e4tzte Lesezeit\" \/>\n\t<meta name=\"twitter:data1\" content=\"1 Minute\" \/>\n<script type=\"application\/ld+json\" class=\"yoast-schema-graph\">{\"@context\":\"https:\/\/schema.org\",\"@graph\":[{\"@type\":\"WebPage\",\"@id\":\"https:\/\/www.hotel-louis2.com\/de\/unsere-handschrift\/\",\"url\":\"https:\/\/www.hotel-louis2.com\/de\/unsere-handschrift\/\",\"name\":\"H\u00f4tel Louis II | 4-Sterne-Hotel Paris - Luxembourg | Unsere geschichte Handschrift\",\"isPartOf\":{\"@id\":\"https:\/\/www.hotel-louis2.com\/de\/#website\"},\"datePublished\":\"2021-09-22T15:49:22+00:00\",\"dateModified\":\"2023-06-16T15:12:47+00:00\",\"description\":\"Louis II : ein wahres kleines Schmuckk\u00e4stchen im Herzen des intellektuellen Viertels Saint Germains des Pr\u00e9s. Lassen Sie sich von den gr\u00f6\u00dften Denkern inspirieren...\",\"breadcrumb\":{\"@id\":\"https:\/\/www.hotel-louis2.com\/de\/unsere-handschrift\/#breadcrumb\"},\"inLanguage\":\"de-DE\",\"potentialAction\":[{\"@type\":\"ReadAction\",\"target\":[\"https:\/\/www.hotel-louis2.com\/de\/unsere-handschrift\/\"]}]},{\"@type\":\"BreadcrumbList\",\"@id\":\"https:\/\/www.hotel-louis2.com\/de\/unsere-handschrift\/#breadcrumb\",\"itemListElement\":[{\"@type\":\"ListItem\",\"position\":1,\"name\":\"Home\",\"item\":\"https:\/\/www.hotel-louis2.com\/de\/hotel-louis-ii-paris\/\"},{\"@type\":\"ListItem\",\"position\":2,\"name\":\"Unsere Handschrift\"}]},{\"@type\":\"WebSite\",\"@id\":\"https:\/\/www.hotel-louis2.com\/de\/#website\",\"url\":\"https:\/\/www.hotel-louis2.com\/de\/\",\"name\":\"H\u00f4tel Louis 2\",\"description\":\"Just another ms.decms.eu site\",\"potentialAction\":[{\"@type\":\"SearchAction\",\"target\":{\"@type\":\"EntryPoint\",\"urlTemplate\":\"https:\/\/www.hotel-louis2.com\/de\/?s={search_term_string}\"},\"query-input\":{\"@type\":\"PropertyValueSpecification\",\"valueRequired\":true,\"valueName\":\"search_term_string\"}}],\"inLanguage\":\"de-DE\"}]}<\/script>\n<!-- \/ Yoast SEO plugin. -->","yoast_head_json":{"title":"H\u00f4tel Louis II | 4-Sterne-Hotel Paris - Luxembourg | Unsere geschichte Handschrift","description":"Louis II : ein wahres kleines Schmuckk\u00e4stchen im Herzen des intellektuellen Viertels Saint Germains des Pr\u00e9s. Lassen Sie sich von den gr\u00f6\u00dften Denkern inspirieren...","robots":{"index":"index","follow":"follow","max-snippet":"max-snippet:-1","max-image-preview":"max-image-preview:large","max-video-preview":"max-video-preview:-1"},"canonical":"https:\/\/www.hotel-louis2.com\/de\/unsere-handschrift\/","og_locale":"de_DE","og_type":"article","og_title":"H\u00f4tel Louis II | 4-Sterne-Hotel Paris - Luxembourg | Unsere geschichte Handschrift","og_description":"Louis II : ein wahres kleines Schmuckk\u00e4stchen im Herzen des intellektuellen Viertels Saint Germains des Pr\u00e9s. Lassen Sie sich von den gr\u00f6\u00dften Denkern inspirieren...","og_url":"https:\/\/www.hotel-louis2.com\/de\/unsere-handschrift\/","og_site_name":"H\u00f4tel Louis 2","article_modified_time":"2023-06-16T15:12:47+00:00","twitter_card":"summary_large_image","twitter_misc":{"Gesch\u00e4tzte Lesezeit":"1 Minute"},"schema":{"@context":"https:\/\/schema.org","@graph":[{"@type":"WebPage","@id":"https:\/\/www.hotel-louis2.com\/de\/unsere-handschrift\/","url":"https:\/\/www.hotel-louis2.com\/de\/unsere-handschrift\/","name":"H\u00f4tel Louis II | 4-Sterne-Hotel Paris - Luxembourg | Unsere geschichte Handschrift","isPartOf":{"@id":"https:\/\/www.hotel-louis2.com\/de\/#website"},"datePublished":"2021-09-22T15:49:22+00:00","dateModified":"2023-06-16T15:12:47+00:00","description":"Louis II : ein wahres kleines Schmuckk\u00e4stchen im Herzen des intellektuellen Viertels Saint Germains des Pr\u00e9s. Lassen Sie sich von den gr\u00f6\u00dften Denkern inspirieren...","breadcrumb":{"@id":"https:\/\/www.hotel-louis2.com\/de\/unsere-handschrift\/#breadcrumb"},"inLanguage":"de-DE","potentialAction":[{"@type":"ReadAction","target":["https:\/\/www.hotel-louis2.com\/de\/unsere-handschrift\/"]}]},{"@type":"BreadcrumbList","@id":"https:\/\/www.hotel-louis2.com\/de\/unsere-handschrift\/#breadcrumb","itemListElement":[{"@type":"ListItem","position":1,"name":"Home","item":"https:\/\/www.hotel-louis2.com\/de\/hotel-louis-ii-paris\/"},{"@type":"ListItem","position":2,"name":"Unsere Handschrift"}]},{"@type":"WebSite","@id":"https:\/\/www.hotel-louis2.com\/de\/#website","url":"https:\/\/www.hotel-louis2.com\/de\/","name":"H\u00f4tel Louis 2","description":"Just another ms.decms.eu site","potentialAction":[{"@type":"SearchAction","target":{"@type":"EntryPoint","urlTemplate":"https:\/\/www.hotel-louis2.com\/de\/?s={search_term_string}"},"query-input":{"@type":"PropertyValueSpecification","valueRequired":true,"valueName":"search_term_string"}}],"inLanguage":"de-DE"}]}},"acf":[],"_links":{"self":[{"href":"https:\/\/www.hotel-louis2.com\/de\/wp-json\/wp\/v2\/pages\/755","targetHints":{"allow":["GET"]}}],"collection":[{"href":"https:\/\/www.hotel-louis2.com\/de\/wp-json\/wp\/v2\/pages"}],"about":[{"href":"https:\/\/www.hotel-louis2.com\/de\/wp-json\/wp\/v2\/types\/page"}],"author":[{"embeddable":true,"href":"https:\/\/www.hotel-louis2.com\/de\/wp-json\/wp\/v2\/users\/5"}],"replies":[{"embeddable":true,"href":"https:\/\/www.hotel-louis2.com\/de\/wp-json\/wp\/v2\/comments?post=755"}],"version-history":[{"count":0,"href":"https:\/\/www.hotel-louis2.com\/de\/wp-json\/wp\/v2\/pages\/755\/revisions"}],"wp:attachment":[{"href":"https:\/\/www.hotel-louis2.com\/de\/wp-json\/wp\/v2\/media?parent=755"}],"curies":[{"name":"wp","href":"https:\/\/api.w.org\/{rel}","templated":true}]}}