{"id":759,"date":"2021-09-22T15:48:41","date_gmt":"2021-09-22T15:48:41","guid":{"rendered":"https:\/\/www.hotel-louis2.com\/nos-partenaires-signature\/"},"modified":"2023-06-16T15:23:14","modified_gmt":"2023-06-16T15:23:14","slug":"partner","status":"publish","type":"page","link":"https:\/\/www.hotel-louis2.com\/de\/partner\/","title":{"rendered":"Partner"},"content":{"rendered":"<p style=\"text-align: center;\"><span data-sheets-value=\"{&quot;1&quot;:2,&quot;2&quot;:&quot;Im Louis II arbeiten wir gerne mit Partnern zusammen, die unsere Werte teilen, und von denen wir wissen, dass unsere Kunden von ihnen begeistert sein werden. S\u00fc\u00dfe D\u00fcfte, Leckereien und Schokolade, Weine und Champagner aus unserer Auswahl, kleine Souvenirl\u00e4den mit Erzeugnissen von Pariser Kreativen.&quot;}\" data-sheets-userformat=\"{&quot;2&quot;:4496,&quot;7&quot;:{&quot;1&quot;:[{&quot;1&quot;:2,&quot;2&quot;:0,&quot;5&quot;:{&quot;1&quot;:2,&quot;2&quot;:16777215}},{&quot;1&quot;:0,&quot;2&quot;:0,&quot;3&quot;:3},{&quot;1&quot;:1,&quot;2&quot;:0,&quot;4&quot;:1}]},&quot;10&quot;:2,&quot;11&quot;:4,&quot;15&quot;:&quot;Arial&quot;}\">Im Louis II arbeiten wir gerne mit Partnern zusammen, die <strong>unsere Werte<\/strong> teilen, und von denen wir wissen, dass unsere Kunden von ihnen begeistert sein werden. S\u00fc\u00dfe D\u00fcfte, Leckereien und Schokolade, Weine und Champagner aus unserer Auswahl, kleine Souvenirl\u00e4den mit Erzeugnissen von Pariser Kreativen.<\/span><\/p>\n","protected":false},"excerpt":{"rendered":"<p>Im Louis II arbeiten wir gerne mit Partnern zusammen, die unsere Werte teilen, und von denen wir wissen, dass unsere Kunden von ihnen begeistert sein werden. S\u00fc\u00dfe D\u00fcfte, Leckereien und Schokolade, Weine und Champagner aus unserer Auswahl, kleine Souvenirl\u00e4den mit Erzeugnissen von Pariser Kreativen.<\/p>\n","protected":false},"author":5,"featured_media":0,"parent":0,"menu_order":0,"comment_status":"closed","ping_status":"closed","template":"template-default-2.php","meta":{"footnotes":""},"class_list":["post-759","page","type-page","status-publish","hentry"],"yoast_head":"<!-- This site is optimized with the Yoast SEO plugin v26.9 - https:\/\/yoast.com\/product\/yoast-seo-wordpress\/ -->\n<title>H\u00f4tel Louis II | Paris 6e - Od\u00e9on | unsere Partner<\/title>\n<meta name=\"description\" content=\"Im Louis II lieben wir es, Freude zu bereiten und einen einzigartigen Moment zu schaffen. Aus diesem Grund haben wir hochwertige Partner f\u00fcr Sie ausgew\u00e4hlt!\" \/>\n<meta name=\"robots\" content=\"index, follow, max-snippet:-1, max-image-preview:large, max-video-preview:-1\" \/>\n<link rel=\"canonical\" href=\"https:\/\/www.hotel-louis2.com\/de\/partner\/\" \/>\n<meta property=\"og:locale\" content=\"de_DE\" \/>\n<meta property=\"og:type\" content=\"article\" \/>\n<meta property=\"og:title\" content=\"H\u00f4tel Louis II | Paris 6e - Od\u00e9on | unsere Partner\" \/>\n<meta property=\"og:description\" content=\"Im Louis II lieben wir es, Freude zu bereiten und einen einzigartigen Moment zu schaffen. Aus diesem Grund haben wir hochwertige Partner f\u00fcr Sie ausgew\u00e4hlt!\" \/>\n<meta property=\"og:url\" content=\"https:\/\/www.hotel-louis2.com\/de\/partner\/\" \/>\n<meta property=\"og:site_name\" content=\"H\u00f4tel Louis 2\" \/>\n<meta property=\"article:modified_time\" content=\"2023-06-16T15:23:14+00:00\" \/>\n<meta name=\"twitter:card\" content=\"summary_large_image\" \/>\n<meta name=\"twitter:label1\" content=\"Gesch\u00e4tzte Lesezeit\" \/>\n\t<meta name=\"twitter:data1\" content=\"1 Minute\" \/>\n<script type=\"application\/ld+json\" class=\"yoast-schema-graph\">{\"@context\":\"https:\/\/schema.org\",\"@graph\":[{\"@type\":\"WebPage\",\"@id\":\"https:\/\/www.hotel-louis2.com\/de\/partner\/\",\"url\":\"https:\/\/www.hotel-louis2.com\/de\/partner\/\",\"name\":\"H\u00f4tel Louis II | Paris 6e - Od\u00e9on | unsere Partner\",\"isPartOf\":{\"@id\":\"https:\/\/www.hotel-louis2.com\/de\/#website\"},\"datePublished\":\"2021-09-22T15:48:41+00:00\",\"dateModified\":\"2023-06-16T15:23:14+00:00\",\"description\":\"Im Louis II lieben wir es, Freude zu bereiten und einen einzigartigen Moment zu schaffen. Aus diesem Grund haben wir hochwertige Partner f\u00fcr Sie ausgew\u00e4hlt!\",\"breadcrumb\":{\"@id\":\"https:\/\/www.hotel-louis2.com\/de\/partner\/#breadcrumb\"},\"inLanguage\":\"de-DE\",\"potentialAction\":[{\"@type\":\"ReadAction\",\"target\":[\"https:\/\/www.hotel-louis2.com\/de\/partner\/\"]}]},{\"@type\":\"BreadcrumbList\",\"@id\":\"https:\/\/www.hotel-louis2.com\/de\/partner\/#breadcrumb\",\"itemListElement\":[{\"@type\":\"ListItem\",\"position\":1,\"name\":\"Home\",\"item\":\"https:\/\/www.hotel-louis2.com\/de\/hotel-louis-ii-paris\/\"},{\"@type\":\"ListItem\",\"position\":2,\"name\":\"Partner\"}]},{\"@type\":\"WebSite\",\"@id\":\"https:\/\/www.hotel-louis2.com\/de\/#website\",\"url\":\"https:\/\/www.hotel-louis2.com\/de\/\",\"name\":\"H\u00f4tel Louis 2\",\"description\":\"Just another ms.decms.eu site\",\"potentialAction\":[{\"@type\":\"SearchAction\",\"target\":{\"@type\":\"EntryPoint\",\"urlTemplate\":\"https:\/\/www.hotel-louis2.com\/de\/?s={search_term_string}\"},\"query-input\":{\"@type\":\"PropertyValueSpecification\",\"valueRequired\":true,\"valueName\":\"search_term_string\"}}],\"inLanguage\":\"de-DE\"}]}<\/script>\n<!-- \/ Yoast SEO plugin. -->","yoast_head_json":{"title":"H\u00f4tel Louis II | Paris 6e - Od\u00e9on | unsere Partner","description":"Im Louis II lieben wir es, Freude zu bereiten und einen einzigartigen Moment zu schaffen. Aus diesem Grund haben wir hochwertige Partner f\u00fcr Sie ausgew\u00e4hlt!","robots":{"index":"index","follow":"follow","max-snippet":"max-snippet:-1","max-image-preview":"max-image-preview:large","max-video-preview":"max-video-preview:-1"},"canonical":"https:\/\/www.hotel-louis2.com\/de\/partner\/","og_locale":"de_DE","og_type":"article","og_title":"H\u00f4tel Louis II | Paris 6e - Od\u00e9on | unsere Partner","og_description":"Im Louis II lieben wir es, Freude zu bereiten und einen einzigartigen Moment zu schaffen. Aus diesem Grund haben wir hochwertige Partner f\u00fcr Sie ausgew\u00e4hlt!","og_url":"https:\/\/www.hotel-louis2.com\/de\/partner\/","og_site_name":"H\u00f4tel Louis 2","article_modified_time":"2023-06-16T15:23:14+00:00","twitter_card":"summary_large_image","twitter_misc":{"Gesch\u00e4tzte Lesezeit":"1 Minute"},"schema":{"@context":"https:\/\/schema.org","@graph":[{"@type":"WebPage","@id":"https:\/\/www.hotel-louis2.com\/de\/partner\/","url":"https:\/\/www.hotel-louis2.com\/de\/partner\/","name":"H\u00f4tel Louis II | Paris 6e - Od\u00e9on | unsere Partner","isPartOf":{"@id":"https:\/\/www.hotel-louis2.com\/de\/#website"},"datePublished":"2021-09-22T15:48:41+00:00","dateModified":"2023-06-16T15:23:14+00:00","description":"Im Louis II lieben wir es, Freude zu bereiten und einen einzigartigen Moment zu schaffen. Aus diesem Grund haben wir hochwertige Partner f\u00fcr Sie ausgew\u00e4hlt!","breadcrumb":{"@id":"https:\/\/www.hotel-louis2.com\/de\/partner\/#breadcrumb"},"inLanguage":"de-DE","potentialAction":[{"@type":"ReadAction","target":["https:\/\/www.hotel-louis2.com\/de\/partner\/"]}]},{"@type":"BreadcrumbList","@id":"https:\/\/www.hotel-louis2.com\/de\/partner\/#breadcrumb","itemListElement":[{"@type":"ListItem","position":1,"name":"Home","item":"https:\/\/www.hotel-louis2.com\/de\/hotel-louis-ii-paris\/"},{"@type":"ListItem","position":2,"name":"Partner"}]},{"@type":"WebSite","@id":"https:\/\/www.hotel-louis2.com\/de\/#website","url":"https:\/\/www.hotel-louis2.com\/de\/","name":"H\u00f4tel Louis 2","description":"Just another ms.decms.eu site","potentialAction":[{"@type":"SearchAction","target":{"@type":"EntryPoint","urlTemplate":"https:\/\/www.hotel-louis2.com\/de\/?s={search_term_string}"},"query-input":{"@type":"PropertyValueSpecification","valueRequired":true,"valueName":"search_term_string"}}],"inLanguage":"de-DE"}]}},"acf":[],"_links":{"self":[{"href":"https:\/\/www.hotel-louis2.com\/de\/wp-json\/wp\/v2\/pages\/759","targetHints":{"allow":["GET"]}}],"collection":[{"href":"https:\/\/www.hotel-louis2.com\/de\/wp-json\/wp\/v2\/pages"}],"about":[{"href":"https:\/\/www.hotel-louis2.com\/de\/wp-json\/wp\/v2\/types\/page"}],"author":[{"embeddable":true,"href":"https:\/\/www.hotel-louis2.com\/de\/wp-json\/wp\/v2\/users\/5"}],"replies":[{"embeddable":true,"href":"https:\/\/www.hotel-louis2.com\/de\/wp-json\/wp\/v2\/comments?post=759"}],"version-history":[{"count":0,"href":"https:\/\/www.hotel-louis2.com\/de\/wp-json\/wp\/v2\/pages\/759\/revisions"}],"wp:attachment":[{"href":"https:\/\/www.hotel-louis2.com\/de\/wp-json\/wp\/v2\/media?parent=759"}],"curies":[{"name":"wp","href":"https:\/\/api.w.org\/{rel}","templated":true}]}}