{"id":761,"date":"2022-04-05T14:00:21","date_gmt":"2022-04-05T14:00:21","guid":{"rendered":"https:\/\/www.hotel-louis2.com\/partner\/la-chocolaterie-au-louis-ii\/"},"modified":"2023-06-16T15:25:31","modified_gmt":"2023-06-16T15:25:31","slug":"la-chocolaterie","status":"publish","type":"page","link":"https:\/\/www.hotel-louis2.com\/de\/partner\/la-chocolaterie\/","title":{"rendered":"La Chocolaterie"},"content":{"rendered":"<p><span data-sheets-value=\"{&quot;1&quot;:2,&quot;2&quot;:&quot;In der kleinen blauen Schachtel verbirgt sich der Traum und die Leidenschaft zweier Kakaoliebhaber, Christelle &amp; Olivier Bordais, in Schokolade. Deshalb haben sie sich in den Norden Brasiliens an die Quelle des Kakaos begeben, n\u00e4mlich den Bundesstaat Bahia, um den besten Kakao f\u00fcr die Herstellung von Schokolade in Frankreich anzubauen.&quot;}\" data-sheets-userformat=\"{&quot;2&quot;:4496,&quot;7&quot;:{&quot;1&quot;:[{&quot;1&quot;:2,&quot;2&quot;:0,&quot;5&quot;:{&quot;1&quot;:2,&quot;2&quot;:16777215}},{&quot;1&quot;:0,&quot;2&quot;:0,&quot;3&quot;:3},{&quot;1&quot;:1,&quot;2&quot;:0,&quot;4&quot;:1}]},&quot;10&quot;:2,&quot;11&quot;:4,&quot;15&quot;:&quot;Arial&quot;}\">In der kleinen blauen Schachtel verbirgt sich der Traum und die Leidenschaft zweier Kakaoliebhaber, Christelle &amp; Olivier Bordais, in Schokolade. Deshalb haben sie sich in den Norden Brasiliens an die Quelle des Kakaos begeben, n\u00e4mlich den Bundesstaat Bahia, um den besten Kakao f\u00fcr die Herstellung von Schokolade in Frankreich anzubauen.<\/span><\/p>\n<p><span data-sheets-value=\"{&quot;1&quot;:2,&quot;2&quot;:&quot;Das Labor befindet sich derzeit an der Finist\u00e8re-K\u00fcste und ist seit seiner Gr\u00fcndung im Jahr 2012 kontinuierlich gewachsen. La Chocolaterie st\u00fctzt sich auf das Know-how und die Anspr\u00fcche der lokalen Handwerker und ist stets darauf bedacht, die besten Kombinationen, die aromatischsten Schokoladen, die cremigsten Ganaches und die feinsten Pralinen zu kreieren, So beherrscht La Chocolaterie heute die Herstellung dieser kleinen Leckereien bis zur Perfektion. Deshalb wurde sie mit dem International Chocolate Awards ausgezeichnet.&quot;}\" data-sheets-userformat=\"{&quot;2&quot;:4496,&quot;7&quot;:{&quot;1&quot;:[{&quot;1&quot;:2,&quot;2&quot;:0,&quot;5&quot;:{&quot;1&quot;:2,&quot;2&quot;:16777215}},{&quot;1&quot;:0,&quot;2&quot;:0,&quot;3&quot;:3},{&quot;1&quot;:1,&quot;2&quot;:0,&quot;4&quot;:1}]},&quot;10&quot;:2,&quot;11&quot;:4,&quot;15&quot;:&quot;Arial&quot;}\">Das Labor befindet sich derzeit an der Finist\u00e8re-K\u00fcste und ist seit seiner Gr\u00fcndung im Jahr 2012 kontinuierlich gewachsen. La Chocolaterie st\u00fctzt sich auf das Know-how und die Anspr\u00fcche der lokalen Handwerker und ist stets darauf bedacht, die besten Kombinationen, die aromatischsten Schokoladen, die cremigsten Ganaches und die feinsten Pralinen zu kreieren, So beherrscht La Chocolaterie heute die Herstellung dieser kleinen Leckereien bis zur Perfektion. Deshalb wurde sie mit dem International Chocolate Awards ausgezeichnet.<\/span><\/p>\n","protected":false},"excerpt":{"rendered":"<p>In der kleinen blauen Schachtel verbirgt sich der Traum und die Leidenschaft zweier Kakaoliebhaber, Christelle &amp; Olivier Bordais, in Schokolade. Deshalb haben sie sich in den Norden Brasiliens an die Quelle des Kakaos begeben, n\u00e4mlich den Bundesstaat Bahia, um den besten Kakao f\u00fcr die Herstellung von Schokolade in Frankreich anzubauen. Das Labor befindet sich derzeit [&hellip;]<\/p>\n","protected":false},"author":5,"featured_media":0,"parent":759,"menu_order":10,"comment_status":"closed","ping_status":"closed","template":"template-default-3.php","meta":{"footnotes":""},"class_list":["post-761","page","type-page","status-publish","hentry"],"yoast_head":"<!-- This site is optimized with the Yoast SEO plugin v26.9 - https:\/\/yoast.com\/product\/yoast-seo-wordpress\/ -->\n<title>H\u00f4tel Louis II | Paris 6e - Od\u00e9on | La Chocolaterie<\/title>\n<meta name=\"description\" content=\"In der Schatulle der kleinen blauen Schachtel, im Herzen der Schokolade, verbergen sich der Traum und die Leidenschaft von zwei Kakaoliebhabern. Probieren Sie bei uns!\" \/>\n<meta name=\"robots\" content=\"index, follow, max-snippet:-1, max-image-preview:large, max-video-preview:-1\" \/>\n<link rel=\"canonical\" href=\"https:\/\/www.hotel-louis2.com\/de\/partner\/la-chocolaterie\/\" \/>\n<meta property=\"og:locale\" content=\"de_DE\" \/>\n<meta property=\"og:type\" content=\"article\" \/>\n<meta property=\"og:title\" content=\"H\u00f4tel Louis II | Paris 6e - Od\u00e9on | La Chocolaterie\" \/>\n<meta property=\"og:description\" content=\"In der Schatulle der kleinen blauen Schachtel, im Herzen der Schokolade, verbergen sich der Traum und die Leidenschaft von zwei Kakaoliebhabern. Probieren Sie bei uns!\" \/>\n<meta property=\"og:url\" content=\"https:\/\/www.hotel-louis2.com\/de\/partner\/la-chocolaterie\/\" \/>\n<meta property=\"og:site_name\" content=\"H\u00f4tel Louis 2\" \/>\n<meta property=\"article:modified_time\" content=\"2023-06-16T15:25:31+00:00\" \/>\n<meta name=\"twitter:card\" content=\"summary_large_image\" \/>\n<meta name=\"twitter:label1\" content=\"Gesch\u00e4tzte Lesezeit\" \/>\n\t<meta name=\"twitter:data1\" content=\"1 Minute\" \/>\n<script type=\"application\/ld+json\" class=\"yoast-schema-graph\">{\"@context\":\"https:\/\/schema.org\",\"@graph\":[{\"@type\":\"WebPage\",\"@id\":\"https:\/\/www.hotel-louis2.com\/de\/partner\/la-chocolaterie\/\",\"url\":\"https:\/\/www.hotel-louis2.com\/de\/partner\/la-chocolaterie\/\",\"name\":\"H\u00f4tel Louis II | Paris 6e - Od\u00e9on | La Chocolaterie\",\"isPartOf\":{\"@id\":\"https:\/\/www.hotel-louis2.com\/de\/#website\"},\"datePublished\":\"2022-04-05T14:00:21+00:00\",\"dateModified\":\"2023-06-16T15:25:31+00:00\",\"description\":\"In der Schatulle der kleinen blauen Schachtel, im Herzen der Schokolade, verbergen sich der Traum und die Leidenschaft von zwei Kakaoliebhabern. Probieren Sie bei uns!\",\"breadcrumb\":{\"@id\":\"https:\/\/www.hotel-louis2.com\/de\/partner\/la-chocolaterie\/#breadcrumb\"},\"inLanguage\":\"de-DE\",\"potentialAction\":[{\"@type\":\"ReadAction\",\"target\":[\"https:\/\/www.hotel-louis2.com\/de\/partner\/la-chocolaterie\/\"]}]},{\"@type\":\"BreadcrumbList\",\"@id\":\"https:\/\/www.hotel-louis2.com\/de\/partner\/la-chocolaterie\/#breadcrumb\",\"itemListElement\":[{\"@type\":\"ListItem\",\"position\":1,\"name\":\"Home\",\"item\":\"https:\/\/www.hotel-louis2.com\/de\/hotel-louis-ii-paris\/\"},{\"@type\":\"ListItem\",\"position\":2,\"name\":\"Partner\",\"item\":\"https:\/\/www.hotel-louis2.com\/de\/partner\/\"},{\"@type\":\"ListItem\",\"position\":3,\"name\":\"La Chocolaterie\"}]},{\"@type\":\"WebSite\",\"@id\":\"https:\/\/www.hotel-louis2.com\/de\/#website\",\"url\":\"https:\/\/www.hotel-louis2.com\/de\/\",\"name\":\"H\u00f4tel Louis 2\",\"description\":\"Just another ms.decms.eu site\",\"potentialAction\":[{\"@type\":\"SearchAction\",\"target\":{\"@type\":\"EntryPoint\",\"urlTemplate\":\"https:\/\/www.hotel-louis2.com\/de\/?s={search_term_string}\"},\"query-input\":{\"@type\":\"PropertyValueSpecification\",\"valueRequired\":true,\"valueName\":\"search_term_string\"}}],\"inLanguage\":\"de-DE\"}]}<\/script>\n<!-- \/ Yoast SEO plugin. -->","yoast_head_json":{"title":"H\u00f4tel Louis II | Paris 6e - Od\u00e9on | La Chocolaterie","description":"In der Schatulle der kleinen blauen Schachtel, im Herzen der Schokolade, verbergen sich der Traum und die Leidenschaft von zwei Kakaoliebhabern. Probieren Sie bei uns!","robots":{"index":"index","follow":"follow","max-snippet":"max-snippet:-1","max-image-preview":"max-image-preview:large","max-video-preview":"max-video-preview:-1"},"canonical":"https:\/\/www.hotel-louis2.com\/de\/partner\/la-chocolaterie\/","og_locale":"de_DE","og_type":"article","og_title":"H\u00f4tel Louis II | Paris 6e - Od\u00e9on | La Chocolaterie","og_description":"In der Schatulle der kleinen blauen Schachtel, im Herzen der Schokolade, verbergen sich der Traum und die Leidenschaft von zwei Kakaoliebhabern. Probieren Sie bei uns!","og_url":"https:\/\/www.hotel-louis2.com\/de\/partner\/la-chocolaterie\/","og_site_name":"H\u00f4tel Louis 2","article_modified_time":"2023-06-16T15:25:31+00:00","twitter_card":"summary_large_image","twitter_misc":{"Gesch\u00e4tzte Lesezeit":"1 Minute"},"schema":{"@context":"https:\/\/schema.org","@graph":[{"@type":"WebPage","@id":"https:\/\/www.hotel-louis2.com\/de\/partner\/la-chocolaterie\/","url":"https:\/\/www.hotel-louis2.com\/de\/partner\/la-chocolaterie\/","name":"H\u00f4tel Louis II | Paris 6e - Od\u00e9on | La Chocolaterie","isPartOf":{"@id":"https:\/\/www.hotel-louis2.com\/de\/#website"},"datePublished":"2022-04-05T14:00:21+00:00","dateModified":"2023-06-16T15:25:31+00:00","description":"In der Schatulle der kleinen blauen Schachtel, im Herzen der Schokolade, verbergen sich der Traum und die Leidenschaft von zwei Kakaoliebhabern. Probieren Sie bei uns!","breadcrumb":{"@id":"https:\/\/www.hotel-louis2.com\/de\/partner\/la-chocolaterie\/#breadcrumb"},"inLanguage":"de-DE","potentialAction":[{"@type":"ReadAction","target":["https:\/\/www.hotel-louis2.com\/de\/partner\/la-chocolaterie\/"]}]},{"@type":"BreadcrumbList","@id":"https:\/\/www.hotel-louis2.com\/de\/partner\/la-chocolaterie\/#breadcrumb","itemListElement":[{"@type":"ListItem","position":1,"name":"Home","item":"https:\/\/www.hotel-louis2.com\/de\/hotel-louis-ii-paris\/"},{"@type":"ListItem","position":2,"name":"Partner","item":"https:\/\/www.hotel-louis2.com\/de\/partner\/"},{"@type":"ListItem","position":3,"name":"La Chocolaterie"}]},{"@type":"WebSite","@id":"https:\/\/www.hotel-louis2.com\/de\/#website","url":"https:\/\/www.hotel-louis2.com\/de\/","name":"H\u00f4tel Louis 2","description":"Just another ms.decms.eu site","potentialAction":[{"@type":"SearchAction","target":{"@type":"EntryPoint","urlTemplate":"https:\/\/www.hotel-louis2.com\/de\/?s={search_term_string}"},"query-input":{"@type":"PropertyValueSpecification","valueRequired":true,"valueName":"search_term_string"}}],"inLanguage":"de-DE"}]}},"acf":[],"_links":{"self":[{"href":"https:\/\/www.hotel-louis2.com\/de\/wp-json\/wp\/v2\/pages\/761","targetHints":{"allow":["GET"]}}],"collection":[{"href":"https:\/\/www.hotel-louis2.com\/de\/wp-json\/wp\/v2\/pages"}],"about":[{"href":"https:\/\/www.hotel-louis2.com\/de\/wp-json\/wp\/v2\/types\/page"}],"author":[{"embeddable":true,"href":"https:\/\/www.hotel-louis2.com\/de\/wp-json\/wp\/v2\/users\/5"}],"replies":[{"embeddable":true,"href":"https:\/\/www.hotel-louis2.com\/de\/wp-json\/wp\/v2\/comments?post=761"}],"version-history":[{"count":0,"href":"https:\/\/www.hotel-louis2.com\/de\/wp-json\/wp\/v2\/pages\/761\/revisions"}],"up":[{"embeddable":true,"href":"https:\/\/www.hotel-louis2.com\/de\/wp-json\/wp\/v2\/pages\/759"}],"wp:attachment":[{"href":"https:\/\/www.hotel-louis2.com\/de\/wp-json\/wp\/v2\/media?parent=761"}],"curies":[{"name":"wp","href":"https:\/\/api.w.org\/{rel}","templated":true}]}}