{"id":763,"date":"2022-04-05T13:58:07","date_gmt":"2022-04-05T13:58:07","guid":{"rendered":"https:\/\/www.hotel-louis2.com\/partner\/macon-lesquoy-au-louis-ii\/"},"modified":"2023-06-16T15:27:46","modified_gmt":"2023-06-16T15:27:46","slug":"macon-lesquoy","status":"publish","type":"page","link":"https:\/\/www.hotel-louis2.com\/de\/partner\/macon-lesquoy\/","title":{"rendered":"Macon &amp; Lesquoy"},"content":{"rendered":"<p><span data-sheets-value=\"{&quot;1&quot;:2,&quot;2&quot;:&quot;Veredeln Sie Ihre sch\u00f6nsten Kleidungsst\u00fccke mit diesen handgefertigten Broschen, die ein Abbild von Paris, der Stadt des Lichts, sind. Ein sch\u00f6nes Mitbringsel, wenn Sie von einer Paris-Reise zur\u00fcckkehren.&quot;}\" data-sheets-userformat=\"{&quot;2&quot;:4496,&quot;7&quot;:{&quot;1&quot;:[{&quot;1&quot;:2,&quot;2&quot;:0,&quot;5&quot;:{&quot;1&quot;:2,&quot;2&quot;:16777215}},{&quot;1&quot;:0,&quot;2&quot;:0,&quot;3&quot;:3},{&quot;1&quot;:1,&quot;2&quot;:0,&quot;4&quot;:1}]},&quot;10&quot;:2,&quot;11&quot;:4,&quot;15&quot;:&quot;Arial&quot;}\">Veredeln Sie Ihre sch\u00f6nsten Kleidungsst\u00fccke mit diesen handgefertigten Broschen, die ein Abbild von Paris, der Stadt des Lichts, sind. Ein sch\u00f6nes Mitbringsel, wenn Sie von einer Paris-Reise zur\u00fcckkehren.<\/span><\/p>\n<p><span data-sheets-value=\"{&quot;1&quot;:2,&quot;2&quot;:&quot;Diese franz\u00f6sische Marke wurde 2009 von Marie Macon und Anne-Laure Lesquoy gegr\u00fcndet und stellt bestickte Accessoires her. Die beiden Designerinnen, die Mode und Details lieben franz\u00f6sische Handwerkskunst und w\u00e4hlen die besten Handwerker aus, um diese einzigartigen St\u00fccke herzustellen.&quot;}\" data-sheets-userformat=\"{&quot;2&quot;:4496,&quot;7&quot;:{&quot;1&quot;:[{&quot;1&quot;:2,&quot;2&quot;:0,&quot;5&quot;:{&quot;1&quot;:2,&quot;2&quot;:16777215}},{&quot;1&quot;:0,&quot;2&quot;:0,&quot;3&quot;:3},{&quot;1&quot;:1,&quot;2&quot;:0,&quot;4&quot;:1}]},&quot;10&quot;:2,&quot;11&quot;:4,&quot;15&quot;:&quot;Arial&quot;}\">Diese franz\u00f6sische Marke wurde 2009 von Marie Macon und Anne-Laure Lesquoy gegr\u00fcndet und stellt bestickte Accessoires her. Die beiden Designerinnen, die Mode und Details lieben franz\u00f6sische Handwerkskunst und w\u00e4hlen die besten Handwerker aus, um diese einzigartigen St\u00fccke herzustellen.<\/span><\/p>\n","protected":false},"excerpt":{"rendered":"<p>Veredeln Sie Ihre sch\u00f6nsten Kleidungsst\u00fccke mit diesen handgefertigten Broschen, die ein Abbild von Paris, der Stadt des Lichts, sind. Ein sch\u00f6nes Mitbringsel, wenn Sie von einer Paris-Reise zur\u00fcckkehren. Diese franz\u00f6sische Marke wurde 2009 von Marie Macon und Anne-Laure Lesquoy gegr\u00fcndet und stellt bestickte Accessoires her. Die beiden Designerinnen, die Mode und Details lieben franz\u00f6sische Handwerkskunst [&hellip;]<\/p>\n","protected":false},"author":5,"featured_media":0,"parent":759,"menu_order":20,"comment_status":"closed","ping_status":"closed","template":"template-default-3.php","meta":{"footnotes":""},"class_list":["post-763","page","type-page","status-publish","hentry"],"yoast_head":"<!-- This site is optimized with the Yoast SEO plugin v26.9 - https:\/\/yoast.com\/product\/yoast-seo-wordpress\/ -->\n<title>H\u00f4tel Louis II | Paris 6e - Od\u00e9on | Macon &amp; Lesquoy<\/title>\n<meta name=\"description\" content=\"Schm\u00fccken Sie Ihre sch\u00f6nsten Kleidungsst\u00fccke mit diesen handgefertigten Anstecknadeln im Stil der Lichterstadt Paris. Ein sch\u00f6nes Erinnerungsgeschenk\" \/>\n<meta name=\"robots\" content=\"index, follow, max-snippet:-1, max-image-preview:large, max-video-preview:-1\" \/>\n<link rel=\"canonical\" href=\"https:\/\/www.hotel-louis2.com\/de\/partner\/macon-lesquoy\/\" \/>\n<meta property=\"og:locale\" content=\"de_DE\" \/>\n<meta property=\"og:type\" content=\"article\" \/>\n<meta property=\"og:title\" content=\"H\u00f4tel Louis II | Paris 6e - Od\u00e9on | Macon &amp; Lesquoy\" \/>\n<meta property=\"og:description\" content=\"Schm\u00fccken Sie Ihre sch\u00f6nsten Kleidungsst\u00fccke mit diesen handgefertigten Anstecknadeln im Stil der Lichterstadt Paris. Ein sch\u00f6nes Erinnerungsgeschenk\" \/>\n<meta property=\"og:url\" content=\"https:\/\/www.hotel-louis2.com\/de\/partner\/macon-lesquoy\/\" \/>\n<meta property=\"og:site_name\" content=\"H\u00f4tel Louis 2\" \/>\n<meta property=\"article:modified_time\" content=\"2023-06-16T15:27:46+00:00\" \/>\n<meta name=\"twitter:card\" content=\"summary_large_image\" \/>\n<meta name=\"twitter:label1\" content=\"Gesch\u00e4tzte Lesezeit\" \/>\n\t<meta name=\"twitter:data1\" content=\"1 Minute\" \/>\n<script type=\"application\/ld+json\" class=\"yoast-schema-graph\">{\"@context\":\"https:\/\/schema.org\",\"@graph\":[{\"@type\":\"WebPage\",\"@id\":\"https:\/\/www.hotel-louis2.com\/de\/partner\/macon-lesquoy\/\",\"url\":\"https:\/\/www.hotel-louis2.com\/de\/partner\/macon-lesquoy\/\",\"name\":\"H\u00f4tel Louis II | Paris 6e - Od\u00e9on | Macon & Lesquoy\",\"isPartOf\":{\"@id\":\"https:\/\/www.hotel-louis2.com\/de\/#website\"},\"datePublished\":\"2022-04-05T13:58:07+00:00\",\"dateModified\":\"2023-06-16T15:27:46+00:00\",\"description\":\"Schm\u00fccken Sie Ihre sch\u00f6nsten Kleidungsst\u00fccke mit diesen handgefertigten Anstecknadeln im Stil der Lichterstadt Paris. Ein sch\u00f6nes Erinnerungsgeschenk\",\"breadcrumb\":{\"@id\":\"https:\/\/www.hotel-louis2.com\/de\/partner\/macon-lesquoy\/#breadcrumb\"},\"inLanguage\":\"de-DE\",\"potentialAction\":[{\"@type\":\"ReadAction\",\"target\":[\"https:\/\/www.hotel-louis2.com\/de\/partner\/macon-lesquoy\/\"]}]},{\"@type\":\"BreadcrumbList\",\"@id\":\"https:\/\/www.hotel-louis2.com\/de\/partner\/macon-lesquoy\/#breadcrumb\",\"itemListElement\":[{\"@type\":\"ListItem\",\"position\":1,\"name\":\"Home\",\"item\":\"https:\/\/www.hotel-louis2.com\/de\/hotel-louis-ii-paris\/\"},{\"@type\":\"ListItem\",\"position\":2,\"name\":\"Partner\",\"item\":\"https:\/\/www.hotel-louis2.com\/de\/partner\/\"},{\"@type\":\"ListItem\",\"position\":3,\"name\":\"Macon &amp; Lesquoy\"}]},{\"@type\":\"WebSite\",\"@id\":\"https:\/\/www.hotel-louis2.com\/de\/#website\",\"url\":\"https:\/\/www.hotel-louis2.com\/de\/\",\"name\":\"H\u00f4tel Louis 2\",\"description\":\"Just another ms.decms.eu site\",\"potentialAction\":[{\"@type\":\"SearchAction\",\"target\":{\"@type\":\"EntryPoint\",\"urlTemplate\":\"https:\/\/www.hotel-louis2.com\/de\/?s={search_term_string}\"},\"query-input\":{\"@type\":\"PropertyValueSpecification\",\"valueRequired\":true,\"valueName\":\"search_term_string\"}}],\"inLanguage\":\"de-DE\"}]}<\/script>\n<!-- \/ Yoast SEO plugin. -->","yoast_head_json":{"title":"H\u00f4tel Louis II | Paris 6e - Od\u00e9on | Macon & Lesquoy","description":"Schm\u00fccken Sie Ihre sch\u00f6nsten Kleidungsst\u00fccke mit diesen handgefertigten Anstecknadeln im Stil der Lichterstadt Paris. Ein sch\u00f6nes Erinnerungsgeschenk","robots":{"index":"index","follow":"follow","max-snippet":"max-snippet:-1","max-image-preview":"max-image-preview:large","max-video-preview":"max-video-preview:-1"},"canonical":"https:\/\/www.hotel-louis2.com\/de\/partner\/macon-lesquoy\/","og_locale":"de_DE","og_type":"article","og_title":"H\u00f4tel Louis II | Paris 6e - Od\u00e9on | Macon & Lesquoy","og_description":"Schm\u00fccken Sie Ihre sch\u00f6nsten Kleidungsst\u00fccke mit diesen handgefertigten Anstecknadeln im Stil der Lichterstadt Paris. Ein sch\u00f6nes Erinnerungsgeschenk","og_url":"https:\/\/www.hotel-louis2.com\/de\/partner\/macon-lesquoy\/","og_site_name":"H\u00f4tel Louis 2","article_modified_time":"2023-06-16T15:27:46+00:00","twitter_card":"summary_large_image","twitter_misc":{"Gesch\u00e4tzte Lesezeit":"1 Minute"},"schema":{"@context":"https:\/\/schema.org","@graph":[{"@type":"WebPage","@id":"https:\/\/www.hotel-louis2.com\/de\/partner\/macon-lesquoy\/","url":"https:\/\/www.hotel-louis2.com\/de\/partner\/macon-lesquoy\/","name":"H\u00f4tel Louis II | Paris 6e - Od\u00e9on | Macon & Lesquoy","isPartOf":{"@id":"https:\/\/www.hotel-louis2.com\/de\/#website"},"datePublished":"2022-04-05T13:58:07+00:00","dateModified":"2023-06-16T15:27:46+00:00","description":"Schm\u00fccken Sie Ihre sch\u00f6nsten Kleidungsst\u00fccke mit diesen handgefertigten Anstecknadeln im Stil der Lichterstadt Paris. Ein sch\u00f6nes Erinnerungsgeschenk","breadcrumb":{"@id":"https:\/\/www.hotel-louis2.com\/de\/partner\/macon-lesquoy\/#breadcrumb"},"inLanguage":"de-DE","potentialAction":[{"@type":"ReadAction","target":["https:\/\/www.hotel-louis2.com\/de\/partner\/macon-lesquoy\/"]}]},{"@type":"BreadcrumbList","@id":"https:\/\/www.hotel-louis2.com\/de\/partner\/macon-lesquoy\/#breadcrumb","itemListElement":[{"@type":"ListItem","position":1,"name":"Home","item":"https:\/\/www.hotel-louis2.com\/de\/hotel-louis-ii-paris\/"},{"@type":"ListItem","position":2,"name":"Partner","item":"https:\/\/www.hotel-louis2.com\/de\/partner\/"},{"@type":"ListItem","position":3,"name":"Macon &amp; Lesquoy"}]},{"@type":"WebSite","@id":"https:\/\/www.hotel-louis2.com\/de\/#website","url":"https:\/\/www.hotel-louis2.com\/de\/","name":"H\u00f4tel Louis 2","description":"Just another ms.decms.eu site","potentialAction":[{"@type":"SearchAction","target":{"@type":"EntryPoint","urlTemplate":"https:\/\/www.hotel-louis2.com\/de\/?s={search_term_string}"},"query-input":{"@type":"PropertyValueSpecification","valueRequired":true,"valueName":"search_term_string"}}],"inLanguage":"de-DE"}]}},"acf":[],"_links":{"self":[{"href":"https:\/\/www.hotel-louis2.com\/de\/wp-json\/wp\/v2\/pages\/763","targetHints":{"allow":["GET"]}}],"collection":[{"href":"https:\/\/www.hotel-louis2.com\/de\/wp-json\/wp\/v2\/pages"}],"about":[{"href":"https:\/\/www.hotel-louis2.com\/de\/wp-json\/wp\/v2\/types\/page"}],"author":[{"embeddable":true,"href":"https:\/\/www.hotel-louis2.com\/de\/wp-json\/wp\/v2\/users\/5"}],"replies":[{"embeddable":true,"href":"https:\/\/www.hotel-louis2.com\/de\/wp-json\/wp\/v2\/comments?post=763"}],"version-history":[{"count":0,"href":"https:\/\/www.hotel-louis2.com\/de\/wp-json\/wp\/v2\/pages\/763\/revisions"}],"up":[{"embeddable":true,"href":"https:\/\/www.hotel-louis2.com\/de\/wp-json\/wp\/v2\/pages\/759"}],"wp:attachment":[{"href":"https:\/\/www.hotel-louis2.com\/de\/wp-json\/wp\/v2\/media?parent=763"}],"curies":[{"name":"wp","href":"https:\/\/api.w.org\/{rel}","templated":true}]}}