{"id":765,"date":"2022-04-05T14:08:12","date_gmt":"2022-04-05T14:08:12","guid":{"rendered":"https:\/\/www.hotel-louis2.com\/partner\/signature-apm-parfum-au-louis-ii\/"},"modified":"2023-06-16T15:36:56","modified_gmt":"2023-06-16T15:36:56","slug":"der-louis-ii-duft","status":"publish","type":"page","link":"https:\/\/www.hotel-louis2.com\/de\/partner\/der-louis-ii-duft\/","title":{"rendered":"Der Louis-II-Duft"},"content":{"rendered":"<p><span data-sheets-value=\"{&quot;1&quot;:2,&quot;2&quot;:&quot;Was gibt es Sch\u00f6neres, als den Duft eines geliebten Ortes wiederzufinden? Auf diese Herausforderung hat APM Parfum sich eingelassen, um einen Duft zu kreieren, der das Wesen des Louis II verk\u00f6rpert. Latifa Asri, die Designerin dieser wunderbaren Marke, erz\u00e4hlt Geschichten \u00fcber die Welt anhand der D\u00fcfte, die sie kreiert hat. Sie reist st\u00e4ndig rund um den Globus auf der Suche nach au\u00dfergew\u00f6hnlichen Essenzen, um die seltene Perle f\u00fcr die H\u00e4user zu finden, mit denen sie zusammenarbeitet.&quot;}\" data-sheets-userformat=\"{&quot;2&quot;:4496,&quot;7&quot;:{&quot;1&quot;:[{&quot;1&quot;:2,&quot;2&quot;:0,&quot;5&quot;:{&quot;1&quot;:2,&quot;2&quot;:16777215}},{&quot;1&quot;:0,&quot;2&quot;:0,&quot;3&quot;:3},{&quot;1&quot;:1,&quot;2&quot;:0,&quot;4&quot;:1}]},&quot;10&quot;:2,&quot;11&quot;:4,&quot;15&quot;:&quot;Arial&quot;}\">Was gibt es Sch\u00f6neres, als den Duft eines geliebten Ortes wiederzufinden? Auf diese Herausforderung hat APM Parfum sich eingelassen, um einen Duft zu kreieren, der das Wesen des Louis II verk\u00f6rpert. Latifa Asri, die Designerin dieser wunderbaren Marke, erz\u00e4hlt Geschichten \u00fcber die Welt anhand der D\u00fcfte, die sie kreiert hat. Sie reist st\u00e4ndig rund um den Globus auf der Suche nach au\u00dfergew\u00f6hnlichen Essenzen, um die seltene Perle f\u00fcr die H\u00e4user zu finden, mit denen sie zusammenarbeitet.<\/span><\/p>\n","protected":false},"excerpt":{"rendered":"<p>Was gibt es Sch\u00f6neres, als den Duft eines geliebten Ortes wiederzufinden? Auf diese Herausforderung hat APM Parfum sich eingelassen, um einen Duft zu kreieren, der das Wesen des Louis II verk\u00f6rpert. Latifa Asri, die Designerin dieser wunderbaren Marke, erz\u00e4hlt Geschichten \u00fcber die Welt anhand der D\u00fcfte, die sie kreiert hat. Sie reist st\u00e4ndig rund um [&hellip;]<\/p>\n","protected":false},"author":5,"featured_media":0,"parent":759,"menu_order":30,"comment_status":"closed","ping_status":"closed","template":"template-default-3.php","meta":{"footnotes":""},"class_list":["post-765","page","type-page","status-publish","hentry"],"yoast_head":"<!-- This site is optimized with the Yoast SEO plugin v26.9 - https:\/\/yoast.com\/product\/yoast-seo-wordpress\/ -->\n<title>H\u00f4tel Louis II | Paris 6e - Od\u00e9on | Unsere Duftsignatur<\/title>\n<meta name=\"description\" content=\"Was gibt es Sch\u00f6neres, als Ihr olfaktorisches Ged\u00e4chtnis zu benutzen, um einen Ort zu finden, den Sie lieben? Mit APM Parfum ist dies gelungen.\" \/>\n<meta name=\"robots\" content=\"index, follow, max-snippet:-1, max-image-preview:large, max-video-preview:-1\" \/>\n<link rel=\"canonical\" href=\"https:\/\/www.hotel-louis2.com\/de\/partner\/der-louis-ii-duft\/\" \/>\n<meta property=\"og:locale\" content=\"de_DE\" \/>\n<meta property=\"og:type\" content=\"article\" \/>\n<meta property=\"og:title\" content=\"H\u00f4tel Louis II | Paris 6e - Od\u00e9on | Unsere Duftsignatur\" \/>\n<meta property=\"og:description\" content=\"Was gibt es Sch\u00f6neres, als Ihr olfaktorisches Ged\u00e4chtnis zu benutzen, um einen Ort zu finden, den Sie lieben? Mit APM Parfum ist dies gelungen.\" \/>\n<meta property=\"og:url\" content=\"https:\/\/www.hotel-louis2.com\/de\/partner\/der-louis-ii-duft\/\" \/>\n<meta property=\"og:site_name\" content=\"H\u00f4tel Louis 2\" \/>\n<meta property=\"article:modified_time\" content=\"2023-06-16T15:36:56+00:00\" \/>\n<meta name=\"twitter:card\" content=\"summary_large_image\" \/>\n<meta name=\"twitter:label1\" content=\"Gesch\u00e4tzte Lesezeit\" \/>\n\t<meta name=\"twitter:data1\" content=\"1 Minute\" \/>\n<script type=\"application\/ld+json\" class=\"yoast-schema-graph\">{\"@context\":\"https:\/\/schema.org\",\"@graph\":[{\"@type\":\"WebPage\",\"@id\":\"https:\/\/www.hotel-louis2.com\/de\/partner\/der-louis-ii-duft\/\",\"url\":\"https:\/\/www.hotel-louis2.com\/de\/partner\/der-louis-ii-duft\/\",\"name\":\"H\u00f4tel Louis II | Paris 6e - Od\u00e9on | Unsere Duftsignatur\",\"isPartOf\":{\"@id\":\"https:\/\/www.hotel-louis2.com\/de\/#website\"},\"datePublished\":\"2022-04-05T14:08:12+00:00\",\"dateModified\":\"2023-06-16T15:36:56+00:00\",\"description\":\"Was gibt es Sch\u00f6neres, als Ihr olfaktorisches Ged\u00e4chtnis zu benutzen, um einen Ort zu finden, den Sie lieben? Mit APM Parfum ist dies gelungen.\",\"breadcrumb\":{\"@id\":\"https:\/\/www.hotel-louis2.com\/de\/partner\/der-louis-ii-duft\/#breadcrumb\"},\"inLanguage\":\"de-DE\",\"potentialAction\":[{\"@type\":\"ReadAction\",\"target\":[\"https:\/\/www.hotel-louis2.com\/de\/partner\/der-louis-ii-duft\/\"]}]},{\"@type\":\"BreadcrumbList\",\"@id\":\"https:\/\/www.hotel-louis2.com\/de\/partner\/der-louis-ii-duft\/#breadcrumb\",\"itemListElement\":[{\"@type\":\"ListItem\",\"position\":1,\"name\":\"Home\",\"item\":\"https:\/\/www.hotel-louis2.com\/de\/hotel-louis-ii-paris\/\"},{\"@type\":\"ListItem\",\"position\":2,\"name\":\"Partner\",\"item\":\"https:\/\/www.hotel-louis2.com\/de\/partner\/\"},{\"@type\":\"ListItem\",\"position\":3,\"name\":\"Der Louis-II-Duft\"}]},{\"@type\":\"WebSite\",\"@id\":\"https:\/\/www.hotel-louis2.com\/de\/#website\",\"url\":\"https:\/\/www.hotel-louis2.com\/de\/\",\"name\":\"H\u00f4tel Louis 2\",\"description\":\"Just another ms.decms.eu site\",\"potentialAction\":[{\"@type\":\"SearchAction\",\"target\":{\"@type\":\"EntryPoint\",\"urlTemplate\":\"https:\/\/www.hotel-louis2.com\/de\/?s={search_term_string}\"},\"query-input\":{\"@type\":\"PropertyValueSpecification\",\"valueRequired\":true,\"valueName\":\"search_term_string\"}}],\"inLanguage\":\"de-DE\"}]}<\/script>\n<!-- \/ Yoast SEO plugin. -->","yoast_head_json":{"title":"H\u00f4tel Louis II | Paris 6e - Od\u00e9on | Unsere Duftsignatur","description":"Was gibt es Sch\u00f6neres, als Ihr olfaktorisches Ged\u00e4chtnis zu benutzen, um einen Ort zu finden, den Sie lieben? Mit APM Parfum ist dies gelungen.","robots":{"index":"index","follow":"follow","max-snippet":"max-snippet:-1","max-image-preview":"max-image-preview:large","max-video-preview":"max-video-preview:-1"},"canonical":"https:\/\/www.hotel-louis2.com\/de\/partner\/der-louis-ii-duft\/","og_locale":"de_DE","og_type":"article","og_title":"H\u00f4tel Louis II | Paris 6e - Od\u00e9on | Unsere Duftsignatur","og_description":"Was gibt es Sch\u00f6neres, als Ihr olfaktorisches Ged\u00e4chtnis zu benutzen, um einen Ort zu finden, den Sie lieben? Mit APM Parfum ist dies gelungen.","og_url":"https:\/\/www.hotel-louis2.com\/de\/partner\/der-louis-ii-duft\/","og_site_name":"H\u00f4tel Louis 2","article_modified_time":"2023-06-16T15:36:56+00:00","twitter_card":"summary_large_image","twitter_misc":{"Gesch\u00e4tzte Lesezeit":"1 Minute"},"schema":{"@context":"https:\/\/schema.org","@graph":[{"@type":"WebPage","@id":"https:\/\/www.hotel-louis2.com\/de\/partner\/der-louis-ii-duft\/","url":"https:\/\/www.hotel-louis2.com\/de\/partner\/der-louis-ii-duft\/","name":"H\u00f4tel Louis II | Paris 6e - Od\u00e9on | Unsere Duftsignatur","isPartOf":{"@id":"https:\/\/www.hotel-louis2.com\/de\/#website"},"datePublished":"2022-04-05T14:08:12+00:00","dateModified":"2023-06-16T15:36:56+00:00","description":"Was gibt es Sch\u00f6neres, als Ihr olfaktorisches Ged\u00e4chtnis zu benutzen, um einen Ort zu finden, den Sie lieben? Mit APM Parfum ist dies gelungen.","breadcrumb":{"@id":"https:\/\/www.hotel-louis2.com\/de\/partner\/der-louis-ii-duft\/#breadcrumb"},"inLanguage":"de-DE","potentialAction":[{"@type":"ReadAction","target":["https:\/\/www.hotel-louis2.com\/de\/partner\/der-louis-ii-duft\/"]}]},{"@type":"BreadcrumbList","@id":"https:\/\/www.hotel-louis2.com\/de\/partner\/der-louis-ii-duft\/#breadcrumb","itemListElement":[{"@type":"ListItem","position":1,"name":"Home","item":"https:\/\/www.hotel-louis2.com\/de\/hotel-louis-ii-paris\/"},{"@type":"ListItem","position":2,"name":"Partner","item":"https:\/\/www.hotel-louis2.com\/de\/partner\/"},{"@type":"ListItem","position":3,"name":"Der Louis-II-Duft"}]},{"@type":"WebSite","@id":"https:\/\/www.hotel-louis2.com\/de\/#website","url":"https:\/\/www.hotel-louis2.com\/de\/","name":"H\u00f4tel Louis 2","description":"Just another ms.decms.eu site","potentialAction":[{"@type":"SearchAction","target":{"@type":"EntryPoint","urlTemplate":"https:\/\/www.hotel-louis2.com\/de\/?s={search_term_string}"},"query-input":{"@type":"PropertyValueSpecification","valueRequired":true,"valueName":"search_term_string"}}],"inLanguage":"de-DE"}]}},"acf":[],"_links":{"self":[{"href":"https:\/\/www.hotel-louis2.com\/de\/wp-json\/wp\/v2\/pages\/765","targetHints":{"allow":["GET"]}}],"collection":[{"href":"https:\/\/www.hotel-louis2.com\/de\/wp-json\/wp\/v2\/pages"}],"about":[{"href":"https:\/\/www.hotel-louis2.com\/de\/wp-json\/wp\/v2\/types\/page"}],"author":[{"embeddable":true,"href":"https:\/\/www.hotel-louis2.com\/de\/wp-json\/wp\/v2\/users\/5"}],"replies":[{"embeddable":true,"href":"https:\/\/www.hotel-louis2.com\/de\/wp-json\/wp\/v2\/comments?post=765"}],"version-history":[{"count":0,"href":"https:\/\/www.hotel-louis2.com\/de\/wp-json\/wp\/v2\/pages\/765\/revisions"}],"up":[{"embeddable":true,"href":"https:\/\/www.hotel-louis2.com\/de\/wp-json\/wp\/v2\/pages\/759"}],"wp:attachment":[{"href":"https:\/\/www.hotel-louis2.com\/de\/wp-json\/wp\/v2\/media?parent=765"}],"curies":[{"name":"wp","href":"https:\/\/api.w.org\/{rel}","templated":true}]}}