{"id":633,"date":"2021-09-22T15:03:57","date_gmt":"2021-09-22T15:03:57","guid":{"rendered":"https:\/\/www.hotel-louis2.com\/bienvenue-a-lhotel-louis-ii\/"},"modified":"2023-06-15T14:01:07","modified_gmt":"2023-06-15T14:01:07","slug":"bienvenue-a-lhotel-louis-ii","status":"publish","type":"page","link":"https:\/\/www.hotel-louis2.com\/it\/bienvenue-a-lhotel-louis-ii\/","title":{"rendered":"H\u00f4tel Louis II Paris"},"content":{"rendered":"<p style=\"text-align: justify;\">L&#8217;Hotel Louis II ti accoglie nel cuore del quartiere storico Saint-Germain-des-Pr\u00e9s, nel 6\u00b0 arrondissement di Parigi. Autentico villaggio in pieno centro di Parigi in cui si mescolano cultura e patrimonio, l&#8217;hotel Louis II sapr\u00e0 conquistarti con la sua location d&#8217;eccezione. Intramontabile e con tantissime possibilit\u00e0 di visite, il quartiere Saint-Germain-des-Pr\u00e9s fa rima con rive gauche, artisti, intellettuali, bei negozi e monumenti storici.<\/p>\n<p><strong>Recentemente ristrutturato<\/strong>, l&#8217;hotel II \u00e8 un <strong>piccolo scrigno<\/strong> dove ogni visitatore \u00e8 unico. I nostri team saranno lieti di prendersi cura di te per rendere il tuo soggiorno a Parigi <strong>indimenticabile<\/strong>.<\/p>\n<p style=\"text-align: justify;\">\n","protected":false},"excerpt":{"rendered":"<p>L&#8217;Hotel Louis II ti accoglie nel cuore del quartiere storico Saint-Germain-des-Pr\u00e9s, nel 6\u00b0 arrondissement di Parigi. Autentico villaggio in pieno centro di Parigi in cui si mescolano cultura e patrimonio, l&#8217;hotel Louis II sapr\u00e0 conquistarti con la sua location d&#8217;eccezione. Intramontabile e con tantissime possibilit\u00e0 di visite, il quartiere Saint-Germain-des-Pr\u00e9s fa rima con rive gauche, [&hellip;]<\/p>\n","protected":false},"author":60,"featured_media":0,"parent":0,"menu_order":0,"comment_status":"closed","ping_status":"closed","template":"","meta":{"footnotes":""},"class_list":["post-633","page","type-page","status-publish","hentry"],"yoast_head":"<!-- This site is optimized with the Yoast SEO plugin v26.9 - https:\/\/yoast.com\/product\/yoast-seo-wordpress\/ -->\n<title>Benvenuto nell&#039;hotel Louis II | Paris 6 Od\u00e9o<\/title>\n<meta name=\"description\" content=\"Nel cuore del quartiere storico, l&#039;hotel Louis II sar\u00e0 la tua oasi di pace, il tuo piccolo scrigno nella palpitante citt\u00e0 di Parigi\" \/>\n<meta name=\"robots\" content=\"index, follow, max-snippet:-1, max-image-preview:large, max-video-preview:-1\" \/>\n<link rel=\"canonical\" href=\"https:\/\/www.hotel-louis2.com\/it\/bienvenue-a-lhotel-louis-ii\/\" \/>\n<meta property=\"og:locale\" content=\"it_IT\" \/>\n<meta property=\"og:type\" content=\"article\" \/>\n<meta property=\"og:title\" content=\"Benvenuto nell&#039;hotel Louis II | Paris 6 Od\u00e9o\" \/>\n<meta property=\"og:description\" content=\"Nel cuore del quartiere storico, l&#039;hotel Louis II sar\u00e0 la tua oasi di pace, il tuo piccolo scrigno nella palpitante citt\u00e0 di Parigi\" \/>\n<meta property=\"og:url\" content=\"https:\/\/www.hotel-louis2.com\/it\/bienvenue-a-lhotel-louis-ii\/\" \/>\n<meta property=\"og:site_name\" content=\"H\u00f4tel Louis 2\" \/>\n<meta property=\"article:modified_time\" content=\"2023-06-15T14:01:07+00:00\" \/>\n<meta name=\"twitter:card\" content=\"summary_large_image\" \/>\n<meta name=\"twitter:label1\" content=\"Tempo di lettura stimato\" \/>\n\t<meta name=\"twitter:data1\" content=\"1 minuto\" \/>\n<script type=\"application\/ld+json\" class=\"yoast-schema-graph\">{\"@context\":\"https:\/\/schema.org\",\"@graph\":[{\"@type\":\"WebPage\",\"@id\":\"https:\/\/www.hotel-louis2.com\/it\/bienvenue-a-lhotel-louis-ii\/\",\"url\":\"https:\/\/www.hotel-louis2.com\/it\/bienvenue-a-lhotel-louis-ii\/\",\"name\":\"Benvenuto nell'hotel Louis II | Paris 6 Od\u00e9o\",\"isPartOf\":{\"@id\":\"https:\/\/www.hotel-louis2.com\/it\/#website\"},\"datePublished\":\"2021-09-22T15:03:57+00:00\",\"dateModified\":\"2023-06-15T14:01:07+00:00\",\"description\":\"Nel cuore del quartiere storico, l'hotel Louis II sar\u00e0 la tua oasi di pace, il tuo piccolo scrigno nella palpitante citt\u00e0 di Parigi\",\"breadcrumb\":{\"@id\":\"https:\/\/www.hotel-louis2.com\/it\/bienvenue-a-lhotel-louis-ii\/#breadcrumb\"},\"inLanguage\":\"it-IT\",\"potentialAction\":[{\"@type\":\"ReadAction\",\"target\":[\"https:\/\/www.hotel-louis2.com\/it\/bienvenue-a-lhotel-louis-ii\/\"]}]},{\"@type\":\"BreadcrumbList\",\"@id\":\"https:\/\/www.hotel-louis2.com\/it\/bienvenue-a-lhotel-louis-ii\/#breadcrumb\",\"itemListElement\":[{\"@type\":\"ListItem\",\"position\":1,\"name\":\"Home\",\"item\":\"https:\/\/www.hotel-louis2.com\/it\/hotel-louis-ii-paris\/\"},{\"@type\":\"ListItem\",\"position\":2,\"name\":\"H\u00f4tel Louis II Paris\"}]},{\"@type\":\"WebSite\",\"@id\":\"https:\/\/www.hotel-louis2.com\/it\/#website\",\"url\":\"https:\/\/www.hotel-louis2.com\/it\/\",\"name\":\"H\u00f4tel Louis 2\",\"description\":\"Just another ms.decms.eu site\",\"potentialAction\":[{\"@type\":\"SearchAction\",\"target\":{\"@type\":\"EntryPoint\",\"urlTemplate\":\"https:\/\/www.hotel-louis2.com\/it\/?s={search_term_string}\"},\"query-input\":{\"@type\":\"PropertyValueSpecification\",\"valueRequired\":true,\"valueName\":\"search_term_string\"}}],\"inLanguage\":\"it-IT\"}]}<\/script>\n<!-- \/ Yoast SEO plugin. -->","yoast_head_json":{"title":"Benvenuto nell'hotel Louis II | Paris 6 Od\u00e9o","description":"Nel cuore del quartiere storico, l'hotel Louis II sar\u00e0 la tua oasi di pace, il tuo piccolo scrigno nella palpitante citt\u00e0 di Parigi","robots":{"index":"index","follow":"follow","max-snippet":"max-snippet:-1","max-image-preview":"max-image-preview:large","max-video-preview":"max-video-preview:-1"},"canonical":"https:\/\/www.hotel-louis2.com\/it\/bienvenue-a-lhotel-louis-ii\/","og_locale":"it_IT","og_type":"article","og_title":"Benvenuto nell'hotel Louis II | Paris 6 Od\u00e9o","og_description":"Nel cuore del quartiere storico, l'hotel Louis II sar\u00e0 la tua oasi di pace, il tuo piccolo scrigno nella palpitante citt\u00e0 di Parigi","og_url":"https:\/\/www.hotel-louis2.com\/it\/bienvenue-a-lhotel-louis-ii\/","og_site_name":"H\u00f4tel Louis 2","article_modified_time":"2023-06-15T14:01:07+00:00","twitter_card":"summary_large_image","twitter_misc":{"Tempo di lettura stimato":"1 minuto"},"schema":{"@context":"https:\/\/schema.org","@graph":[{"@type":"WebPage","@id":"https:\/\/www.hotel-louis2.com\/it\/bienvenue-a-lhotel-louis-ii\/","url":"https:\/\/www.hotel-louis2.com\/it\/bienvenue-a-lhotel-louis-ii\/","name":"Benvenuto nell'hotel Louis II | Paris 6 Od\u00e9o","isPartOf":{"@id":"https:\/\/www.hotel-louis2.com\/it\/#website"},"datePublished":"2021-09-22T15:03:57+00:00","dateModified":"2023-06-15T14:01:07+00:00","description":"Nel cuore del quartiere storico, l'hotel Louis II sar\u00e0 la tua oasi di pace, il tuo piccolo scrigno nella palpitante citt\u00e0 di Parigi","breadcrumb":{"@id":"https:\/\/www.hotel-louis2.com\/it\/bienvenue-a-lhotel-louis-ii\/#breadcrumb"},"inLanguage":"it-IT","potentialAction":[{"@type":"ReadAction","target":["https:\/\/www.hotel-louis2.com\/it\/bienvenue-a-lhotel-louis-ii\/"]}]},{"@type":"BreadcrumbList","@id":"https:\/\/www.hotel-louis2.com\/it\/bienvenue-a-lhotel-louis-ii\/#breadcrumb","itemListElement":[{"@type":"ListItem","position":1,"name":"Home","item":"https:\/\/www.hotel-louis2.com\/it\/hotel-louis-ii-paris\/"},{"@type":"ListItem","position":2,"name":"H\u00f4tel Louis II Paris"}]},{"@type":"WebSite","@id":"https:\/\/www.hotel-louis2.com\/it\/#website","url":"https:\/\/www.hotel-louis2.com\/it\/","name":"H\u00f4tel Louis 2","description":"Just another ms.decms.eu site","potentialAction":[{"@type":"SearchAction","target":{"@type":"EntryPoint","urlTemplate":"https:\/\/www.hotel-louis2.com\/it\/?s={search_term_string}"},"query-input":{"@type":"PropertyValueSpecification","valueRequired":true,"valueName":"search_term_string"}}],"inLanguage":"it-IT"}]}},"acf":[],"_links":{"self":[{"href":"https:\/\/www.hotel-louis2.com\/it\/wp-json\/wp\/v2\/pages\/633","targetHints":{"allow":["GET"]}}],"collection":[{"href":"https:\/\/www.hotel-louis2.com\/it\/wp-json\/wp\/v2\/pages"}],"about":[{"href":"https:\/\/www.hotel-louis2.com\/it\/wp-json\/wp\/v2\/types\/page"}],"author":[{"embeddable":true,"href":"https:\/\/www.hotel-louis2.com\/it\/wp-json\/wp\/v2\/users\/60"}],"replies":[{"embeddable":true,"href":"https:\/\/www.hotel-louis2.com\/it\/wp-json\/wp\/v2\/comments?post=633"}],"version-history":[{"count":0,"href":"https:\/\/www.hotel-louis2.com\/it\/wp-json\/wp\/v2\/pages\/633\/revisions"}],"wp:attachment":[{"href":"https:\/\/www.hotel-louis2.com\/it\/wp-json\/wp\/v2\/media?parent=633"}],"curies":[{"name":"wp","href":"https:\/\/api.w.org\/{rel}","templated":true}]}}