{"id":641,"date":"2021-09-22T16:08:27","date_gmt":"2021-09-22T16:08:27","guid":{"rendered":"https:\/\/www.hotel-louis2.com\/camere-e-suite\/chambre-deluxe-josephine-au-louis-ii\/"},"modified":"2023-06-14T13:21:25","modified_gmt":"2023-06-14T13:21:25","slug":"deluxe-josephine","status":"publish","type":"page","link":"https:\/\/www.hotel-louis2.com\/it\/camere-e-suite\/deluxe-josephine\/","title":{"rendered":"Deluxe Jos\u00e9phine"},"content":{"rendered":"<p style=\"text-align: justify;\"><span data-sheets-value=\"{&quot;1&quot;:2,&quot;2&quot;:&quot;Jos\u00e9phine, o la pi\u00f9 birichina del gruppo. Entra nella sua camera deluxe, spaziosa e luminosa, grazie alle due ampie finestre. Le travi e le tele di Jouy bordeaux sapranno attirare l'attenzione dei pi\u00f9 curiosi durante il soggiorno.&quot;}\" data-sheets-userformat=\"{&quot;2&quot;:12688,&quot;7&quot;:{&quot;1&quot;:[{&quot;1&quot;:2,&quot;2&quot;:0,&quot;5&quot;:{&quot;1&quot;:2,&quot;2&quot;:16777215}},{&quot;1&quot;:0,&quot;2&quot;:0,&quot;3&quot;:3},{&quot;1&quot;:1,&quot;2&quot;:0,&quot;4&quot;:1}]},&quot;10&quot;:2,&quot;11&quot;:4,&quot;15&quot;:&quot;Arial&quot;,&quot;16&quot;:11}\">Jos\u00e9phine, o la pi\u00f9 birichina del gruppo. Entra nella sua camera deluxe, spaziosa e luminosa, grazie alle due ampie finestre. Le travi e le tele di Jouy bordeaux sapranno attirare l&#8217;attenzione dei pi\u00f9 curiosi durante il soggiorno.<\/span><\/p>\n","protected":false},"excerpt":{"rendered":"<p>Jos\u00e9phine, o la pi\u00f9 birichina del gruppo. Entra nella sua camera deluxe, spaziosa e luminosa, grazie alle due ampie finestre. Le travi e le tele di Jouy bordeaux sapranno attirare l&#8217;attenzione dei pi\u00f9 curiosi durante il soggiorno.<\/p>\n","protected":false},"author":5,"featured_media":0,"parent":635,"menu_order":4,"comment_status":"closed","ping_status":"closed","template":"template-single-room.php","meta":{"footnotes":""},"class_list":["post-641","page","type-page","status-publish","hentry"],"yoast_head":"<!-- This site is optimized with the Yoast SEO plugin v26.9 - https:\/\/yoast.com\/product\/yoast-seo-wordpress\/ -->\n<title>H\u00f4tel Louis II | 4 \u00c9toiles Paris - Quartier Latin | La Deluxe de Jos\u00e9phine<\/title>\n<meta name=\"description\" content=\"Jos\u00e9phine, grande courtisane \u00e0 l&#039;esprit tr\u00e8s aff\u00fbt\u00e9, d\u00e9couvrez son univers enveloppant qui profite d&#039;un bain de lumi\u00e8re \u00e0 toute heure\" \/>\n<meta name=\"robots\" content=\"noindex, follow\" \/>\n<meta property=\"og:locale\" content=\"it_IT\" \/>\n<meta property=\"og:type\" content=\"article\" \/>\n<meta property=\"og:title\" content=\"H\u00f4tel Louis II | 4 \u00c9toiles Paris - Quartier Latin | La Deluxe de Jos\u00e9phine\" \/>\n<meta property=\"og:description\" content=\"Jos\u00e9phine, grande courtisane \u00e0 l&#039;esprit tr\u00e8s aff\u00fbt\u00e9, d\u00e9couvrez son univers enveloppant qui profite d&#039;un bain de lumi\u00e8re \u00e0 toute heure\" \/>\n<meta property=\"og:url\" content=\"https:\/\/www.hotel-louis2.com\/it\/camere-e-suite\/deluxe-josephine\/\" \/>\n<meta property=\"og:site_name\" content=\"H\u00f4tel Louis 2\" \/>\n<meta property=\"article:modified_time\" content=\"2023-06-14T13:21:25+00:00\" \/>\n<meta name=\"twitter:card\" content=\"summary_large_image\" \/>\n<meta name=\"twitter:label1\" content=\"Tempo di lettura stimato\" \/>\n\t<meta name=\"twitter:data1\" content=\"1 minuto\" \/>\n<script type=\"application\/ld+json\" class=\"yoast-schema-graph\">{\"@context\":\"https:\/\/schema.org\",\"@graph\":[{\"@type\":\"WebPage\",\"@id\":\"https:\/\/www.hotel-louis2.com\/it\/camere-e-suite\/deluxe-josephine\/\",\"url\":\"https:\/\/www.hotel-louis2.com\/it\/camere-e-suite\/deluxe-josephine\/\",\"name\":\"H\u00f4tel Louis II | 4 \u00c9toiles Paris - Quartier Latin | La Deluxe de Jos\u00e9phine\",\"isPartOf\":{\"@id\":\"https:\/\/www.hotel-louis2.com\/it\/#website\"},\"datePublished\":\"2021-09-22T16:08:27+00:00\",\"dateModified\":\"2023-06-14T13:21:25+00:00\",\"description\":\"Jos\u00e9phine, grande courtisane \u00e0 l'esprit tr\u00e8s aff\u00fbt\u00e9, d\u00e9couvrez son univers enveloppant qui profite d'un bain de lumi\u00e8re \u00e0 toute heure\",\"breadcrumb\":{\"@id\":\"https:\/\/www.hotel-louis2.com\/it\/camere-e-suite\/deluxe-josephine\/#breadcrumb\"},\"inLanguage\":\"it-IT\",\"potentialAction\":[{\"@type\":\"ReadAction\",\"target\":[\"https:\/\/www.hotel-louis2.com\/it\/camere-e-suite\/deluxe-josephine\/\"]}]},{\"@type\":\"BreadcrumbList\",\"@id\":\"https:\/\/www.hotel-louis2.com\/it\/camere-e-suite\/deluxe-josephine\/#breadcrumb\",\"itemListElement\":[{\"@type\":\"ListItem\",\"position\":1,\"name\":\"Home\",\"item\":\"https:\/\/www.hotel-louis2.com\/it\/hotel-louis-ii-paris\/\"},{\"@type\":\"ListItem\",\"position\":2,\"name\":\"Dormire\",\"item\":\"https:\/\/www.hotel-louis2.com\/it\/camere-e-suite\/\"},{\"@type\":\"ListItem\",\"position\":3,\"name\":\"Deluxe Jos\u00e9phine\"}]},{\"@type\":\"WebSite\",\"@id\":\"https:\/\/www.hotel-louis2.com\/it\/#website\",\"url\":\"https:\/\/www.hotel-louis2.com\/it\/\",\"name\":\"H\u00f4tel Louis 2\",\"description\":\"Just another ms.decms.eu site\",\"potentialAction\":[{\"@type\":\"SearchAction\",\"target\":{\"@type\":\"EntryPoint\",\"urlTemplate\":\"https:\/\/www.hotel-louis2.com\/it\/?s={search_term_string}\"},\"query-input\":{\"@type\":\"PropertyValueSpecification\",\"valueRequired\":true,\"valueName\":\"search_term_string\"}}],\"inLanguage\":\"it-IT\"}]}<\/script>\n<!-- \/ Yoast SEO plugin. -->","yoast_head_json":{"title":"H\u00f4tel Louis II | 4 \u00c9toiles Paris - Quartier Latin | La Deluxe de Jos\u00e9phine","description":"Jos\u00e9phine, grande courtisane \u00e0 l'esprit tr\u00e8s aff\u00fbt\u00e9, d\u00e9couvrez son univers enveloppant qui profite d'un bain de lumi\u00e8re \u00e0 toute heure","robots":{"index":"noindex","follow":"follow"},"og_locale":"it_IT","og_type":"article","og_title":"H\u00f4tel Louis II | 4 \u00c9toiles Paris - Quartier Latin | La Deluxe de Jos\u00e9phine","og_description":"Jos\u00e9phine, grande courtisane \u00e0 l'esprit tr\u00e8s aff\u00fbt\u00e9, d\u00e9couvrez son univers enveloppant qui profite d'un bain de lumi\u00e8re \u00e0 toute heure","og_url":"https:\/\/www.hotel-louis2.com\/it\/camere-e-suite\/deluxe-josephine\/","og_site_name":"H\u00f4tel Louis 2","article_modified_time":"2023-06-14T13:21:25+00:00","twitter_card":"summary_large_image","twitter_misc":{"Tempo di lettura stimato":"1 minuto"},"schema":{"@context":"https:\/\/schema.org","@graph":[{"@type":"WebPage","@id":"https:\/\/www.hotel-louis2.com\/it\/camere-e-suite\/deluxe-josephine\/","url":"https:\/\/www.hotel-louis2.com\/it\/camere-e-suite\/deluxe-josephine\/","name":"H\u00f4tel Louis II | 4 \u00c9toiles Paris - Quartier Latin | La Deluxe de Jos\u00e9phine","isPartOf":{"@id":"https:\/\/www.hotel-louis2.com\/it\/#website"},"datePublished":"2021-09-22T16:08:27+00:00","dateModified":"2023-06-14T13:21:25+00:00","description":"Jos\u00e9phine, grande courtisane \u00e0 l'esprit tr\u00e8s aff\u00fbt\u00e9, d\u00e9couvrez son univers enveloppant qui profite d'un bain de lumi\u00e8re \u00e0 toute heure","breadcrumb":{"@id":"https:\/\/www.hotel-louis2.com\/it\/camere-e-suite\/deluxe-josephine\/#breadcrumb"},"inLanguage":"it-IT","potentialAction":[{"@type":"ReadAction","target":["https:\/\/www.hotel-louis2.com\/it\/camere-e-suite\/deluxe-josephine\/"]}]},{"@type":"BreadcrumbList","@id":"https:\/\/www.hotel-louis2.com\/it\/camere-e-suite\/deluxe-josephine\/#breadcrumb","itemListElement":[{"@type":"ListItem","position":1,"name":"Home","item":"https:\/\/www.hotel-louis2.com\/it\/hotel-louis-ii-paris\/"},{"@type":"ListItem","position":2,"name":"Dormire","item":"https:\/\/www.hotel-louis2.com\/it\/camere-e-suite\/"},{"@type":"ListItem","position":3,"name":"Deluxe Jos\u00e9phine"}]},{"@type":"WebSite","@id":"https:\/\/www.hotel-louis2.com\/it\/#website","url":"https:\/\/www.hotel-louis2.com\/it\/","name":"H\u00f4tel Louis 2","description":"Just another ms.decms.eu site","potentialAction":[{"@type":"SearchAction","target":{"@type":"EntryPoint","urlTemplate":"https:\/\/www.hotel-louis2.com\/it\/?s={search_term_string}"},"query-input":{"@type":"PropertyValueSpecification","valueRequired":true,"valueName":"search_term_string"}}],"inLanguage":"it-IT"}]}},"acf":[],"_links":{"self":[{"href":"https:\/\/www.hotel-louis2.com\/it\/wp-json\/wp\/v2\/pages\/641","targetHints":{"allow":["GET"]}}],"collection":[{"href":"https:\/\/www.hotel-louis2.com\/it\/wp-json\/wp\/v2\/pages"}],"about":[{"href":"https:\/\/www.hotel-louis2.com\/it\/wp-json\/wp\/v2\/types\/page"}],"author":[{"embeddable":true,"href":"https:\/\/www.hotel-louis2.com\/it\/wp-json\/wp\/v2\/users\/5"}],"replies":[{"embeddable":true,"href":"https:\/\/www.hotel-louis2.com\/it\/wp-json\/wp\/v2\/comments?post=641"}],"version-history":[{"count":0,"href":"https:\/\/www.hotel-louis2.com\/it\/wp-json\/wp\/v2\/pages\/641\/revisions"}],"up":[{"embeddable":true,"href":"https:\/\/www.hotel-louis2.com\/it\/wp-json\/wp\/v2\/pages\/635"}],"wp:attachment":[{"href":"https:\/\/www.hotel-louis2.com\/it\/wp-json\/wp\/v2\/media?parent=641"}],"curies":[{"name":"wp","href":"https:\/\/api.w.org\/{rel}","templated":true}]}}