{"id":645,"date":"2021-12-07T21:24:46","date_gmt":"2021-12-07T21:24:46","guid":{"rendered":"https:\/\/www.hotel-louis2.com\/camere-e-suite\/suite-ambroise-au-louis-ii\/"},"modified":"2023-06-14T13:22:08","modified_gmt":"2023-06-14T13:22:08","slug":"suite-ambroise","status":"publish","type":"page","link":"https:\/\/www.hotel-louis2.com\/it\/camere-e-suite\/suite-ambroise\/","title":{"rendered":"Suite Ambroise"},"content":{"rendered":"<p style=\"text-align: justify;\"><span data-sheets-value=\"{&quot;1&quot;:2,&quot;2&quot;:&quot;Nella suite Ambroise, arte e lusso prendono il sopravvento. Quest'ampia suite al 6\u00b0 piano dispone di una grande sala da bagno in marmo nero con luce naturale, per un'atmosfera regale. &quot;}\" data-sheets-userformat=\"{&quot;2&quot;:12688,&quot;7&quot;:{&quot;1&quot;:[{&quot;1&quot;:2,&quot;2&quot;:0,&quot;5&quot;:{&quot;1&quot;:2,&quot;2&quot;:16777215}},{&quot;1&quot;:0,&quot;2&quot;:0,&quot;3&quot;:3},{&quot;1&quot;:1,&quot;2&quot;:0,&quot;4&quot;:1}]},&quot;10&quot;:2,&quot;11&quot;:4,&quot;15&quot;:&quot;Arial&quot;,&quot;16&quot;:11}\">Nella suite Ambroise, arte e lusso prendono il sopravvento. Quest&#8217;ampia suite al 6\u00b0 piano dispone di una grande sala da bagno in marmo nero con luce naturale, per un&#8217;atmosfera regale. <\/span><\/p>\n","protected":false},"excerpt":{"rendered":"<p>Nella suite Ambroise, arte e lusso prendono il sopravvento. Quest&#8217;ampia suite al 6\u00b0 piano dispone di una grande sala da bagno in marmo nero con luce naturale, per un&#8217;atmosfera regale.<\/p>\n","protected":false},"author":5,"featured_media":0,"parent":635,"menu_order":6,"comment_status":"closed","ping_status":"closed","template":"template-single-room.php","meta":{"footnotes":""},"class_list":["post-645","page","type-page","status-publish","hentry"],"yoast_head":"<!-- This site is optimized with the Yoast SEO plugin v26.9 - https:\/\/yoast.com\/product\/yoast-seo-wordpress\/ -->\n<title>H\u00f4tel Louis II | 4 \u00c9toiles Paris - Quartier Latin | La Suite d&#039;Ambroise<\/title>\n<meta name=\"description\" content=\"Des pieds sur terre \u00e0 la t\u00eate dans les \u00e9toiles, vous r\u00eavez des mile &amp; une nuit dans la suite d&#039;Ambroise tout en flottant au dessus de la ville\" \/>\n<meta name=\"robots\" content=\"noindex, follow\" \/>\n<meta property=\"og:locale\" content=\"it_IT\" \/>\n<meta property=\"og:type\" content=\"article\" \/>\n<meta property=\"og:title\" content=\"H\u00f4tel Louis II | 4 \u00c9toiles Paris - Quartier Latin | La Suite d&#039;Ambroise\" \/>\n<meta property=\"og:description\" content=\"Des pieds sur terre \u00e0 la t\u00eate dans les \u00e9toiles, vous r\u00eavez des mile &amp; une nuit dans la suite d&#039;Ambroise tout en flottant au dessus de la ville\" \/>\n<meta property=\"og:url\" content=\"https:\/\/www.hotel-louis2.com\/it\/camere-e-suite\/suite-ambroise\/\" \/>\n<meta property=\"og:site_name\" content=\"H\u00f4tel Louis 2\" \/>\n<meta property=\"article:modified_time\" content=\"2023-06-14T13:22:08+00:00\" \/>\n<meta name=\"twitter:card\" content=\"summary_large_image\" \/>\n<meta name=\"twitter:label1\" content=\"Tempo di lettura stimato\" \/>\n\t<meta name=\"twitter:data1\" content=\"1 minuto\" \/>\n<script type=\"application\/ld+json\" class=\"yoast-schema-graph\">{\"@context\":\"https:\/\/schema.org\",\"@graph\":[{\"@type\":\"WebPage\",\"@id\":\"https:\/\/www.hotel-louis2.com\/it\/camere-e-suite\/suite-ambroise\/\",\"url\":\"https:\/\/www.hotel-louis2.com\/it\/camere-e-suite\/suite-ambroise\/\",\"name\":\"H\u00f4tel Louis II | 4 \u00c9toiles Paris - Quartier Latin | La Suite d'Ambroise\",\"isPartOf\":{\"@id\":\"https:\/\/www.hotel-louis2.com\/it\/#website\"},\"datePublished\":\"2021-12-07T21:24:46+00:00\",\"dateModified\":\"2023-06-14T13:22:08+00:00\",\"description\":\"Des pieds sur terre \u00e0 la t\u00eate dans les \u00e9toiles, vous r\u00eavez des mile & une nuit dans la suite d'Ambroise tout en flottant au dessus de la ville\",\"breadcrumb\":{\"@id\":\"https:\/\/www.hotel-louis2.com\/it\/camere-e-suite\/suite-ambroise\/#breadcrumb\"},\"inLanguage\":\"it-IT\",\"potentialAction\":[{\"@type\":\"ReadAction\",\"target\":[\"https:\/\/www.hotel-louis2.com\/it\/camere-e-suite\/suite-ambroise\/\"]}]},{\"@type\":\"BreadcrumbList\",\"@id\":\"https:\/\/www.hotel-louis2.com\/it\/camere-e-suite\/suite-ambroise\/#breadcrumb\",\"itemListElement\":[{\"@type\":\"ListItem\",\"position\":1,\"name\":\"Home\",\"item\":\"https:\/\/www.hotel-louis2.com\/it\/hotel-louis-ii-paris\/\"},{\"@type\":\"ListItem\",\"position\":2,\"name\":\"Dormire\",\"item\":\"https:\/\/www.hotel-louis2.com\/it\/camere-e-suite\/\"},{\"@type\":\"ListItem\",\"position\":3,\"name\":\"Suite Ambroise\"}]},{\"@type\":\"WebSite\",\"@id\":\"https:\/\/www.hotel-louis2.com\/it\/#website\",\"url\":\"https:\/\/www.hotel-louis2.com\/it\/\",\"name\":\"H\u00f4tel Louis 2\",\"description\":\"Just another ms.decms.eu site\",\"potentialAction\":[{\"@type\":\"SearchAction\",\"target\":{\"@type\":\"EntryPoint\",\"urlTemplate\":\"https:\/\/www.hotel-louis2.com\/it\/?s={search_term_string}\"},\"query-input\":{\"@type\":\"PropertyValueSpecification\",\"valueRequired\":true,\"valueName\":\"search_term_string\"}}],\"inLanguage\":\"it-IT\"}]}<\/script>\n<!-- \/ Yoast SEO plugin. -->","yoast_head_json":{"title":"H\u00f4tel Louis II | 4 \u00c9toiles Paris - Quartier Latin | La Suite d'Ambroise","description":"Des pieds sur terre \u00e0 la t\u00eate dans les \u00e9toiles, vous r\u00eavez des mile & une nuit dans la suite d'Ambroise tout en flottant au dessus de la ville","robots":{"index":"noindex","follow":"follow"},"og_locale":"it_IT","og_type":"article","og_title":"H\u00f4tel Louis II | 4 \u00c9toiles Paris - Quartier Latin | La Suite d'Ambroise","og_description":"Des pieds sur terre \u00e0 la t\u00eate dans les \u00e9toiles, vous r\u00eavez des mile & une nuit dans la suite d'Ambroise tout en flottant au dessus de la ville","og_url":"https:\/\/www.hotel-louis2.com\/it\/camere-e-suite\/suite-ambroise\/","og_site_name":"H\u00f4tel Louis 2","article_modified_time":"2023-06-14T13:22:08+00:00","twitter_card":"summary_large_image","twitter_misc":{"Tempo di lettura stimato":"1 minuto"},"schema":{"@context":"https:\/\/schema.org","@graph":[{"@type":"WebPage","@id":"https:\/\/www.hotel-louis2.com\/it\/camere-e-suite\/suite-ambroise\/","url":"https:\/\/www.hotel-louis2.com\/it\/camere-e-suite\/suite-ambroise\/","name":"H\u00f4tel Louis II | 4 \u00c9toiles Paris - Quartier Latin | La Suite d'Ambroise","isPartOf":{"@id":"https:\/\/www.hotel-louis2.com\/it\/#website"},"datePublished":"2021-12-07T21:24:46+00:00","dateModified":"2023-06-14T13:22:08+00:00","description":"Des pieds sur terre \u00e0 la t\u00eate dans les \u00e9toiles, vous r\u00eavez des mile & une nuit dans la suite d'Ambroise tout en flottant au dessus de la ville","breadcrumb":{"@id":"https:\/\/www.hotel-louis2.com\/it\/camere-e-suite\/suite-ambroise\/#breadcrumb"},"inLanguage":"it-IT","potentialAction":[{"@type":"ReadAction","target":["https:\/\/www.hotel-louis2.com\/it\/camere-e-suite\/suite-ambroise\/"]}]},{"@type":"BreadcrumbList","@id":"https:\/\/www.hotel-louis2.com\/it\/camere-e-suite\/suite-ambroise\/#breadcrumb","itemListElement":[{"@type":"ListItem","position":1,"name":"Home","item":"https:\/\/www.hotel-louis2.com\/it\/hotel-louis-ii-paris\/"},{"@type":"ListItem","position":2,"name":"Dormire","item":"https:\/\/www.hotel-louis2.com\/it\/camere-e-suite\/"},{"@type":"ListItem","position":3,"name":"Suite Ambroise"}]},{"@type":"WebSite","@id":"https:\/\/www.hotel-louis2.com\/it\/#website","url":"https:\/\/www.hotel-louis2.com\/it\/","name":"H\u00f4tel Louis 2","description":"Just another ms.decms.eu site","potentialAction":[{"@type":"SearchAction","target":{"@type":"EntryPoint","urlTemplate":"https:\/\/www.hotel-louis2.com\/it\/?s={search_term_string}"},"query-input":{"@type":"PropertyValueSpecification","valueRequired":true,"valueName":"search_term_string"}}],"inLanguage":"it-IT"}]}},"acf":[],"_links":{"self":[{"href":"https:\/\/www.hotel-louis2.com\/it\/wp-json\/wp\/v2\/pages\/645","targetHints":{"allow":["GET"]}}],"collection":[{"href":"https:\/\/www.hotel-louis2.com\/it\/wp-json\/wp\/v2\/pages"}],"about":[{"href":"https:\/\/www.hotel-louis2.com\/it\/wp-json\/wp\/v2\/types\/page"}],"author":[{"embeddable":true,"href":"https:\/\/www.hotel-louis2.com\/it\/wp-json\/wp\/v2\/users\/5"}],"replies":[{"embeddable":true,"href":"https:\/\/www.hotel-louis2.com\/it\/wp-json\/wp\/v2\/comments?post=645"}],"version-history":[{"count":0,"href":"https:\/\/www.hotel-louis2.com\/it\/wp-json\/wp\/v2\/pages\/645\/revisions"}],"up":[{"embeddable":true,"href":"https:\/\/www.hotel-louis2.com\/it\/wp-json\/wp\/v2\/pages\/635"}],"wp:attachment":[{"href":"https:\/\/www.hotel-louis2.com\/it\/wp-json\/wp\/v2\/media?parent=645"}],"curies":[{"name":"wp","href":"https:\/\/api.w.org\/{rel}","templated":true}]}}