{"id":647,"date":"2021-12-07T21:22:41","date_gmt":"2021-12-07T21:22:41","guid":{"rendered":"https:\/\/www.hotel-louis2.com\/camere-e-suite\/suite-executive-louis-ii\/"},"modified":"2023-06-14T13:22:27","modified_gmt":"2023-06-14T13:22:27","slug":"suite-louis-ii","status":"publish","type":"page","link":"https:\/\/www.hotel-louis2.com\/it\/camere-e-suite\/suite-louis-ii\/","title":{"rendered":"Suite Louis II"},"content":{"rendered":"<p><span data-sheets-value=\"{&quot;1&quot;:2,&quot;2&quot;:&quot;Entra nella maestosa suite Louis II e immergiti come un re nella sua atmosfera regale. Lasciati conquistare dal suo arredo antico con travi apparenti, dal grande arazzo mitologico e dal salotto rosso vermiglio, perfetto per assaporare un t\u00e8. Come nella suite Ambroise, troverai anche qui una bella sala da bagno interamente rivestita in marmo nero.&quot;}\" data-sheets-userformat=\"{&quot;2&quot;:12688,&quot;7&quot;:{&quot;1&quot;:[{&quot;1&quot;:2,&quot;2&quot;:0,&quot;5&quot;:{&quot;1&quot;:2,&quot;2&quot;:16777215}},{&quot;1&quot;:0,&quot;2&quot;:0,&quot;3&quot;:3},{&quot;1&quot;:1,&quot;2&quot;:0,&quot;4&quot;:1}]},&quot;10&quot;:2,&quot;11&quot;:4,&quot;15&quot;:&quot;Arial&quot;,&quot;16&quot;:11}\">Entra nella maestosa suite Louis II e immergiti come un re nella sua atmosfera regale. Lasciati conquistare dal suo arredo antico con travi apparenti, dal grande arazzo mitologico e dal salotto rosso vermiglio, perfetto per assaporare un t\u00e8. Come nella suite Ambroise, troverai anche qui una bella sala da bagno interamente rivestita in marmo nero.<\/span><\/p>\n","protected":false},"excerpt":{"rendered":"<p>Entra nella maestosa suite Louis II e immergiti come un re nella sua atmosfera regale. Lasciati conquistare dal suo arredo antico con travi apparenti, dal grande arazzo mitologico e dal salotto rosso vermiglio, perfetto per assaporare un t\u00e8. Come nella suite Ambroise, troverai anche qui una bella sala da bagno interamente rivestita in marmo nero.<\/p>\n","protected":false},"author":5,"featured_media":0,"parent":635,"menu_order":7,"comment_status":"closed","ping_status":"closed","template":"template-single-room.php","meta":{"footnotes":""},"class_list":["post-647","page","type-page","status-publish","hentry"],"yoast_head":"<!-- This site is optimized with the Yoast SEO plugin v26.9 - https:\/\/yoast.com\/product\/yoast-seo-wordpress\/ -->\n<title>H\u00f4tel Louis II | 4 \u00c9toiles Paris - Quartier Latin | La Suite Executive Louis II<\/title>\n<meta name=\"description\" content=\"Entrez dans le monde de Louis et red\u00e9couvrez le vieux Paris m\u00e9lang\u00e9 au contemporain et pr\u00e9lassez vous dans la suite executive du Louis II\" \/>\n<meta name=\"robots\" content=\"noindex, follow\" \/>\n<meta property=\"og:locale\" content=\"it_IT\" \/>\n<meta property=\"og:type\" content=\"article\" \/>\n<meta property=\"og:title\" content=\"H\u00f4tel Louis II | 4 \u00c9toiles Paris - Quartier Latin | La Suite Executive Louis II\" \/>\n<meta property=\"og:description\" content=\"Entrez dans le monde de Louis et red\u00e9couvrez le vieux Paris m\u00e9lang\u00e9 au contemporain et pr\u00e9lassez vous dans la suite executive du Louis II\" \/>\n<meta property=\"og:url\" content=\"https:\/\/www.hotel-louis2.com\/it\/camere-e-suite\/suite-louis-ii\/\" \/>\n<meta property=\"og:site_name\" content=\"H\u00f4tel Louis 2\" \/>\n<meta property=\"article:modified_time\" content=\"2023-06-14T13:22:27+00:00\" \/>\n<meta name=\"twitter:card\" content=\"summary_large_image\" \/>\n<meta name=\"twitter:label1\" content=\"Tempo di lettura stimato\" \/>\n\t<meta name=\"twitter:data1\" content=\"1 minuto\" \/>\n<script type=\"application\/ld+json\" class=\"yoast-schema-graph\">{\"@context\":\"https:\/\/schema.org\",\"@graph\":[{\"@type\":\"WebPage\",\"@id\":\"https:\/\/www.hotel-louis2.com\/it\/camere-e-suite\/suite-louis-ii\/\",\"url\":\"https:\/\/www.hotel-louis2.com\/it\/camere-e-suite\/suite-louis-ii\/\",\"name\":\"H\u00f4tel Louis II | 4 \u00c9toiles Paris - Quartier Latin | La Suite Executive Louis II\",\"isPartOf\":{\"@id\":\"https:\/\/www.hotel-louis2.com\/it\/#website\"},\"datePublished\":\"2021-12-07T21:22:41+00:00\",\"dateModified\":\"2023-06-14T13:22:27+00:00\",\"description\":\"Entrez dans le monde de Louis et red\u00e9couvrez le vieux Paris m\u00e9lang\u00e9 au contemporain et pr\u00e9lassez vous dans la suite executive du Louis II\",\"breadcrumb\":{\"@id\":\"https:\/\/www.hotel-louis2.com\/it\/camere-e-suite\/suite-louis-ii\/#breadcrumb\"},\"inLanguage\":\"it-IT\",\"potentialAction\":[{\"@type\":\"ReadAction\",\"target\":[\"https:\/\/www.hotel-louis2.com\/it\/camere-e-suite\/suite-louis-ii\/\"]}]},{\"@type\":\"BreadcrumbList\",\"@id\":\"https:\/\/www.hotel-louis2.com\/it\/camere-e-suite\/suite-louis-ii\/#breadcrumb\",\"itemListElement\":[{\"@type\":\"ListItem\",\"position\":1,\"name\":\"Home\",\"item\":\"https:\/\/www.hotel-louis2.com\/it\/hotel-louis-ii-paris\/\"},{\"@type\":\"ListItem\",\"position\":2,\"name\":\"Dormire\",\"item\":\"https:\/\/www.hotel-louis2.com\/it\/camere-e-suite\/\"},{\"@type\":\"ListItem\",\"position\":3,\"name\":\"Suite Louis II\"}]},{\"@type\":\"WebSite\",\"@id\":\"https:\/\/www.hotel-louis2.com\/it\/#website\",\"url\":\"https:\/\/www.hotel-louis2.com\/it\/\",\"name\":\"H\u00f4tel Louis 2\",\"description\":\"Just another ms.decms.eu site\",\"potentialAction\":[{\"@type\":\"SearchAction\",\"target\":{\"@type\":\"EntryPoint\",\"urlTemplate\":\"https:\/\/www.hotel-louis2.com\/it\/?s={search_term_string}\"},\"query-input\":{\"@type\":\"PropertyValueSpecification\",\"valueRequired\":true,\"valueName\":\"search_term_string\"}}],\"inLanguage\":\"it-IT\"}]}<\/script>\n<!-- \/ Yoast SEO plugin. -->","yoast_head_json":{"title":"H\u00f4tel Louis II | 4 \u00c9toiles Paris - Quartier Latin | La Suite Executive Louis II","description":"Entrez dans le monde de Louis et red\u00e9couvrez le vieux Paris m\u00e9lang\u00e9 au contemporain et pr\u00e9lassez vous dans la suite executive du Louis II","robots":{"index":"noindex","follow":"follow"},"og_locale":"it_IT","og_type":"article","og_title":"H\u00f4tel Louis II | 4 \u00c9toiles Paris - Quartier Latin | La Suite Executive Louis II","og_description":"Entrez dans le monde de Louis et red\u00e9couvrez le vieux Paris m\u00e9lang\u00e9 au contemporain et pr\u00e9lassez vous dans la suite executive du Louis II","og_url":"https:\/\/www.hotel-louis2.com\/it\/camere-e-suite\/suite-louis-ii\/","og_site_name":"H\u00f4tel Louis 2","article_modified_time":"2023-06-14T13:22:27+00:00","twitter_card":"summary_large_image","twitter_misc":{"Tempo di lettura stimato":"1 minuto"},"schema":{"@context":"https:\/\/schema.org","@graph":[{"@type":"WebPage","@id":"https:\/\/www.hotel-louis2.com\/it\/camere-e-suite\/suite-louis-ii\/","url":"https:\/\/www.hotel-louis2.com\/it\/camere-e-suite\/suite-louis-ii\/","name":"H\u00f4tel Louis II | 4 \u00c9toiles Paris - Quartier Latin | La Suite Executive Louis II","isPartOf":{"@id":"https:\/\/www.hotel-louis2.com\/it\/#website"},"datePublished":"2021-12-07T21:22:41+00:00","dateModified":"2023-06-14T13:22:27+00:00","description":"Entrez dans le monde de Louis et red\u00e9couvrez le vieux Paris m\u00e9lang\u00e9 au contemporain et pr\u00e9lassez vous dans la suite executive du Louis II","breadcrumb":{"@id":"https:\/\/www.hotel-louis2.com\/it\/camere-e-suite\/suite-louis-ii\/#breadcrumb"},"inLanguage":"it-IT","potentialAction":[{"@type":"ReadAction","target":["https:\/\/www.hotel-louis2.com\/it\/camere-e-suite\/suite-louis-ii\/"]}]},{"@type":"BreadcrumbList","@id":"https:\/\/www.hotel-louis2.com\/it\/camere-e-suite\/suite-louis-ii\/#breadcrumb","itemListElement":[{"@type":"ListItem","position":1,"name":"Home","item":"https:\/\/www.hotel-louis2.com\/it\/hotel-louis-ii-paris\/"},{"@type":"ListItem","position":2,"name":"Dormire","item":"https:\/\/www.hotel-louis2.com\/it\/camere-e-suite\/"},{"@type":"ListItem","position":3,"name":"Suite Louis II"}]},{"@type":"WebSite","@id":"https:\/\/www.hotel-louis2.com\/it\/#website","url":"https:\/\/www.hotel-louis2.com\/it\/","name":"H\u00f4tel Louis 2","description":"Just another ms.decms.eu site","potentialAction":[{"@type":"SearchAction","target":{"@type":"EntryPoint","urlTemplate":"https:\/\/www.hotel-louis2.com\/it\/?s={search_term_string}"},"query-input":{"@type":"PropertyValueSpecification","valueRequired":true,"valueName":"search_term_string"}}],"inLanguage":"it-IT"}]}},"acf":[],"_links":{"self":[{"href":"https:\/\/www.hotel-louis2.com\/it\/wp-json\/wp\/v2\/pages\/647","targetHints":{"allow":["GET"]}}],"collection":[{"href":"https:\/\/www.hotel-louis2.com\/it\/wp-json\/wp\/v2\/pages"}],"about":[{"href":"https:\/\/www.hotel-louis2.com\/it\/wp-json\/wp\/v2\/types\/page"}],"author":[{"embeddable":true,"href":"https:\/\/www.hotel-louis2.com\/it\/wp-json\/wp\/v2\/users\/5"}],"replies":[{"embeddable":true,"href":"https:\/\/www.hotel-louis2.com\/it\/wp-json\/wp\/v2\/comments?post=647"}],"version-history":[{"count":0,"href":"https:\/\/www.hotel-louis2.com\/it\/wp-json\/wp\/v2\/pages\/647\/revisions"}],"up":[{"embeddable":true,"href":"https:\/\/www.hotel-louis2.com\/it\/wp-json\/wp\/v2\/pages\/635"}],"wp:attachment":[{"href":"https:\/\/www.hotel-louis2.com\/it\/wp-json\/wp\/v2\/media?parent=647"}],"curies":[{"name":"wp","href":"https:\/\/api.w.org\/{rel}","templated":true}]}}