{"id":655,"date":"2022-04-05T14:39:24","date_gmt":"2022-04-05T14:39:24","guid":{"rendered":"https:\/\/www.hotel-louis2.com\/gustare\/le-petit-dejeuner\/"},"modified":"2023-06-14T08:50:46","modified_gmt":"2023-06-14T08:50:46","slug":"la-colazione","status":"publish","type":"page","link":"https:\/\/www.hotel-louis2.com\/it\/gustare\/la-colazione\/","title":{"rendered":"La colazione"},"content":{"rendered":"<h3><strong><span data-sheets-value=\"{&quot;1&quot;:2,&quot;2&quot;:&quot;Colazione in salone,&quot;}\" data-sheets-userformat=\"{&quot;2&quot;:4496,&quot;7&quot;:{&quot;1&quot;:[{&quot;1&quot;:2,&quot;2&quot;:0,&quot;5&quot;:{&quot;1&quot;:2,&quot;2&quot;:16777215}},{&quot;1&quot;:0,&quot;2&quot;:0,&quot;3&quot;:3},{&quot;1&quot;:1,&quot;2&quot;:0,&quot;4&quot;:1}]},&quot;10&quot;:2,&quot;11&quot;:4,&quot;15&quot;:&quot;Arial&quot;}\">Colazione in salone<\/span>,<br \/>\n<\/strong><\/h3>\n<p class=\"the_subtitle\"><em>al mattino, per iniziare bene la giornata, una gustosa colazione in un&#8217;atmosfera tranquilla.<\/em><\/p>\n<p><span data-sheets-value=\"{&quot;1&quot;:2,&quot;2&quot;:&quot;Presentata in forma di buffet, la colazione dell'Hotel  Louis II \u00e8 composta da un'ampia scelta di prodotti freschi e di qualit\u00e0, dolci e salati, per un momento conviviale: una selezione di bevande calde (in collaborazione con la maison di t\u00e8 Dammann Fr\u00e8res), spremute di frutta, vari tipi di pane e di prodotti da forno, uova e bacon, una selezione di formaggi e salumi, latticini, macedonia di frutta fresca, delizie da spalmare\u2026 L\u2019offerta si estende anche alla clientela in cerca di prodotti salutistici e senza glutine a base di cereali, frutta secca, pancake e molto altro ancora in funzione delle stagioni. &quot;}\" data-sheets-userformat=\"{&quot;2&quot;:4496,&quot;7&quot;:{&quot;1&quot;:[{&quot;1&quot;:2,&quot;2&quot;:0,&quot;5&quot;:{&quot;1&quot;:2,&quot;2&quot;:16777215}},{&quot;1&quot;:0,&quot;2&quot;:0,&quot;3&quot;:3},{&quot;1&quot;:1,&quot;2&quot;:0,&quot;4&quot;:1}]},&quot;10&quot;:2,&quot;11&quot;:4,&quot;15&quot;:&quot;Arial&quot;}\">Presentata in forma di buffet, la colazione dell&#8217;Hotel Louis II \u00e8 composta da un&#8217;ampia scelta di prodotti freschi e di qualit\u00e0, dolci e salati, per un momento conviviale: una selezione di bevande calde (in collaborazione con la maison di t\u00e8 Dammann Fr\u00e8res), spremute di frutta, vari tipi di pane e di prodotti da forno, uova e bacon, una selezione di formaggi e salumi, latticini, macedonia di frutta fresca, delizie da spalmare\u2026 L\u2019offerta si estende anche alla clientela in cerca di prodotti salutistici e senza glutine a base di cereali, frutta secca, pancake e molto altro ancora in funzione delle stagioni. <\/span><\/p>\n<p><span data-sheets-value=\"{&quot;1&quot;:2,&quot;2&quot;:&quot;Orari: La colazione a buffet \u00e8 disponibile ogni mattina dalle 7:00 alle 10:30&quot;}\" data-sheets-userformat=\"{&quot;2&quot;:4496,&quot;7&quot;:{&quot;1&quot;:[{&quot;1&quot;:2,&quot;2&quot;:0,&quot;5&quot;:{&quot;1&quot;:2,&quot;2&quot;:16777215}},{&quot;1&quot;:0,&quot;2&quot;:0,&quot;3&quot;:3},{&quot;1&quot;:1,&quot;2&quot;:0,&quot;4&quot;:1}]},&quot;10&quot;:2,&quot;11&quot;:4,&quot;15&quot;:&quot;Arial&quot;}\">Orari: La colazione a buffet \u00e8 disponibile ogni mattina dalle 7:00 alle 10:30<\/span><\/p>\n<p><span data-sheets-value=\"{&quot;1&quot;:2,&quot;2&quot;:&quot;Tariffa: 14\u20ac a persona (servita nell'Antichambre)&quot;}\" data-sheets-userformat=\"{&quot;2&quot;:4496,&quot;7&quot;:{&quot;1&quot;:[{&quot;1&quot;:2,&quot;2&quot;:0,&quot;5&quot;:{&quot;1&quot;:2,&quot;2&quot;:16777215}},{&quot;1&quot;:0,&quot;2&quot;:0,&quot;3&quot;:3},{&quot;1&quot;:1,&quot;2&quot;:0,&quot;4&quot;:1}]},&quot;10&quot;:2,&quot;11&quot;:4,&quot;15&quot;:&quot;Arial&quot;}\">Tariffa:<strong> 14\u20ac a persona<\/strong> (servita nell&#8217;Antichambre)<\/span><\/p>\n<p>&nbsp;<\/p>\n<h3><strong><span data-sheets-value=\"{&quot;1&quot;:2,&quot;2&quot;:&quot;Colazione continentale&quot;}\" data-sheets-userformat=\"{&quot;2&quot;:4496,&quot;7&quot;:{&quot;1&quot;:[{&quot;1&quot;:2,&quot;2&quot;:0,&quot;5&quot;:{&quot;1&quot;:2,&quot;2&quot;:16777215}},{&quot;1&quot;:0,&quot;2&quot;:0,&quot;3&quot;:3},{&quot;1&quot;:1,&quot;2&quot;:0,&quot;4&quot;:1}]},&quot;10&quot;:2,&quot;11&quot;:4,&quot;15&quot;:&quot;Arial&quot;}\">Colazione continentale<\/span><br \/>\n<\/strong><\/h3>\n<p><span data-sheets-value=\"{&quot;1&quot;:2,&quot;2&quot;:&quot;Per un risveglio all'insegna della dolcezza, la colazione continentale dell'Hotel Louis II \u00e8 servita in camera ed \u00e8 composta da una selezione di pane e prodotti da forno, una bevanda calda, un succo a base di frutta fresca, una scelta di yogurt e una macedonia.\\nOrari: la colazione in camera \u00e8 disponibile ogni mattina dalle 7:00 alle 10:30&quot;}\" data-sheets-userformat=\"{&quot;2&quot;:4496,&quot;7&quot;:{&quot;1&quot;:[{&quot;1&quot;:2,&quot;2&quot;:0,&quot;5&quot;:{&quot;1&quot;:2,&quot;2&quot;:16777215}},{&quot;1&quot;:0,&quot;2&quot;:0,&quot;3&quot;:3},{&quot;1&quot;:1,&quot;2&quot;:0,&quot;4&quot;:1}]},&quot;10&quot;:2,&quot;11&quot;:4,&quot;15&quot;:&quot;Arial&quot;}\">Per un risveglio all&#8217;insegna della dolcezza, la colazione continentale dell&#8217;Hotel Louis II \u00e8 servita in camera ed \u00e8 composta da una selezione di pane e prodotti da forno, una bevanda calda, un succo a base di frutta fresca, una scelta di yogurt e una macedonia.<br \/>\n<\/span><\/p>\n<p><span data-sheets-value=\"{&quot;1&quot;:2,&quot;2&quot;:&quot;Per un risveglio all'insegna della dolcezza, la colazione continentale dell'Hotel Louis II \u00e8 servita in camera ed \u00e8 composta da una selezione di pane e prodotti da forno, una bevanda calda, un succo a base di frutta fresca, una scelta di yogurt e una macedonia.\\nOrari: la colazione in camera \u00e8 disponibile ogni mattina dalle 7:00 alle 10:30&quot;}\" data-sheets-userformat=\"{&quot;2&quot;:4496,&quot;7&quot;:{&quot;1&quot;:[{&quot;1&quot;:2,&quot;2&quot;:0,&quot;5&quot;:{&quot;1&quot;:2,&quot;2&quot;:16777215}},{&quot;1&quot;:0,&quot;2&quot;:0,&quot;3&quot;:3},{&quot;1&quot;:1,&quot;2&quot;:0,&quot;4&quot;:1}]},&quot;10&quot;:2,&quot;11&quot;:4,&quot;15&quot;:&quot;Arial&quot;}\">Orari: la colazione in camera \u00e8 disponibile ogni mattina dalle 7:00 alle 10:30<\/span><\/p>\n<p><span data-sheets-value=\"{&quot;1&quot;:2,&quot;2&quot;:&quot;Tariffa: 12\u20ac a persona (servita in camera)&quot;}\" data-sheets-userformat=\"{&quot;2&quot;:4496,&quot;7&quot;:{&quot;1&quot;:[{&quot;1&quot;:2,&quot;2&quot;:0,&quot;5&quot;:{&quot;1&quot;:2,&quot;2&quot;:16777215}},{&quot;1&quot;:0,&quot;2&quot;:0,&quot;3&quot;:3},{&quot;1&quot;:1,&quot;2&quot;:0,&quot;4&quot;:1}]},&quot;10&quot;:2,&quot;11&quot;:4,&quot;15&quot;:&quot;Arial&quot;}\">Tariffa:<strong> 12\u20ac a persona<\/strong> (servita in camera)<\/span><\/p>\n<p>&nbsp;<\/p>\n<h3><strong><span data-sheets-value=\"{&quot;1&quot;:2,&quot;2&quot;:&quot;Colazione espressa&quot;}\" data-sheets-userformat=\"{&quot;2&quot;:4496,&quot;7&quot;:{&quot;1&quot;:[{&quot;1&quot;:2,&quot;2&quot;:0,&quot;5&quot;:{&quot;1&quot;:2,&quot;2&quot;:16777215}},{&quot;1&quot;:0,&quot;2&quot;:0,&quot;3&quot;:3},{&quot;1&quot;:1,&quot;2&quot;:0,&quot;4&quot;:1}]},&quot;10&quot;:2,&quot;11&quot;:4,&quot;15&quot;:&quot;Arial&quot;}\">Colazione espressa<\/span><\/strong><\/h3>\n<p><span data-sheets-value=\"{&quot;1&quot;:2,&quot;2&quot;:&quot;La colazione espressa \u00e8 composta da una bevanda calda e da una selezione di prodotti da forno&quot;}\" data-sheets-userformat=\"{&quot;2&quot;:4496,&quot;7&quot;:{&quot;1&quot;:[{&quot;1&quot;:2,&quot;2&quot;:0,&quot;5&quot;:{&quot;1&quot;:2,&quot;2&quot;:16777215}},{&quot;1&quot;:0,&quot;2&quot;:0,&quot;3&quot;:3},{&quot;1&quot;:1,&quot;2&quot;:0,&quot;4&quot;:1}]},&quot;10&quot;:2,&quot;11&quot;:4,&quot;15&quot;:&quot;Arial&quot;}\">La colazione espressa \u00e8 composta da una bevanda calda e da una selezione di prodotti da forno<\/span><\/p>\n<p><span data-sheets-value=\"{&quot;1&quot;:2,&quot;2&quot;:&quot;Orari: la colazione Espressa \u00e8 disponibile ogni mattina dalle 7:00 alle 10:30&quot;}\" data-sheets-userformat=\"{&quot;2&quot;:4496,&quot;7&quot;:{&quot;1&quot;:[{&quot;1&quot;:2,&quot;2&quot;:0,&quot;5&quot;:{&quot;1&quot;:2,&quot;2&quot;:16777215}},{&quot;1&quot;:0,&quot;2&quot;:0,&quot;3&quot;:3},{&quot;1&quot;:1,&quot;2&quot;:0,&quot;4&quot;:1}]},&quot;10&quot;:2,&quot;11&quot;:4,&quot;15&quot;:&quot;Arial&quot;}\">Orari: la colazione Espressa \u00e8 disponibile ogni mattina dalle 7:00 alle 10:30<\/span><\/p>\n<p><span data-sheets-value=\"{&quot;1&quot;:2,&quot;2&quot;:&quot;Tariffa: 5\u20ac a persona, disponibile in versione da asporto&quot;}\" data-sheets-userformat=\"{&quot;2&quot;:4496,&quot;7&quot;:{&quot;1&quot;:[{&quot;1&quot;:2,&quot;2&quot;:0,&quot;5&quot;:{&quot;1&quot;:2,&quot;2&quot;:16777215}},{&quot;1&quot;:0,&quot;2&quot;:0,&quot;3&quot;:3},{&quot;1&quot;:1,&quot;2&quot;:0,&quot;4&quot;:1}]},&quot;10&quot;:2,&quot;11&quot;:4,&quot;15&quot;:&quot;Arial&quot;}\">Tariffa: <strong>5\u20ac a persona<\/strong>, disponibile in versione da asporto<\/span><\/p>\n","protected":false},"excerpt":{"rendered":"<p>Colazione in salone, al mattino, per iniziare bene la giornata, una gustosa colazione in un&#8217;atmosfera tranquilla. Presentata in forma di buffet, la colazione dell&#8217;Hotel Louis II \u00e8 composta da un&#8217;ampia scelta di prodotti freschi e di qualit\u00e0, dolci e salati, per un momento conviviale: una selezione di bevande calde (in collaborazione con la maison di [&hellip;]<\/p>\n","protected":false},"author":5,"featured_media":0,"parent":651,"menu_order":0,"comment_status":"closed","ping_status":"closed","template":"template-single-restaurant.php","meta":{"footnotes":""},"class_list":["post-655","page","type-page","status-publish","hentry"],"yoast_head":"<!-- This site is optimized with the Yoast SEO plugin v26.9 - https:\/\/yoast.com\/product\/yoast-seo-wordpress\/ -->\n<title>Louis II | H\u00f4tel 44 stelle Parigi - Luxembourg | La nostra offerta per la colazione<\/title>\n<meta name=\"description\" content=\"Iniziate la giornata nel migliore dei modi con la nostra colazione a buffet o servita in camera. Qualcosa per deliziare il tuo palato al risveglio.\" \/>\n<meta name=\"robots\" content=\"index, follow, max-snippet:-1, max-image-preview:large, max-video-preview:-1\" \/>\n<link rel=\"canonical\" href=\"https:\/\/www.hotel-louis2.com\/it\/gustare\/la-colazione\/\" \/>\n<meta property=\"og:locale\" content=\"it_IT\" \/>\n<meta property=\"og:type\" content=\"article\" \/>\n<meta property=\"og:title\" content=\"Louis II | H\u00f4tel 44 stelle Parigi - Luxembourg | La nostra offerta per la colazione\" \/>\n<meta property=\"og:description\" content=\"Iniziate la giornata nel migliore dei modi con la nostra colazione a buffet o servita in camera. Qualcosa per deliziare il tuo palato al risveglio.\" \/>\n<meta property=\"og:url\" content=\"https:\/\/www.hotel-louis2.com\/it\/gustare\/la-colazione\/\" \/>\n<meta property=\"og:site_name\" content=\"H\u00f4tel Louis 2\" \/>\n<meta property=\"article:modified_time\" content=\"2023-06-14T08:50:46+00:00\" \/>\n<meta name=\"twitter:card\" content=\"summary_large_image\" \/>\n<meta name=\"twitter:label1\" content=\"Tempo di lettura stimato\" \/>\n\t<meta name=\"twitter:data1\" content=\"2 minuti\" \/>\n<script type=\"application\/ld+json\" class=\"yoast-schema-graph\">{\"@context\":\"https:\/\/schema.org\",\"@graph\":[{\"@type\":\"WebPage\",\"@id\":\"https:\/\/www.hotel-louis2.com\/it\/gustare\/la-colazione\/\",\"url\":\"https:\/\/www.hotel-louis2.com\/it\/gustare\/la-colazione\/\",\"name\":\"Louis II | H\u00f4tel 44 stelle Parigi - Luxembourg | La nostra offerta per la colazione\",\"isPartOf\":{\"@id\":\"https:\/\/www.hotel-louis2.com\/it\/#website\"},\"datePublished\":\"2022-04-05T14:39:24+00:00\",\"dateModified\":\"2023-06-14T08:50:46+00:00\",\"description\":\"Iniziate la giornata nel migliore dei modi con la nostra colazione a buffet o servita in camera. Qualcosa per deliziare il tuo palato al risveglio.\",\"breadcrumb\":{\"@id\":\"https:\/\/www.hotel-louis2.com\/it\/gustare\/la-colazione\/#breadcrumb\"},\"inLanguage\":\"it-IT\",\"potentialAction\":[{\"@type\":\"ReadAction\",\"target\":[\"https:\/\/www.hotel-louis2.com\/it\/gustare\/la-colazione\/\"]}]},{\"@type\":\"BreadcrumbList\",\"@id\":\"https:\/\/www.hotel-louis2.com\/it\/gustare\/la-colazione\/#breadcrumb\",\"itemListElement\":[{\"@type\":\"ListItem\",\"position\":1,\"name\":\"Home\",\"item\":\"https:\/\/www.hotel-louis2.com\/it\/hotel-louis-ii-paris\/\"},{\"@type\":\"ListItem\",\"position\":2,\"name\":\"Gustare\",\"item\":\"https:\/\/www.hotel-louis2.com\/it\/gustare\/\"},{\"@type\":\"ListItem\",\"position\":3,\"name\":\"La colazione\"}]},{\"@type\":\"WebSite\",\"@id\":\"https:\/\/www.hotel-louis2.com\/it\/#website\",\"url\":\"https:\/\/www.hotel-louis2.com\/it\/\",\"name\":\"H\u00f4tel Louis 2\",\"description\":\"Just another ms.decms.eu site\",\"potentialAction\":[{\"@type\":\"SearchAction\",\"target\":{\"@type\":\"EntryPoint\",\"urlTemplate\":\"https:\/\/www.hotel-louis2.com\/it\/?s={search_term_string}\"},\"query-input\":{\"@type\":\"PropertyValueSpecification\",\"valueRequired\":true,\"valueName\":\"search_term_string\"}}],\"inLanguage\":\"it-IT\"}]}<\/script>\n<!-- \/ Yoast SEO plugin. -->","yoast_head_json":{"title":"Louis II | H\u00f4tel 44 stelle Parigi - Luxembourg | La nostra offerta per la colazione","description":"Iniziate la giornata nel migliore dei modi con la nostra colazione a buffet o servita in camera. Qualcosa per deliziare il tuo palato al risveglio.","robots":{"index":"index","follow":"follow","max-snippet":"max-snippet:-1","max-image-preview":"max-image-preview:large","max-video-preview":"max-video-preview:-1"},"canonical":"https:\/\/www.hotel-louis2.com\/it\/gustare\/la-colazione\/","og_locale":"it_IT","og_type":"article","og_title":"Louis II | H\u00f4tel 44 stelle Parigi - Luxembourg | La nostra offerta per la colazione","og_description":"Iniziate la giornata nel migliore dei modi con la nostra colazione a buffet o servita in camera. Qualcosa per deliziare il tuo palato al risveglio.","og_url":"https:\/\/www.hotel-louis2.com\/it\/gustare\/la-colazione\/","og_site_name":"H\u00f4tel Louis 2","article_modified_time":"2023-06-14T08:50:46+00:00","twitter_card":"summary_large_image","twitter_misc":{"Tempo di lettura stimato":"2 minuti"},"schema":{"@context":"https:\/\/schema.org","@graph":[{"@type":"WebPage","@id":"https:\/\/www.hotel-louis2.com\/it\/gustare\/la-colazione\/","url":"https:\/\/www.hotel-louis2.com\/it\/gustare\/la-colazione\/","name":"Louis II | H\u00f4tel 44 stelle Parigi - Luxembourg | La nostra offerta per la colazione","isPartOf":{"@id":"https:\/\/www.hotel-louis2.com\/it\/#website"},"datePublished":"2022-04-05T14:39:24+00:00","dateModified":"2023-06-14T08:50:46+00:00","description":"Iniziate la giornata nel migliore dei modi con la nostra colazione a buffet o servita in camera. Qualcosa per deliziare il tuo palato al risveglio.","breadcrumb":{"@id":"https:\/\/www.hotel-louis2.com\/it\/gustare\/la-colazione\/#breadcrumb"},"inLanguage":"it-IT","potentialAction":[{"@type":"ReadAction","target":["https:\/\/www.hotel-louis2.com\/it\/gustare\/la-colazione\/"]}]},{"@type":"BreadcrumbList","@id":"https:\/\/www.hotel-louis2.com\/it\/gustare\/la-colazione\/#breadcrumb","itemListElement":[{"@type":"ListItem","position":1,"name":"Home","item":"https:\/\/www.hotel-louis2.com\/it\/hotel-louis-ii-paris\/"},{"@type":"ListItem","position":2,"name":"Gustare","item":"https:\/\/www.hotel-louis2.com\/it\/gustare\/"},{"@type":"ListItem","position":3,"name":"La colazione"}]},{"@type":"WebSite","@id":"https:\/\/www.hotel-louis2.com\/it\/#website","url":"https:\/\/www.hotel-louis2.com\/it\/","name":"H\u00f4tel Louis 2","description":"Just another ms.decms.eu site","potentialAction":[{"@type":"SearchAction","target":{"@type":"EntryPoint","urlTemplate":"https:\/\/www.hotel-louis2.com\/it\/?s={search_term_string}"},"query-input":{"@type":"PropertyValueSpecification","valueRequired":true,"valueName":"search_term_string"}}],"inLanguage":"it-IT"}]}},"acf":[],"_links":{"self":[{"href":"https:\/\/www.hotel-louis2.com\/it\/wp-json\/wp\/v2\/pages\/655","targetHints":{"allow":["GET"]}}],"collection":[{"href":"https:\/\/www.hotel-louis2.com\/it\/wp-json\/wp\/v2\/pages"}],"about":[{"href":"https:\/\/www.hotel-louis2.com\/it\/wp-json\/wp\/v2\/types\/page"}],"author":[{"embeddable":true,"href":"https:\/\/www.hotel-louis2.com\/it\/wp-json\/wp\/v2\/users\/5"}],"replies":[{"embeddable":true,"href":"https:\/\/www.hotel-louis2.com\/it\/wp-json\/wp\/v2\/comments?post=655"}],"version-history":[{"count":0,"href":"https:\/\/www.hotel-louis2.com\/it\/wp-json\/wp\/v2\/pages\/655\/revisions"}],"up":[{"embeddable":true,"href":"https:\/\/www.hotel-louis2.com\/it\/wp-json\/wp\/v2\/pages\/651"}],"wp:attachment":[{"href":"https:\/\/www.hotel-louis2.com\/it\/wp-json\/wp\/v2\/media?parent=655"}],"curies":[{"name":"wp","href":"https:\/\/api.w.org\/{rel}","templated":true}]}}