{"id":664,"date":"2021-09-22T15:47:34","date_gmt":"2021-09-22T15:47:34","guid":{"rendered":"https:\/\/www.hotel-louis2.com\/faq-louis-ii\/"},"modified":"2023-06-14T09:37:02","modified_gmt":"2023-06-14T09:37:02","slug":"domande-frequenti","status":"publish","type":"page","link":"https:\/\/www.hotel-louis2.com\/it\/domande-frequenti\/","title":{"rendered":"Domande frequenti"},"content":{"rendered":"<p><span data-sheets-value=\"{&quot;1&quot;:2,&quot;2&quot;:&quot;Il team dell'hotel Louis II ti presenta la sezione Domande frequenti \u00c8 composta dalle domande pi\u00f9 frequenti dei nostri clienti. Qualora non dovessi trovare riposta alla tua domanda, contatta i nostri team che saranno lieti di poterti rispondere.&quot;}\" data-sheets-userformat=\"{&quot;2&quot;:4496,&quot;7&quot;:{&quot;1&quot;:[{&quot;1&quot;:2,&quot;2&quot;:0,&quot;5&quot;:{&quot;1&quot;:2,&quot;2&quot;:16777215}},{&quot;1&quot;:0,&quot;2&quot;:0,&quot;3&quot;:3},{&quot;1&quot;:1,&quot;2&quot;:0,&quot;4&quot;:1}]},&quot;10&quot;:2,&quot;11&quot;:4,&quot;15&quot;:&quot;Arial&quot;}\">Il team dell&#8217;hotel Louis II ti presenta la sezione Domande frequenti \u00c8 composta dalle domande pi\u00f9 frequenti dei nostri clienti. Qualora non dovessi trovare riposta alla tua domanda, <a href=\"https:\/\/www.hotel-louis2.com\/it\/contatti\/\">contatta i nostri team<\/a> che saranno lieti di poterti rispondere.<\/span><\/p>\n","protected":false},"excerpt":{"rendered":"<p>Il team dell&#8217;hotel Louis II ti presenta la sezione Domande frequenti \u00c8 composta dalle domande pi\u00f9 frequenti dei nostri clienti. Qualora non dovessi trovare riposta alla tua domanda, contatta i nostri team che saranno lieti di poterti rispondere.<\/p>\n","protected":false},"author":5,"featured_media":0,"parent":0,"menu_order":0,"comment_status":"closed","ping_status":"closed","template":"template-faq.php","meta":{"footnotes":""},"class_list":["post-664","page","type-page","status-publish","hentry"],"yoast_head":"<!-- This site is optimized with the Yoast SEO plugin v26.9 - https:\/\/yoast.com\/product\/yoast-seo-wordpress\/ -->\n<title>H\u00f4tel Louis II | Paris 6e - Od\u00e9on | Domande frequenti<\/title>\n<meta name=\"description\" content=\"Una domanda, un chiarimento necessario? \u00c8 cos\u00ec. Non riesci a trovare quello che stai cercando? Non esitate a contattare il nostro team\" \/>\n<meta name=\"robots\" content=\"index, follow, max-snippet:-1, max-image-preview:large, max-video-preview:-1\" \/>\n<link rel=\"canonical\" href=\"https:\/\/www.hotel-louis2.com\/it\/domande-frequenti\/\" \/>\n<meta property=\"og:locale\" content=\"it_IT\" \/>\n<meta property=\"og:type\" content=\"article\" \/>\n<meta property=\"og:title\" content=\"H\u00f4tel Louis II | Paris 6e - Od\u00e9on | Domande frequenti\" \/>\n<meta property=\"og:description\" content=\"Una domanda, un chiarimento necessario? \u00c8 cos\u00ec. Non riesci a trovare quello che stai cercando? Non esitate a contattare il nostro team\" \/>\n<meta property=\"og:url\" content=\"https:\/\/www.hotel-louis2.com\/it\/domande-frequenti\/\" \/>\n<meta property=\"og:site_name\" content=\"H\u00f4tel Louis 2\" \/>\n<meta property=\"article:modified_time\" content=\"2023-06-14T09:37:02+00:00\" \/>\n<meta name=\"twitter:card\" content=\"summary_large_image\" \/>\n<meta name=\"twitter:label1\" content=\"Tempo di lettura stimato\" \/>\n\t<meta name=\"twitter:data1\" content=\"1 minuto\" \/>\n<script type=\"application\/ld+json\" class=\"yoast-schema-graph\">{\"@context\":\"https:\/\/schema.org\",\"@graph\":[{\"@type\":\"WebPage\",\"@id\":\"https:\/\/www.hotel-louis2.com\/it\/domande-frequenti\/\",\"url\":\"https:\/\/www.hotel-louis2.com\/it\/domande-frequenti\/\",\"name\":\"H\u00f4tel Louis II | Paris 6e - Od\u00e9on | Domande frequenti\",\"isPartOf\":{\"@id\":\"https:\/\/www.hotel-louis2.com\/it\/#website\"},\"datePublished\":\"2021-09-22T15:47:34+00:00\",\"dateModified\":\"2023-06-14T09:37:02+00:00\",\"description\":\"Una domanda, un chiarimento necessario? \u00c8 cos\u00ec. Non riesci a trovare quello che stai cercando? Non esitate a contattare il nostro team\",\"breadcrumb\":{\"@id\":\"https:\/\/www.hotel-louis2.com\/it\/domande-frequenti\/#breadcrumb\"},\"inLanguage\":\"it-IT\",\"potentialAction\":[{\"@type\":\"ReadAction\",\"target\":[\"https:\/\/www.hotel-louis2.com\/it\/domande-frequenti\/\"]}]},{\"@type\":\"BreadcrumbList\",\"@id\":\"https:\/\/www.hotel-louis2.com\/it\/domande-frequenti\/#breadcrumb\",\"itemListElement\":[{\"@type\":\"ListItem\",\"position\":1,\"name\":\"Home\",\"item\":\"https:\/\/www.hotel-louis2.com\/it\/hotel-louis-ii-paris\/\"},{\"@type\":\"ListItem\",\"position\":2,\"name\":\"Domande frequenti\"}]},{\"@type\":\"WebSite\",\"@id\":\"https:\/\/www.hotel-louis2.com\/it\/#website\",\"url\":\"https:\/\/www.hotel-louis2.com\/it\/\",\"name\":\"H\u00f4tel Louis 2\",\"description\":\"Just another ms.decms.eu site\",\"potentialAction\":[{\"@type\":\"SearchAction\",\"target\":{\"@type\":\"EntryPoint\",\"urlTemplate\":\"https:\/\/www.hotel-louis2.com\/it\/?s={search_term_string}\"},\"query-input\":{\"@type\":\"PropertyValueSpecification\",\"valueRequired\":true,\"valueName\":\"search_term_string\"}}],\"inLanguage\":\"it-IT\"}]}<\/script>\n<!-- \/ Yoast SEO plugin. -->","yoast_head_json":{"title":"H\u00f4tel Louis II | Paris 6e - Od\u00e9on | Domande frequenti","description":"Una domanda, un chiarimento necessario? \u00c8 cos\u00ec. Non riesci a trovare quello che stai cercando? Non esitate a contattare il nostro team","robots":{"index":"index","follow":"follow","max-snippet":"max-snippet:-1","max-image-preview":"max-image-preview:large","max-video-preview":"max-video-preview:-1"},"canonical":"https:\/\/www.hotel-louis2.com\/it\/domande-frequenti\/","og_locale":"it_IT","og_type":"article","og_title":"H\u00f4tel Louis II | Paris 6e - Od\u00e9on | Domande frequenti","og_description":"Una domanda, un chiarimento necessario? \u00c8 cos\u00ec. Non riesci a trovare quello che stai cercando? Non esitate a contattare il nostro team","og_url":"https:\/\/www.hotel-louis2.com\/it\/domande-frequenti\/","og_site_name":"H\u00f4tel Louis 2","article_modified_time":"2023-06-14T09:37:02+00:00","twitter_card":"summary_large_image","twitter_misc":{"Tempo di lettura stimato":"1 minuto"},"schema":{"@context":"https:\/\/schema.org","@graph":[{"@type":"WebPage","@id":"https:\/\/www.hotel-louis2.com\/it\/domande-frequenti\/","url":"https:\/\/www.hotel-louis2.com\/it\/domande-frequenti\/","name":"H\u00f4tel Louis II | Paris 6e - Od\u00e9on | Domande frequenti","isPartOf":{"@id":"https:\/\/www.hotel-louis2.com\/it\/#website"},"datePublished":"2021-09-22T15:47:34+00:00","dateModified":"2023-06-14T09:37:02+00:00","description":"Una domanda, un chiarimento necessario? \u00c8 cos\u00ec. Non riesci a trovare quello che stai cercando? Non esitate a contattare il nostro team","breadcrumb":{"@id":"https:\/\/www.hotel-louis2.com\/it\/domande-frequenti\/#breadcrumb"},"inLanguage":"it-IT","potentialAction":[{"@type":"ReadAction","target":["https:\/\/www.hotel-louis2.com\/it\/domande-frequenti\/"]}]},{"@type":"BreadcrumbList","@id":"https:\/\/www.hotel-louis2.com\/it\/domande-frequenti\/#breadcrumb","itemListElement":[{"@type":"ListItem","position":1,"name":"Home","item":"https:\/\/www.hotel-louis2.com\/it\/hotel-louis-ii-paris\/"},{"@type":"ListItem","position":2,"name":"Domande frequenti"}]},{"@type":"WebSite","@id":"https:\/\/www.hotel-louis2.com\/it\/#website","url":"https:\/\/www.hotel-louis2.com\/it\/","name":"H\u00f4tel Louis 2","description":"Just another ms.decms.eu site","potentialAction":[{"@type":"SearchAction","target":{"@type":"EntryPoint","urlTemplate":"https:\/\/www.hotel-louis2.com\/it\/?s={search_term_string}"},"query-input":{"@type":"PropertyValueSpecification","valueRequired":true,"valueName":"search_term_string"}}],"inLanguage":"it-IT"}]}},"acf":[],"_links":{"self":[{"href":"https:\/\/www.hotel-louis2.com\/it\/wp-json\/wp\/v2\/pages\/664","targetHints":{"allow":["GET"]}}],"collection":[{"href":"https:\/\/www.hotel-louis2.com\/it\/wp-json\/wp\/v2\/pages"}],"about":[{"href":"https:\/\/www.hotel-louis2.com\/it\/wp-json\/wp\/v2\/types\/page"}],"author":[{"embeddable":true,"href":"https:\/\/www.hotel-louis2.com\/it\/wp-json\/wp\/v2\/users\/5"}],"replies":[{"embeddable":true,"href":"https:\/\/www.hotel-louis2.com\/it\/wp-json\/wp\/v2\/comments?post=664"}],"version-history":[{"count":0,"href":"https:\/\/www.hotel-louis2.com\/it\/wp-json\/wp\/v2\/pages\/664\/revisions"}],"wp:attachment":[{"href":"https:\/\/www.hotel-louis2.com\/it\/wp-json\/wp\/v2\/media?parent=664"}],"curies":[{"name":"wp","href":"https:\/\/api.w.org\/{rel}","templated":true}]}}