{"id":671,"date":"2021-09-22T15:49:22","date_gmt":"2021-09-22T15:49:22","guid":{"rendered":"https:\/\/www.hotel-louis2.com\/la-signature-louis-ii\/"},"modified":"2023-06-14T09:55:59","modified_gmt":"2023-06-14T09:55:59","slug":"la-firma","status":"publish","type":"page","link":"https:\/\/www.hotel-louis2.com\/it\/la-firma\/","title":{"rendered":"La firma"},"content":{"rendered":"<p>In un quartiere dall&#8217;<strong>eleganza semplice<\/strong>, tipicamente francese, nel cuore del 6\u00b0 arrondissement di Parigi, in rue Saint-Sulpice, l\u2019<strong>Hotel Louis II<\/strong> \u00e8 ubicato in luogo molto apprezzato dagli artisti e poetizzato dai personaggi pi\u00f9 illustri: Sartre, Picasso, Simone de Beauvoir\u2026 Saint-Germain-des-Pr\u00e9s \u00e8 pieno di piccoli gioielli gastronomici, e gli amanti dello shopping troveranno sicuramente ci\u00f2 che cercano. Il nostro team si impegner\u00e0 al massimo per rendere questo<strong> soggiorno indimenticabile<\/strong> rivelandoti i suoi migliori indirizzi fuori dai sentieri battuti! Molto pi\u00f9 di un hotel, il Louis II \u00e8 <strong>un piccolo scrigno<\/strong> che ti offrir\u00e0 piacevoli pause per bere un bicchiere o assaporare deliziose tapas in un&#8217;atmosfera intima e ovattata.<\/p>\n<p><span data-sheets-value=\"{&quot;1&quot;:2,&quot;2&quot;:&quot;In rue Saint-Sulpice n. 2, varca la porta d'ingresso e immergiti in quasi un secolo di storia. Una storia di cui oggi, fai parte anche tu, che si rinnova al ritmo del suo secolo e si arricchisce fino ai minimi dettagli.&quot;}\" data-sheets-userformat=\"{&quot;2&quot;:4496,&quot;7&quot;:{&quot;1&quot;:[{&quot;1&quot;:2,&quot;2&quot;:0,&quot;5&quot;:{&quot;1&quot;:2,&quot;2&quot;:16777215}},{&quot;1&quot;:0,&quot;2&quot;:0,&quot;3&quot;:3},{&quot;1&quot;:1,&quot;2&quot;:0,&quot;4&quot;:1}]},&quot;10&quot;:2,&quot;11&quot;:4,&quot;15&quot;:&quot;Arial&quot;}\">In rue Saint-Sulpice n. 2, varca la porta d&#8217;ingresso e immergiti in quasi un secolo di storia. Una <strong>storia<\/strong> di cui oggi, fai parte anche tu, che si rinnova al ritmo del suo secolo e si arricchisce fino ai <strong>minimi dettagli<\/strong>.<\/span><\/p>\n","protected":false},"excerpt":{"rendered":"<p>In un quartiere dall&#8217;eleganza semplice, tipicamente francese, nel cuore del 6\u00b0 arrondissement di Parigi, in rue Saint-Sulpice, l\u2019Hotel Louis II \u00e8 ubicato in luogo molto apprezzato dagli artisti e poetizzato dai personaggi pi\u00f9 illustri: Sartre, Picasso, Simone de Beauvoir\u2026 Saint-Germain-des-Pr\u00e9s \u00e8 pieno di piccoli gioielli gastronomici, e gli amanti dello shopping troveranno sicuramente ci\u00f2 che [&hellip;]<\/p>\n","protected":false},"author":5,"featured_media":0,"parent":0,"menu_order":0,"comment_status":"closed","ping_status":"closed","template":"","meta":{"footnotes":""},"class_list":["post-671","page","type-page","status-publish","hentry"],"yoast_head":"<!-- This site is optimized with the Yoast SEO plugin v26.9 - https:\/\/yoast.com\/product\/yoast-seo-wordpress\/ -->\n<title>H\u00f4tel Louis II | H\u00f4tel 4 Etoiles Paris - Luxembourg | La nostra storia d&#039;autore<\/title>\n<meta name=\"description\" content=\"il Louis II: un vero gioiellino nel cuore del quartiere intellettuale di Saint Germains des Pr\u00e9s. Prendi ispirazione dai pi\u00f9 grandi pensatori...\" \/>\n<meta name=\"robots\" content=\"index, follow, max-snippet:-1, max-image-preview:large, max-video-preview:-1\" \/>\n<link rel=\"canonical\" href=\"https:\/\/www.hotel-louis2.com\/it\/la-firma\/\" \/>\n<meta property=\"og:locale\" content=\"it_IT\" \/>\n<meta property=\"og:type\" content=\"article\" \/>\n<meta property=\"og:title\" content=\"H\u00f4tel Louis II | H\u00f4tel 4 Etoiles Paris - Luxembourg | La nostra storia d&#039;autore\" \/>\n<meta property=\"og:description\" content=\"il Louis II: un vero gioiellino nel cuore del quartiere intellettuale di Saint Germains des Pr\u00e9s. Prendi ispirazione dai pi\u00f9 grandi pensatori...\" \/>\n<meta property=\"og:url\" content=\"https:\/\/www.hotel-louis2.com\/it\/la-firma\/\" \/>\n<meta property=\"og:site_name\" content=\"H\u00f4tel Louis 2\" \/>\n<meta property=\"article:modified_time\" content=\"2023-06-14T09:55:59+00:00\" \/>\n<meta name=\"twitter:card\" content=\"summary_large_image\" \/>\n<meta name=\"twitter:label1\" content=\"Tempo di lettura stimato\" \/>\n\t<meta name=\"twitter:data1\" content=\"1 minuto\" \/>\n<script type=\"application\/ld+json\" class=\"yoast-schema-graph\">{\"@context\":\"https:\/\/schema.org\",\"@graph\":[{\"@type\":\"WebPage\",\"@id\":\"https:\/\/www.hotel-louis2.com\/it\/la-firma\/\",\"url\":\"https:\/\/www.hotel-louis2.com\/it\/la-firma\/\",\"name\":\"H\u00f4tel Louis II | H\u00f4tel 4 Etoiles Paris - Luxembourg | La nostra storia d'autore\",\"isPartOf\":{\"@id\":\"https:\/\/www.hotel-louis2.com\/it\/#website\"},\"datePublished\":\"2021-09-22T15:49:22+00:00\",\"dateModified\":\"2023-06-14T09:55:59+00:00\",\"description\":\"il Louis II: un vero gioiellino nel cuore del quartiere intellettuale di Saint Germains des Pr\u00e9s. Prendi ispirazione dai pi\u00f9 grandi pensatori...\",\"breadcrumb\":{\"@id\":\"https:\/\/www.hotel-louis2.com\/it\/la-firma\/#breadcrumb\"},\"inLanguage\":\"it-IT\",\"potentialAction\":[{\"@type\":\"ReadAction\",\"target\":[\"https:\/\/www.hotel-louis2.com\/it\/la-firma\/\"]}]},{\"@type\":\"BreadcrumbList\",\"@id\":\"https:\/\/www.hotel-louis2.com\/it\/la-firma\/#breadcrumb\",\"itemListElement\":[{\"@type\":\"ListItem\",\"position\":1,\"name\":\"Home\",\"item\":\"https:\/\/www.hotel-louis2.com\/it\/hotel-louis-ii-paris\/\"},{\"@type\":\"ListItem\",\"position\":2,\"name\":\"La firma\"}]},{\"@type\":\"WebSite\",\"@id\":\"https:\/\/www.hotel-louis2.com\/it\/#website\",\"url\":\"https:\/\/www.hotel-louis2.com\/it\/\",\"name\":\"H\u00f4tel Louis 2\",\"description\":\"Just another ms.decms.eu site\",\"potentialAction\":[{\"@type\":\"SearchAction\",\"target\":{\"@type\":\"EntryPoint\",\"urlTemplate\":\"https:\/\/www.hotel-louis2.com\/it\/?s={search_term_string}\"},\"query-input\":{\"@type\":\"PropertyValueSpecification\",\"valueRequired\":true,\"valueName\":\"search_term_string\"}}],\"inLanguage\":\"it-IT\"}]}<\/script>\n<!-- \/ Yoast SEO plugin. -->","yoast_head_json":{"title":"H\u00f4tel Louis II | H\u00f4tel 4 Etoiles Paris - Luxembourg | La nostra storia d'autore","description":"il Louis II: un vero gioiellino nel cuore del quartiere intellettuale di Saint Germains des Pr\u00e9s. Prendi ispirazione dai pi\u00f9 grandi pensatori...","robots":{"index":"index","follow":"follow","max-snippet":"max-snippet:-1","max-image-preview":"max-image-preview:large","max-video-preview":"max-video-preview:-1"},"canonical":"https:\/\/www.hotel-louis2.com\/it\/la-firma\/","og_locale":"it_IT","og_type":"article","og_title":"H\u00f4tel Louis II | H\u00f4tel 4 Etoiles Paris - Luxembourg | La nostra storia d'autore","og_description":"il Louis II: un vero gioiellino nel cuore del quartiere intellettuale di Saint Germains des Pr\u00e9s. Prendi ispirazione dai pi\u00f9 grandi pensatori...","og_url":"https:\/\/www.hotel-louis2.com\/it\/la-firma\/","og_site_name":"H\u00f4tel Louis 2","article_modified_time":"2023-06-14T09:55:59+00:00","twitter_card":"summary_large_image","twitter_misc":{"Tempo di lettura stimato":"1 minuto"},"schema":{"@context":"https:\/\/schema.org","@graph":[{"@type":"WebPage","@id":"https:\/\/www.hotel-louis2.com\/it\/la-firma\/","url":"https:\/\/www.hotel-louis2.com\/it\/la-firma\/","name":"H\u00f4tel Louis II | H\u00f4tel 4 Etoiles Paris - Luxembourg | La nostra storia d'autore","isPartOf":{"@id":"https:\/\/www.hotel-louis2.com\/it\/#website"},"datePublished":"2021-09-22T15:49:22+00:00","dateModified":"2023-06-14T09:55:59+00:00","description":"il Louis II: un vero gioiellino nel cuore del quartiere intellettuale di Saint Germains des Pr\u00e9s. Prendi ispirazione dai pi\u00f9 grandi pensatori...","breadcrumb":{"@id":"https:\/\/www.hotel-louis2.com\/it\/la-firma\/#breadcrumb"},"inLanguage":"it-IT","potentialAction":[{"@type":"ReadAction","target":["https:\/\/www.hotel-louis2.com\/it\/la-firma\/"]}]},{"@type":"BreadcrumbList","@id":"https:\/\/www.hotel-louis2.com\/it\/la-firma\/#breadcrumb","itemListElement":[{"@type":"ListItem","position":1,"name":"Home","item":"https:\/\/www.hotel-louis2.com\/it\/hotel-louis-ii-paris\/"},{"@type":"ListItem","position":2,"name":"La firma"}]},{"@type":"WebSite","@id":"https:\/\/www.hotel-louis2.com\/it\/#website","url":"https:\/\/www.hotel-louis2.com\/it\/","name":"H\u00f4tel Louis 2","description":"Just another ms.decms.eu site","potentialAction":[{"@type":"SearchAction","target":{"@type":"EntryPoint","urlTemplate":"https:\/\/www.hotel-louis2.com\/it\/?s={search_term_string}"},"query-input":{"@type":"PropertyValueSpecification","valueRequired":true,"valueName":"search_term_string"}}],"inLanguage":"it-IT"}]}},"acf":[],"_links":{"self":[{"href":"https:\/\/www.hotel-louis2.com\/it\/wp-json\/wp\/v2\/pages\/671","targetHints":{"allow":["GET"]}}],"collection":[{"href":"https:\/\/www.hotel-louis2.com\/it\/wp-json\/wp\/v2\/pages"}],"about":[{"href":"https:\/\/www.hotel-louis2.com\/it\/wp-json\/wp\/v2\/types\/page"}],"author":[{"embeddable":true,"href":"https:\/\/www.hotel-louis2.com\/it\/wp-json\/wp\/v2\/users\/5"}],"replies":[{"embeddable":true,"href":"https:\/\/www.hotel-louis2.com\/it\/wp-json\/wp\/v2\/comments?post=671"}],"version-history":[{"count":0,"href":"https:\/\/www.hotel-louis2.com\/it\/wp-json\/wp\/v2\/pages\/671\/revisions"}],"wp:attachment":[{"href":"https:\/\/www.hotel-louis2.com\/it\/wp-json\/wp\/v2\/media?parent=671"}],"curies":[{"name":"wp","href":"https:\/\/api.w.org\/{rel}","templated":true}]}}