{"id":675,"date":"2022-04-05T13:58:07","date_gmt":"2022-04-05T13:58:07","guid":{"rendered":"https:\/\/www.hotel-louis2.com\/collaboratori\/macon-lesquoy-au-louis-ii\/"},"modified":"2023-06-14T10:23:33","modified_gmt":"2023-06-14T10:23:33","slug":"macon-lesquoy","status":"publish","type":"page","link":"https:\/\/www.hotel-louis2.com\/it\/collaboratori\/macon-lesquoy\/","title":{"rendered":"Macon &amp; Lesquoy"},"content":{"rendered":"<p><span data-sheets-value=\"{&quot;1&quot;:2,&quot;2&quot;:&quot;Impreziosisci i tuoi abiti pi\u00f9 belli aggiungendo queste spille fatte a mano con le immagini della capitale francese. Un bel souvenir da regalare al ritorno da Parigi.&quot;}\" data-sheets-userformat=\"{&quot;2&quot;:4496,&quot;7&quot;:{&quot;1&quot;:[{&quot;1&quot;:2,&quot;2&quot;:0,&quot;5&quot;:{&quot;1&quot;:2,&quot;2&quot;:16777215}},{&quot;1&quot;:0,&quot;2&quot;:0,&quot;3&quot;:3},{&quot;1&quot;:1,&quot;2&quot;:0,&quot;4&quot;:1}]},&quot;10&quot;:2,&quot;11&quot;:4,&quot;15&quot;:&quot;Arial&quot;}\">Impreziosisci i tuoi abiti pi\u00f9 belli aggiungendo queste spille fatte a mano con le immagini della capitale francese. Un bel souvenir da regalare al ritorno da Parigi.<\/span><\/p>\n<p><span data-sheets-value=\"{&quot;1&quot;:2,&quot;2&quot;:&quot;Creato nel 2009 da Marie Macon e Anne-Laure Lesquoy, questo marchio francese offre splendidi accessori ricamati. Amanti della moda e del dettaglio, queste due creatrici ammirano il know-how alla francese e cercano i migliori artigiani per realizzare questi pezzi unici.&quot;}\" data-sheets-userformat=\"{&quot;2&quot;:4496,&quot;7&quot;:{&quot;1&quot;:[{&quot;1&quot;:2,&quot;2&quot;:0,&quot;5&quot;:{&quot;1&quot;:2,&quot;2&quot;:16777215}},{&quot;1&quot;:0,&quot;2&quot;:0,&quot;3&quot;:3},{&quot;1&quot;:1,&quot;2&quot;:0,&quot;4&quot;:1}]},&quot;10&quot;:2,&quot;11&quot;:4,&quot;15&quot;:&quot;Arial&quot;}\">Creato nel 2009 da Marie Macon e Anne-Laure Lesquoy, questo marchio francese offre splendidi accessori ricamati. Amanti della moda e del dettaglio, queste due creatrici ammirano il know-how alla francese e cercano i migliori artigiani per realizzare questi pezzi unici.<\/span><\/p>\n","protected":false},"excerpt":{"rendered":"<p>Impreziosisci i tuoi abiti pi\u00f9 belli aggiungendo queste spille fatte a mano con le immagini della capitale francese. Un bel souvenir da regalare al ritorno da Parigi. Creato nel 2009 da Marie Macon e Anne-Laure Lesquoy, questo marchio francese offre splendidi accessori ricamati. Amanti della moda e del dettaglio, queste due creatrici ammirano il know-how [&hellip;]<\/p>\n","protected":false},"author":5,"featured_media":0,"parent":673,"menu_order":20,"comment_status":"closed","ping_status":"closed","template":"template-default-3.php","meta":{"footnotes":""},"class_list":["post-675","page","type-page","status-publish","hentry"],"yoast_head":"<!-- This site is optimized with the Yoast SEO plugin v26.9 - https:\/\/yoast.com\/product\/yoast-seo-wordpress\/ -->\n<title>H\u00f4tel Louis II | Paris 6e - Od\u00e9on | I nostri accessori Macon &amp; Lesquoy<\/title>\n<meta name=\"description\" content=\"Accessorizza i tuoi vestiti pi\u00f9 belli con queste spille fatte a mano a immagine della citt\u00e0 della luce che \u00e8 Parigi. Un bel regalo ricordo\" \/>\n<meta name=\"robots\" content=\"index, follow, max-snippet:-1, max-image-preview:large, max-video-preview:-1\" \/>\n<link rel=\"canonical\" href=\"https:\/\/www.hotel-louis2.com\/it\/collaboratori\/macon-lesquoy\/\" \/>\n<meta property=\"og:locale\" content=\"it_IT\" \/>\n<meta property=\"og:type\" content=\"article\" \/>\n<meta property=\"og:title\" content=\"H\u00f4tel Louis II | Paris 6e - Od\u00e9on | I nostri accessori Macon &amp; Lesquoy\" \/>\n<meta property=\"og:description\" content=\"Accessorizza i tuoi vestiti pi\u00f9 belli con queste spille fatte a mano a immagine della citt\u00e0 della luce che \u00e8 Parigi. Un bel regalo ricordo\" \/>\n<meta property=\"og:url\" content=\"https:\/\/www.hotel-louis2.com\/it\/collaboratori\/macon-lesquoy\/\" \/>\n<meta property=\"og:site_name\" content=\"H\u00f4tel Louis 2\" \/>\n<meta property=\"article:modified_time\" content=\"2023-06-14T10:23:33+00:00\" \/>\n<meta name=\"twitter:card\" content=\"summary_large_image\" \/>\n<meta name=\"twitter:label1\" content=\"Tempo di lettura stimato\" \/>\n\t<meta name=\"twitter:data1\" content=\"1 minuto\" \/>\n<script type=\"application\/ld+json\" class=\"yoast-schema-graph\">{\"@context\":\"https:\/\/schema.org\",\"@graph\":[{\"@type\":\"WebPage\",\"@id\":\"https:\/\/www.hotel-louis2.com\/it\/collaboratori\/macon-lesquoy\/\",\"url\":\"https:\/\/www.hotel-louis2.com\/it\/collaboratori\/macon-lesquoy\/\",\"name\":\"H\u00f4tel Louis II | Paris 6e - Od\u00e9on | I nostri accessori Macon & Lesquoy\",\"isPartOf\":{\"@id\":\"https:\/\/www.hotel-louis2.com\/it\/#website\"},\"datePublished\":\"2022-04-05T13:58:07+00:00\",\"dateModified\":\"2023-06-14T10:23:33+00:00\",\"description\":\"Accessorizza i tuoi vestiti pi\u00f9 belli con queste spille fatte a mano a immagine della citt\u00e0 della luce che \u00e8 Parigi. Un bel regalo ricordo\",\"breadcrumb\":{\"@id\":\"https:\/\/www.hotel-louis2.com\/it\/collaboratori\/macon-lesquoy\/#breadcrumb\"},\"inLanguage\":\"it-IT\",\"potentialAction\":[{\"@type\":\"ReadAction\",\"target\":[\"https:\/\/www.hotel-louis2.com\/it\/collaboratori\/macon-lesquoy\/\"]}]},{\"@type\":\"BreadcrumbList\",\"@id\":\"https:\/\/www.hotel-louis2.com\/it\/collaboratori\/macon-lesquoy\/#breadcrumb\",\"itemListElement\":[{\"@type\":\"ListItem\",\"position\":1,\"name\":\"Home\",\"item\":\"https:\/\/www.hotel-louis2.com\/it\/hotel-louis-ii-paris\/\"},{\"@type\":\"ListItem\",\"position\":2,\"name\":\"Collaboratori\",\"item\":\"https:\/\/www.hotel-louis2.com\/it\/collaboratori\/\"},{\"@type\":\"ListItem\",\"position\":3,\"name\":\"Macon &amp; Lesquoy\"}]},{\"@type\":\"WebSite\",\"@id\":\"https:\/\/www.hotel-louis2.com\/it\/#website\",\"url\":\"https:\/\/www.hotel-louis2.com\/it\/\",\"name\":\"H\u00f4tel Louis 2\",\"description\":\"Just another ms.decms.eu site\",\"potentialAction\":[{\"@type\":\"SearchAction\",\"target\":{\"@type\":\"EntryPoint\",\"urlTemplate\":\"https:\/\/www.hotel-louis2.com\/it\/?s={search_term_string}\"},\"query-input\":{\"@type\":\"PropertyValueSpecification\",\"valueRequired\":true,\"valueName\":\"search_term_string\"}}],\"inLanguage\":\"it-IT\"}]}<\/script>\n<!-- \/ Yoast SEO plugin. -->","yoast_head_json":{"title":"H\u00f4tel Louis II | Paris 6e - Od\u00e9on | I nostri accessori Macon & Lesquoy","description":"Accessorizza i tuoi vestiti pi\u00f9 belli con queste spille fatte a mano a immagine della citt\u00e0 della luce che \u00e8 Parigi. Un bel regalo ricordo","robots":{"index":"index","follow":"follow","max-snippet":"max-snippet:-1","max-image-preview":"max-image-preview:large","max-video-preview":"max-video-preview:-1"},"canonical":"https:\/\/www.hotel-louis2.com\/it\/collaboratori\/macon-lesquoy\/","og_locale":"it_IT","og_type":"article","og_title":"H\u00f4tel Louis II | Paris 6e - Od\u00e9on | I nostri accessori Macon & Lesquoy","og_description":"Accessorizza i tuoi vestiti pi\u00f9 belli con queste spille fatte a mano a immagine della citt\u00e0 della luce che \u00e8 Parigi. Un bel regalo ricordo","og_url":"https:\/\/www.hotel-louis2.com\/it\/collaboratori\/macon-lesquoy\/","og_site_name":"H\u00f4tel Louis 2","article_modified_time":"2023-06-14T10:23:33+00:00","twitter_card":"summary_large_image","twitter_misc":{"Tempo di lettura stimato":"1 minuto"},"schema":{"@context":"https:\/\/schema.org","@graph":[{"@type":"WebPage","@id":"https:\/\/www.hotel-louis2.com\/it\/collaboratori\/macon-lesquoy\/","url":"https:\/\/www.hotel-louis2.com\/it\/collaboratori\/macon-lesquoy\/","name":"H\u00f4tel Louis II | Paris 6e - Od\u00e9on | I nostri accessori Macon & Lesquoy","isPartOf":{"@id":"https:\/\/www.hotel-louis2.com\/it\/#website"},"datePublished":"2022-04-05T13:58:07+00:00","dateModified":"2023-06-14T10:23:33+00:00","description":"Accessorizza i tuoi vestiti pi\u00f9 belli con queste spille fatte a mano a immagine della citt\u00e0 della luce che \u00e8 Parigi. Un bel regalo ricordo","breadcrumb":{"@id":"https:\/\/www.hotel-louis2.com\/it\/collaboratori\/macon-lesquoy\/#breadcrumb"},"inLanguage":"it-IT","potentialAction":[{"@type":"ReadAction","target":["https:\/\/www.hotel-louis2.com\/it\/collaboratori\/macon-lesquoy\/"]}]},{"@type":"BreadcrumbList","@id":"https:\/\/www.hotel-louis2.com\/it\/collaboratori\/macon-lesquoy\/#breadcrumb","itemListElement":[{"@type":"ListItem","position":1,"name":"Home","item":"https:\/\/www.hotel-louis2.com\/it\/hotel-louis-ii-paris\/"},{"@type":"ListItem","position":2,"name":"Collaboratori","item":"https:\/\/www.hotel-louis2.com\/it\/collaboratori\/"},{"@type":"ListItem","position":3,"name":"Macon &amp; Lesquoy"}]},{"@type":"WebSite","@id":"https:\/\/www.hotel-louis2.com\/it\/#website","url":"https:\/\/www.hotel-louis2.com\/it\/","name":"H\u00f4tel Louis 2","description":"Just another ms.decms.eu site","potentialAction":[{"@type":"SearchAction","target":{"@type":"EntryPoint","urlTemplate":"https:\/\/www.hotel-louis2.com\/it\/?s={search_term_string}"},"query-input":{"@type":"PropertyValueSpecification","valueRequired":true,"valueName":"search_term_string"}}],"inLanguage":"it-IT"}]}},"acf":[],"_links":{"self":[{"href":"https:\/\/www.hotel-louis2.com\/it\/wp-json\/wp\/v2\/pages\/675","targetHints":{"allow":["GET"]}}],"collection":[{"href":"https:\/\/www.hotel-louis2.com\/it\/wp-json\/wp\/v2\/pages"}],"about":[{"href":"https:\/\/www.hotel-louis2.com\/it\/wp-json\/wp\/v2\/types\/page"}],"author":[{"embeddable":true,"href":"https:\/\/www.hotel-louis2.com\/it\/wp-json\/wp\/v2\/users\/5"}],"replies":[{"embeddable":true,"href":"https:\/\/www.hotel-louis2.com\/it\/wp-json\/wp\/v2\/comments?post=675"}],"version-history":[{"count":0,"href":"https:\/\/www.hotel-louis2.com\/it\/wp-json\/wp\/v2\/pages\/675\/revisions"}],"up":[{"embeddable":true,"href":"https:\/\/www.hotel-louis2.com\/it\/wp-json\/wp\/v2\/pages\/673"}],"wp:attachment":[{"href":"https:\/\/www.hotel-louis2.com\/it\/wp-json\/wp\/v2\/media?parent=675"}],"curies":[{"name":"wp","href":"https:\/\/api.w.org\/{rel}","templated":true}]}}