{"id":676,"date":"2022-04-05T14:08:12","date_gmt":"2022-04-05T14:08:12","guid":{"rendered":"https:\/\/www.hotel-louis2.com\/collaboratori\/signature-apm-parfum-au-louis-ii\/"},"modified":"2023-06-14T10:33:00","modified_gmt":"2023-06-14T10:33:00","slug":"la-fragranza-louis-ii","status":"publish","type":"page","link":"https:\/\/www.hotel-louis2.com\/it\/collaboratori\/la-fragranza-louis-ii\/","title":{"rendered":"La fragranza Louis II"},"content":{"rendered":"<p><span data-sheets-value=\"{&quot;1&quot;:2,&quot;2&quot;:&quot;Non c'\u00e8 nulla di pi\u00f9 bello che abbandonarsi alla memoria olfattiva per riscoprire il luogo che ami... Ecco perch\u00e9 APM Parfum ha creato una fragranza che rispecchia il Louis II. Latifa Asri, creatrice di questo bel marchio, racconta il mondo attraverso le fragranze che crea. Percorre il mondo intero in cerca di essenze straordinarie per trovare la perla rara capace di rispecchiare l'essenza stessa delle strutture con cui lavora.&quot;}\" data-sheets-userformat=\"{&quot;2&quot;:4496,&quot;7&quot;:{&quot;1&quot;:[{&quot;1&quot;:2,&quot;2&quot;:0,&quot;5&quot;:{&quot;1&quot;:2,&quot;2&quot;:16777215}},{&quot;1&quot;:0,&quot;2&quot;:0,&quot;3&quot;:3},{&quot;1&quot;:1,&quot;2&quot;:0,&quot;4&quot;:1}]},&quot;10&quot;:2,&quot;11&quot;:4,&quot;15&quot;:&quot;Arial&quot;}\">Non c&#8217;\u00e8 nulla di pi\u00f9 bello che abbandonarsi alla memoria olfattiva per riscoprire il luogo che ami&#8230; Ecco perch\u00e9 APM Parfum ha creato una fragranza che rispecchia il Louis II. Latifa Asri, creatrice di questo bel marchio, racconta il mondo attraverso le fragranze che crea. Percorre il mondo intero in cerca di essenze straordinarie per trovare la perla rara capace di rispecchiare l&#8217;essenza stessa delle strutture con cui lavora.<\/span><\/p>\n","protected":false},"excerpt":{"rendered":"<p>Non c&#8217;\u00e8 nulla di pi\u00f9 bello che abbandonarsi alla memoria olfattiva per riscoprire il luogo che ami&#8230; Ecco perch\u00e9 APM Parfum ha creato una fragranza che rispecchia il Louis II. Latifa Asri, creatrice di questo bel marchio, racconta il mondo attraverso le fragranze che crea. Percorre il mondo intero in cerca di essenze straordinarie per [&hellip;]<\/p>\n","protected":false},"author":5,"featured_media":0,"parent":673,"menu_order":30,"comment_status":"closed","ping_status":"closed","template":"template-default-3.php","meta":{"footnotes":""},"class_list":["post-676","page","type-page","status-publish","hentry"],"yoast_head":"<!-- This site is optimized with the Yoast SEO plugin v26.9 - https:\/\/yoast.com\/product\/yoast-seo-wordpress\/ -->\n<title>H\u00f4tel Louis II | Paris 6e - Od\u00e9on | La nostra firma olfattiva<\/title>\n<meta name=\"description\" content=\"Cosa c&#039;\u00e8 di pi\u00f9 divertente che usare la tua memoria olfattiva per trovare un posto che ami? Questa \u00e8 la scommessa fatta con APM Parfum..\" \/>\n<meta name=\"robots\" content=\"index, follow, max-snippet:-1, max-image-preview:large, max-video-preview:-1\" \/>\n<link rel=\"canonical\" href=\"https:\/\/www.hotel-louis2.com\/it\/collaboratori\/la-fragranza-louis-ii\/\" \/>\n<meta property=\"og:locale\" content=\"it_IT\" \/>\n<meta property=\"og:type\" content=\"article\" \/>\n<meta property=\"og:title\" content=\"H\u00f4tel Louis II | Paris 6e - Od\u00e9on | La nostra firma olfattiva\" \/>\n<meta property=\"og:description\" content=\"Cosa c&#039;\u00e8 di pi\u00f9 divertente che usare la tua memoria olfattiva per trovare un posto che ami? Questa \u00e8 la scommessa fatta con APM Parfum..\" \/>\n<meta property=\"og:url\" content=\"https:\/\/www.hotel-louis2.com\/it\/collaboratori\/la-fragranza-louis-ii\/\" \/>\n<meta property=\"og:site_name\" content=\"H\u00f4tel Louis 2\" \/>\n<meta property=\"article:modified_time\" content=\"2023-06-14T10:33:00+00:00\" \/>\n<meta name=\"twitter:card\" content=\"summary_large_image\" \/>\n<meta name=\"twitter:label1\" content=\"Tempo di lettura stimato\" \/>\n\t<meta name=\"twitter:data1\" content=\"1 minuto\" \/>\n<script type=\"application\/ld+json\" class=\"yoast-schema-graph\">{\"@context\":\"https:\/\/schema.org\",\"@graph\":[{\"@type\":\"WebPage\",\"@id\":\"https:\/\/www.hotel-louis2.com\/it\/collaboratori\/la-fragranza-louis-ii\/\",\"url\":\"https:\/\/www.hotel-louis2.com\/it\/collaboratori\/la-fragranza-louis-ii\/\",\"name\":\"H\u00f4tel Louis II | Paris 6e - Od\u00e9on | La nostra firma olfattiva\",\"isPartOf\":{\"@id\":\"https:\/\/www.hotel-louis2.com\/it\/#website\"},\"datePublished\":\"2022-04-05T14:08:12+00:00\",\"dateModified\":\"2023-06-14T10:33:00+00:00\",\"description\":\"Cosa c'\u00e8 di pi\u00f9 divertente che usare la tua memoria olfattiva per trovare un posto che ami? Questa \u00e8 la scommessa fatta con APM Parfum..\",\"breadcrumb\":{\"@id\":\"https:\/\/www.hotel-louis2.com\/it\/collaboratori\/la-fragranza-louis-ii\/#breadcrumb\"},\"inLanguage\":\"it-IT\",\"potentialAction\":[{\"@type\":\"ReadAction\",\"target\":[\"https:\/\/www.hotel-louis2.com\/it\/collaboratori\/la-fragranza-louis-ii\/\"]}]},{\"@type\":\"BreadcrumbList\",\"@id\":\"https:\/\/www.hotel-louis2.com\/it\/collaboratori\/la-fragranza-louis-ii\/#breadcrumb\",\"itemListElement\":[{\"@type\":\"ListItem\",\"position\":1,\"name\":\"Home\",\"item\":\"https:\/\/www.hotel-louis2.com\/it\/hotel-louis-ii-paris\/\"},{\"@type\":\"ListItem\",\"position\":2,\"name\":\"Collaboratori\",\"item\":\"https:\/\/www.hotel-louis2.com\/it\/collaboratori\/\"},{\"@type\":\"ListItem\",\"position\":3,\"name\":\"La fragranza Louis II\"}]},{\"@type\":\"WebSite\",\"@id\":\"https:\/\/www.hotel-louis2.com\/it\/#website\",\"url\":\"https:\/\/www.hotel-louis2.com\/it\/\",\"name\":\"H\u00f4tel Louis 2\",\"description\":\"Just another ms.decms.eu site\",\"potentialAction\":[{\"@type\":\"SearchAction\",\"target\":{\"@type\":\"EntryPoint\",\"urlTemplate\":\"https:\/\/www.hotel-louis2.com\/it\/?s={search_term_string}\"},\"query-input\":{\"@type\":\"PropertyValueSpecification\",\"valueRequired\":true,\"valueName\":\"search_term_string\"}}],\"inLanguage\":\"it-IT\"}]}<\/script>\n<!-- \/ Yoast SEO plugin. -->","yoast_head_json":{"title":"H\u00f4tel Louis II | Paris 6e - Od\u00e9on | La nostra firma olfattiva","description":"Cosa c'\u00e8 di pi\u00f9 divertente che usare la tua memoria olfattiva per trovare un posto che ami? Questa \u00e8 la scommessa fatta con APM Parfum..","robots":{"index":"index","follow":"follow","max-snippet":"max-snippet:-1","max-image-preview":"max-image-preview:large","max-video-preview":"max-video-preview:-1"},"canonical":"https:\/\/www.hotel-louis2.com\/it\/collaboratori\/la-fragranza-louis-ii\/","og_locale":"it_IT","og_type":"article","og_title":"H\u00f4tel Louis II | Paris 6e - Od\u00e9on | La nostra firma olfattiva","og_description":"Cosa c'\u00e8 di pi\u00f9 divertente che usare la tua memoria olfattiva per trovare un posto che ami? Questa \u00e8 la scommessa fatta con APM Parfum..","og_url":"https:\/\/www.hotel-louis2.com\/it\/collaboratori\/la-fragranza-louis-ii\/","og_site_name":"H\u00f4tel Louis 2","article_modified_time":"2023-06-14T10:33:00+00:00","twitter_card":"summary_large_image","twitter_misc":{"Tempo di lettura stimato":"1 minuto"},"schema":{"@context":"https:\/\/schema.org","@graph":[{"@type":"WebPage","@id":"https:\/\/www.hotel-louis2.com\/it\/collaboratori\/la-fragranza-louis-ii\/","url":"https:\/\/www.hotel-louis2.com\/it\/collaboratori\/la-fragranza-louis-ii\/","name":"H\u00f4tel Louis II | Paris 6e - Od\u00e9on | La nostra firma olfattiva","isPartOf":{"@id":"https:\/\/www.hotel-louis2.com\/it\/#website"},"datePublished":"2022-04-05T14:08:12+00:00","dateModified":"2023-06-14T10:33:00+00:00","description":"Cosa c'\u00e8 di pi\u00f9 divertente che usare la tua memoria olfattiva per trovare un posto che ami? Questa \u00e8 la scommessa fatta con APM Parfum..","breadcrumb":{"@id":"https:\/\/www.hotel-louis2.com\/it\/collaboratori\/la-fragranza-louis-ii\/#breadcrumb"},"inLanguage":"it-IT","potentialAction":[{"@type":"ReadAction","target":["https:\/\/www.hotel-louis2.com\/it\/collaboratori\/la-fragranza-louis-ii\/"]}]},{"@type":"BreadcrumbList","@id":"https:\/\/www.hotel-louis2.com\/it\/collaboratori\/la-fragranza-louis-ii\/#breadcrumb","itemListElement":[{"@type":"ListItem","position":1,"name":"Home","item":"https:\/\/www.hotel-louis2.com\/it\/hotel-louis-ii-paris\/"},{"@type":"ListItem","position":2,"name":"Collaboratori","item":"https:\/\/www.hotel-louis2.com\/it\/collaboratori\/"},{"@type":"ListItem","position":3,"name":"La fragranza Louis II"}]},{"@type":"WebSite","@id":"https:\/\/www.hotel-louis2.com\/it\/#website","url":"https:\/\/www.hotel-louis2.com\/it\/","name":"H\u00f4tel Louis 2","description":"Just another ms.decms.eu site","potentialAction":[{"@type":"SearchAction","target":{"@type":"EntryPoint","urlTemplate":"https:\/\/www.hotel-louis2.com\/it\/?s={search_term_string}"},"query-input":{"@type":"PropertyValueSpecification","valueRequired":true,"valueName":"search_term_string"}}],"inLanguage":"it-IT"}]}},"acf":[],"_links":{"self":[{"href":"https:\/\/www.hotel-louis2.com\/it\/wp-json\/wp\/v2\/pages\/676","targetHints":{"allow":["GET"]}}],"collection":[{"href":"https:\/\/www.hotel-louis2.com\/it\/wp-json\/wp\/v2\/pages"}],"about":[{"href":"https:\/\/www.hotel-louis2.com\/it\/wp-json\/wp\/v2\/types\/page"}],"author":[{"embeddable":true,"href":"https:\/\/www.hotel-louis2.com\/it\/wp-json\/wp\/v2\/users\/5"}],"replies":[{"embeddable":true,"href":"https:\/\/www.hotel-louis2.com\/it\/wp-json\/wp\/v2\/comments?post=676"}],"version-history":[{"count":0,"href":"https:\/\/www.hotel-louis2.com\/it\/wp-json\/wp\/v2\/pages\/676\/revisions"}],"up":[{"embeddable":true,"href":"https:\/\/www.hotel-louis2.com\/it\/wp-json\/wp\/v2\/pages\/673"}],"wp:attachment":[{"href":"https:\/\/www.hotel-louis2.com\/it\/wp-json\/wp\/v2\/media?parent=676"}],"curies":[{"name":"wp","href":"https:\/\/api.w.org\/{rel}","templated":true}]}}