{"id":679,"date":"2021-09-22T15:49:39","date_gmt":"2021-09-22T15:49:39","guid":{"rendered":"https:\/\/www.hotel-louis2.com\/le-quartier-du-louis-ii\/"},"modified":"2023-06-14T12:11:19","modified_gmt":"2023-06-14T12:11:19","slug":"visitare","status":"publish","type":"page","link":"https:\/\/www.hotel-louis2.com\/it\/visitare\/","title":{"rendered":"Visitare"},"content":{"rendered":"<p><span data-sheets-value=\"{&quot;1&quot;:2,&quot;2&quot;:&quot;Il Louis II \u00e8 un hotel di fascino a pochi passi dai Giardini del Lussemburgo, dall'incrocio dell'Od\u00e9on, dalla chiesa di Saint-Sulpice e dal Senato.&quot;}\" data-sheets-userformat=\"{&quot;2&quot;:4496,&quot;7&quot;:{&quot;1&quot;:[{&quot;1&quot;:2,&quot;2&quot;:0,&quot;5&quot;:{&quot;1&quot;:2,&quot;2&quot;:16777215}},{&quot;1&quot;:0,&quot;2&quot;:0,&quot;3&quot;:3},{&quot;1&quot;:1,&quot;2&quot;:0,&quot;4&quot;:1}]},&quot;10&quot;:2,&quot;11&quot;:4,&quot;15&quot;:&quot;Arial&quot;}\">Il Louis II \u00e8 un hotel di fascino a pochi passi dai Giardini del Lussemburgo, dall&#8217;incrocio dell&#8217;Od\u00e9on, dalla chiesa di Saint-Sulpice e dal Senato.<\/span><\/p>\n<p><span data-sheets-value=\"{&quot;1&quot;:2,&quot;2&quot;:&quot;Ubicato nel cuore del 6\u00b0 arrondissement di Parigi, questo quartiere trendy ed elegante, \u00e8 il fulcro della cultura francese. Luogo centrale della vita intellettuale parigina, con piccole librerie e venditori di libri usati o ancora caff\u00e8 e gallerie d'arte, alloggiando qui vivrai come gli illustri personaggi del secolo scorso.&quot;}\" data-sheets-userformat=\"{&quot;2&quot;:4496,&quot;7&quot;:{&quot;1&quot;:[{&quot;1&quot;:2,&quot;2&quot;:0,&quot;5&quot;:{&quot;1&quot;:2,&quot;2&quot;:16777215}},{&quot;1&quot;:0,&quot;2&quot;:0,&quot;3&quot;:3},{&quot;1&quot;:1,&quot;2&quot;:0,&quot;4&quot;:1}]},&quot;10&quot;:2,&quot;11&quot;:4,&quot;15&quot;:&quot;Arial&quot;}\">Ubicato nel cuore del 6\u00b0 arrondissement di Parigi, questo quartiere<strong> trendy ed elegante<\/strong>, \u00e8 il fulcro della cultura francese. Luogo centrale della vita intellettuale parigina, con piccole librerie e venditori di libri usati o ancora caff\u00e8 e gallerie d&#8217;arte, alloggiando qui vivrai come gli illustri personaggi del secolo scorso.<\/span><\/p>\n<p><span data-sheets-value=\"{&quot;1&quot;:2,&quot;2&quot;:&quot;Passeggiando in questo quartiere storico e dinamico, potrai:&quot;}\" data-sheets-userformat=\"{&quot;2&quot;:4496,&quot;7&quot;:{&quot;1&quot;:[{&quot;1&quot;:2,&quot;2&quot;:0,&quot;5&quot;:{&quot;1&quot;:2,&quot;2&quot;:16777215}},{&quot;1&quot;:0,&quot;2&quot;:0,&quot;3&quot;:3},{&quot;1&quot;:1,&quot;2&quot;:0,&quot;4&quot;:1}]},&quot;10&quot;:2,&quot;11&quot;:4,&quot;15&quot;:&quot;Arial&quot;}\"><strong>Passeggiando<\/strong> in questo quartiere storico e dinamico, potrai:<\/span><\/p>\n<p><span data-sheets-value=\"{&quot;1&quot;:2,&quot;2&quot;:&quot;\u2022 Fare shopping nelle strade e nei vicoli vicini, nelle Halles Saint-Germain, al Bon March\u00e9.&quot;}\" data-sheets-userformat=\"{&quot;2&quot;:4496,&quot;7&quot;:{&quot;1&quot;:[{&quot;1&quot;:2,&quot;2&quot;:0,&quot;5&quot;:{&quot;1&quot;:2,&quot;2&quot;:16777215}},{&quot;1&quot;:0,&quot;2&quot;:0,&quot;3&quot;:3},{&quot;1&quot;:1,&quot;2&quot;:0,&quot;4&quot;:1}]},&quot;10&quot;:2,&quot;11&quot;:4,&quot;15&quot;:&quot;Arial&quot;}\">\u2022 Fare shopping nelle strade e nei vicoli vicini, nelle Halles Saint-Germain, al Bon March\u00e9.<\/span><\/p>\n<p><span data-sheets-value=\"{&quot;1&quot;:2,&quot;2&quot;:&quot;\u2022 Sederti alla terrazza del Caf\u00e9 des Deux Magots o del Caf\u00e9 de Flore.&quot;}\" data-sheets-userformat=\"{&quot;2&quot;:4496,&quot;7&quot;:{&quot;1&quot;:[{&quot;1&quot;:2,&quot;2&quot;:0,&quot;5&quot;:{&quot;1&quot;:2,&quot;2&quot;:16777215}},{&quot;1&quot;:0,&quot;2&quot;:0,&quot;3&quot;:3},{&quot;1&quot;:1,&quot;2&quot;:0,&quot;4&quot;:1}]},&quot;10&quot;:2,&quot;11&quot;:4,&quot;15&quot;:&quot;Arial&quot;}\">\u2022 Sederti alla terrazza del Caf\u00e9 des Deux Magots o del Caf\u00e9 de Flore.<\/span><\/p>\n<p><span data-sheets-value=\"{&quot;1&quot;:2,&quot;2&quot;:&quot;\u2022 Visitare i musei, passeggiare nei giardini, ammirare i monumenti.&quot;}\" data-sheets-userformat=\"{&quot;2&quot;:4496,&quot;7&quot;:{&quot;1&quot;:[{&quot;1&quot;:2,&quot;2&quot;:0,&quot;5&quot;:{&quot;1&quot;:2,&quot;2&quot;:16777215}},{&quot;1&quot;:0,&quot;2&quot;:0,&quot;3&quot;:3},{&quot;1&quot;:1,&quot;2&quot;:0,&quot;4&quot;:1}]},&quot;10&quot;:2,&quot;11&quot;:4,&quot;15&quot;:&quot;Arial&quot;}\">\u2022 Visitare i musei, passeggiare nei giardini, ammirare i monumenti.<\/span><\/p>\n","protected":false},"excerpt":{"rendered":"<p>Il Louis II \u00e8 un hotel di fascino a pochi passi dai Giardini del Lussemburgo, dall&#8217;incrocio dell&#8217;Od\u00e9on, dalla chiesa di Saint-Sulpice e dal Senato. Ubicato nel cuore del 6\u00b0 arrondissement di Parigi, questo quartiere trendy ed elegante, \u00e8 il fulcro della cultura francese. Luogo centrale della vita intellettuale parigina, con piccole librerie e venditori di [&hellip;]<\/p>\n","protected":false},"author":5,"featured_media":0,"parent":0,"menu_order":0,"comment_status":"closed","ping_status":"closed","template":"template-surroundings.php","meta":{"footnotes":""},"class_list":["post-679","page","type-page","status-publish","hentry"],"yoast_head":"<!-- This site is optimized with the Yoast SEO plugin v26.9 - https:\/\/yoast.com\/product\/yoast-seo-wordpress\/ -->\n<title>Louis II | H\u00f4tel 4 Etoiles Paris - Luxembourg | Un viaggio tempo-culturale<\/title>\n<meta name=\"description\" content=\"Il quartiere di Saint Germain des Pr\u00e9s \u00e8 pieno di indirizzi segreti per gli amanti della cultura. Trova i nostri indirizzi preferiti qui...\" \/>\n<meta name=\"robots\" content=\"index, follow, max-snippet:-1, max-image-preview:large, max-video-preview:-1\" \/>\n<link rel=\"canonical\" href=\"https:\/\/www.hotel-louis2.com\/it\/visitare\/\" \/>\n<meta property=\"og:locale\" content=\"it_IT\" \/>\n<meta property=\"og:type\" content=\"article\" \/>\n<meta property=\"og:title\" content=\"Louis II | H\u00f4tel 4 Etoiles Paris - Luxembourg | Un viaggio tempo-culturale\" \/>\n<meta property=\"og:description\" content=\"Il quartiere di Saint Germain des Pr\u00e9s \u00e8 pieno di indirizzi segreti per gli amanti della cultura. Trova i nostri indirizzi preferiti qui...\" \/>\n<meta property=\"og:url\" content=\"https:\/\/www.hotel-louis2.com\/it\/visitare\/\" \/>\n<meta property=\"og:site_name\" content=\"H\u00f4tel Louis 2\" \/>\n<meta property=\"article:modified_time\" content=\"2023-06-14T12:11:19+00:00\" \/>\n<meta name=\"twitter:card\" content=\"summary_large_image\" \/>\n<meta name=\"twitter:label1\" content=\"Tempo di lettura stimato\" \/>\n\t<meta name=\"twitter:data1\" content=\"1 minuto\" \/>\n<script type=\"application\/ld+json\" class=\"yoast-schema-graph\">{\"@context\":\"https:\/\/schema.org\",\"@graph\":[{\"@type\":\"WebPage\",\"@id\":\"https:\/\/www.hotel-louis2.com\/it\/visitare\/\",\"url\":\"https:\/\/www.hotel-louis2.com\/it\/visitare\/\",\"name\":\"Louis II | H\u00f4tel 4 Etoiles Paris - Luxembourg | Un viaggio tempo-culturale\",\"isPartOf\":{\"@id\":\"https:\/\/www.hotel-louis2.com\/it\/#website\"},\"datePublished\":\"2021-09-22T15:49:39+00:00\",\"dateModified\":\"2023-06-14T12:11:19+00:00\",\"description\":\"Il quartiere di Saint Germain des Pr\u00e9s \u00e8 pieno di indirizzi segreti per gli amanti della cultura. Trova i nostri indirizzi preferiti qui...\",\"breadcrumb\":{\"@id\":\"https:\/\/www.hotel-louis2.com\/it\/visitare\/#breadcrumb\"},\"inLanguage\":\"it-IT\",\"potentialAction\":[{\"@type\":\"ReadAction\",\"target\":[\"https:\/\/www.hotel-louis2.com\/it\/visitare\/\"]}]},{\"@type\":\"BreadcrumbList\",\"@id\":\"https:\/\/www.hotel-louis2.com\/it\/visitare\/#breadcrumb\",\"itemListElement\":[{\"@type\":\"ListItem\",\"position\":1,\"name\":\"Home\",\"item\":\"https:\/\/www.hotel-louis2.com\/it\/hotel-louis-ii-paris\/\"},{\"@type\":\"ListItem\",\"position\":2,\"name\":\"Visitare\"}]},{\"@type\":\"WebSite\",\"@id\":\"https:\/\/www.hotel-louis2.com\/it\/#website\",\"url\":\"https:\/\/www.hotel-louis2.com\/it\/\",\"name\":\"H\u00f4tel Louis 2\",\"description\":\"Just another ms.decms.eu site\",\"potentialAction\":[{\"@type\":\"SearchAction\",\"target\":{\"@type\":\"EntryPoint\",\"urlTemplate\":\"https:\/\/www.hotel-louis2.com\/it\/?s={search_term_string}\"},\"query-input\":{\"@type\":\"PropertyValueSpecification\",\"valueRequired\":true,\"valueName\":\"search_term_string\"}}],\"inLanguage\":\"it-IT\"}]}<\/script>\n<!-- \/ Yoast SEO plugin. -->","yoast_head_json":{"title":"Louis II | H\u00f4tel 4 Etoiles Paris - Luxembourg | Un viaggio tempo-culturale","description":"Il quartiere di Saint Germain des Pr\u00e9s \u00e8 pieno di indirizzi segreti per gli amanti della cultura. Trova i nostri indirizzi preferiti qui...","robots":{"index":"index","follow":"follow","max-snippet":"max-snippet:-1","max-image-preview":"max-image-preview:large","max-video-preview":"max-video-preview:-1"},"canonical":"https:\/\/www.hotel-louis2.com\/it\/visitare\/","og_locale":"it_IT","og_type":"article","og_title":"Louis II | H\u00f4tel 4 Etoiles Paris - Luxembourg | Un viaggio tempo-culturale","og_description":"Il quartiere di Saint Germain des Pr\u00e9s \u00e8 pieno di indirizzi segreti per gli amanti della cultura. Trova i nostri indirizzi preferiti qui...","og_url":"https:\/\/www.hotel-louis2.com\/it\/visitare\/","og_site_name":"H\u00f4tel Louis 2","article_modified_time":"2023-06-14T12:11:19+00:00","twitter_card":"summary_large_image","twitter_misc":{"Tempo di lettura stimato":"1 minuto"},"schema":{"@context":"https:\/\/schema.org","@graph":[{"@type":"WebPage","@id":"https:\/\/www.hotel-louis2.com\/it\/visitare\/","url":"https:\/\/www.hotel-louis2.com\/it\/visitare\/","name":"Louis II | H\u00f4tel 4 Etoiles Paris - Luxembourg | Un viaggio tempo-culturale","isPartOf":{"@id":"https:\/\/www.hotel-louis2.com\/it\/#website"},"datePublished":"2021-09-22T15:49:39+00:00","dateModified":"2023-06-14T12:11:19+00:00","description":"Il quartiere di Saint Germain des Pr\u00e9s \u00e8 pieno di indirizzi segreti per gli amanti della cultura. Trova i nostri indirizzi preferiti qui...","breadcrumb":{"@id":"https:\/\/www.hotel-louis2.com\/it\/visitare\/#breadcrumb"},"inLanguage":"it-IT","potentialAction":[{"@type":"ReadAction","target":["https:\/\/www.hotel-louis2.com\/it\/visitare\/"]}]},{"@type":"BreadcrumbList","@id":"https:\/\/www.hotel-louis2.com\/it\/visitare\/#breadcrumb","itemListElement":[{"@type":"ListItem","position":1,"name":"Home","item":"https:\/\/www.hotel-louis2.com\/it\/hotel-louis-ii-paris\/"},{"@type":"ListItem","position":2,"name":"Visitare"}]},{"@type":"WebSite","@id":"https:\/\/www.hotel-louis2.com\/it\/#website","url":"https:\/\/www.hotel-louis2.com\/it\/","name":"H\u00f4tel Louis 2","description":"Just another ms.decms.eu site","potentialAction":[{"@type":"SearchAction","target":{"@type":"EntryPoint","urlTemplate":"https:\/\/www.hotel-louis2.com\/it\/?s={search_term_string}"},"query-input":{"@type":"PropertyValueSpecification","valueRequired":true,"valueName":"search_term_string"}}],"inLanguage":"it-IT"}]}},"acf":[],"_links":{"self":[{"href":"https:\/\/www.hotel-louis2.com\/it\/wp-json\/wp\/v2\/pages\/679","targetHints":{"allow":["GET"]}}],"collection":[{"href":"https:\/\/www.hotel-louis2.com\/it\/wp-json\/wp\/v2\/pages"}],"about":[{"href":"https:\/\/www.hotel-louis2.com\/it\/wp-json\/wp\/v2\/types\/page"}],"author":[{"embeddable":true,"href":"https:\/\/www.hotel-louis2.com\/it\/wp-json\/wp\/v2\/users\/5"}],"replies":[{"embeddable":true,"href":"https:\/\/www.hotel-louis2.com\/it\/wp-json\/wp\/v2\/comments?post=679"}],"version-history":[{"count":0,"href":"https:\/\/www.hotel-louis2.com\/it\/wp-json\/wp\/v2\/pages\/679\/revisions"}],"wp:attachment":[{"href":"https:\/\/www.hotel-louis2.com\/it\/wp-json\/wp\/v2\/media?parent=679"}],"curies":[{"name":"wp","href":"https:\/\/api.w.org\/{rel}","templated":true}]}}